{"id":8777,"date":"2023-10-17T10:51:03","date_gmt":"2023-10-17T08:51:03","guid":{"rendered":"https:\/\/www.gs-oepfershausen.de\/?page_id=8777"},"modified":"2026-03-12T11:41:02","modified_gmt":"2026-03-12T09:41:02","slug":"arbeitsgemeinschaften","status":"publish","type":"page","link":"https:\/\/www.gs-oepfershausen.de\/?page_id=8777","title":{"rendered":"Arbeitsgemeinschaften"},"content":{"rendered":"<p>Schon seit vielen Jahren werden an unserer Grundschule Arbeitsgemeinschaften angeboten.<\/p>\n<p>Immer zu Beginn eines neuen Schuljahres, manchmal auch zum Beginn des 2. Halbjahres k\u00f6nnen sich die Kinder von der 1. bis 4. Klasse in angebotene Kurse einw\u00e4hlen, die an verschiedenen Tagen nach dem Unterricht stattfinden. Diese finden auf dem Schulgel\u00e4nde, in der Turnhalle, in Klassenr\u00e4umen, in der Bibliothek, aber auch im NAM, in der Kunststation oder teilweise auch in der ortsans\u00e4ssigen Feuerwehr statt.<\/p>\n<p>Diese Angebote sind vielf\u00e4ltig und sprechen eine Reihe von Interessen an.<\/p>\n<p>Die aktuellen Angebote sowie die, der vergangenen Jahre reichen von dem Erlernen des Tastenschreibens mit 10 Fingern, \u00fcber Handarbeit mit Strick- und H\u00e4kelnadel, verschiedene Sportangebote wie Yoga, Fu\u00dfball, &#8222;Ringen statt Raufen&#8220;, k\u00fcnstlerische Kurse, die von Mitarbeitern der Kunststation geleitet werden, \u201eJunior Ranger\u201c durchgef\u00fchrt von Mitarbeitern des Biosph\u00e4renreservats Rh\u00f6n, 1. Hilfe, Feuerwehr und vieles andere mehr.<\/p>\n<p>&nbsp;<\/p>\n\n\t\t<style type=\"text\/css\">\n\t\t\t#gallery-1 {\n\t\t\t\tmargin: auto;\n\t\t\t}\n\t\t\t#gallery-1 .gallery-item {\n\t\t\t\tfloat: left;\n\t\t\t\tmargin-top: 10px;\n\t\t\t\ttext-align: center;\n\t\t\t\twidth: 33%;\n\t\t\t}\n\t\t\t#gallery-1 img {\n\t\t\t\tborder: 2px solid #cfcfcf;\n\t\t\t}\n\t\t\t#gallery-1 .gallery-caption {\n\t\t\t\tmargin-left: 0;\n\t\t\t}\n\t\t\t\/* see gallery_shortcode() in wp-includes\/media.php *\/\n\t\t<\/style>\n\t\t<div id='gallery-1' class='gallery galleryid-8777 gallery-columns-3 gallery-size-thumbnail'><dl class='gallery-item'>\n\t\t\t<dt class='gallery-icon portrait'>\n\t\t\t\t<a href=\"https:\/\/www.gs-oepfershausen.de\/wp-content\/uploads\/2023\/11\/Holz-saegen-scaled.jpg\" data-rel=\"lightbox-gallery-KBxeJv3U\" data-rl_title=\"Holz s\u00e4gen\" data-rl_caption=\"\" title=\"Holz s\u00e4gen\"><img loading=\"lazy\" decoding=\"async\" width=\"150\" height=\"150\" src=\"https:\/\/www.gs-oepfershausen.de\/wp-content\/uploads\/2023\/11\/Holz-saegen-150x150.jpg\" class=\"attachment-thumbnail size-thumbnail\" alt=\"\" \/><\/a>\n\t\t\t<\/dt><\/dl><dl class='gallery-item'>\n\t\t\t<dt class='gallery-icon landscape'>\n\t\t\t\t<a href=\"https:\/\/www.gs-oepfershausen.de\/wp-content\/uploads\/2023\/11\/1700147550840-scaled.jpg\" data-rel=\"lightbox-gallery-KBxeJv3U\" data-rl_title=\"1700147550840\" data-rl_caption=\"\" title=\"1700147550840\"><img loading=\"lazy\" decoding=\"async\" width=\"150\" height=\"150\" src=\"https:\/\/www.gs-oepfershausen.de\/wp-content\/uploads\/2023\/11\/1700147550840-150x150.jpg\" class=\"attachment-thumbnail size-thumbnail\" alt=\"\" srcset=\"https:\/\/www.gs-oepfershausen.de\/wp-content\/uploads\/2023\/11\/1700147550840-150x150.jpg 150w, https:\/\/www.gs-oepfershausen.de\/wp-content\/uploads\/2023\/11\/1700147550840-300x300.jpg 300w, https:\/\/www.gs-oepfershausen.de\/wp-content\/uploads\/2023\/11\/1700147550840-1024x1024.jpg 1024w, https:\/\/www.gs-oepfershausen.de\/wp-content\/uploads\/2023\/11\/1700147550840-1536x1536.jpg 1536w, https:\/\/www.gs-oepfershausen.de\/wp-content\/uploads\/2023\/11\/1700147550840-2048x2048.jpg 2048w\" sizes=\"auto, (max-width: 150px) 100vw, 150px\" \/><\/a>\n\t\t\t<\/dt><\/dl><dl class='gallery-item'>\n\t\t\t<dt class='gallery-icon portrait'>\n\t\t\t\t<a href=\"https:\/\/www.gs-oepfershausen.de\/wp-content\/uploads\/2024\/05\/IMG_20221123_130940-scaled.jpg\" data-rel=\"lightbox-gallery-KBxeJv3U\" data-rl_title=\"rpt\" data-rl_caption=\"\" title=\"rpt\"><img loading=\"lazy\" decoding=\"async\" width=\"150\" height=\"150\" src=\"https:\/\/www.gs-oepfershausen.de\/wp-content\/uploads\/2024\/05\/IMG_20221123_130940-150x150.jpg\" class=\"attachment-thumbnail size-thumbnail\" alt=\"\" \/><\/a>\n\t\t\t<\/dt><\/dl><br style=\"clear: both\" \/><dl class='gallery-item'>\n\t\t\t<dt class='gallery-icon portrait'>\n\t\t\t\t<a href=\"https:\/\/www.gs-oepfershausen.de\/wp-content\/uploads\/2024\/05\/IMG-20230607-WA0011.jpg\" data-rel=\"lightbox-gallery-KBxeJv3U\" data-rl_title=\"IMG-20230607-WA0011\" data-rl_caption=\"\" title=\"IMG-20230607-WA0011\"><img loading=\"lazy\" decoding=\"async\" width=\"150\" height=\"150\" src=\"https:\/\/www.gs-oepfershausen.de\/wp-content\/uploads\/2024\/05\/IMG-20230607-WA0011-150x150.jpg\" class=\"attachment-thumbnail size-thumbnail\" alt=\"\" \/><\/a>\n\t\t\t<\/dt><\/dl><dl class='gallery-item'>\n\t\t\t<dt class='gallery-icon landscape'>\n\t\t\t\t<a href=\"https:\/\/www.gs-oepfershausen.de\/wp-content\/uploads\/2024\/05\/IMG_20220914_130032-scaled.jpg\" data-rel=\"lightbox-gallery-KBxeJv3U\" data-rl_title=\"IMG_20220914_130032\" data-rl_caption=\"\" title=\"IMG_20220914_130032\"><img loading=\"lazy\" decoding=\"async\" width=\"150\" height=\"150\" src=\"https:\/\/www.gs-oepfershausen.de\/wp-content\/uploads\/2024\/05\/IMG_20220914_130032-150x150.jpg\" class=\"attachment-thumbnail size-thumbnail\" alt=\"\" \/><\/a>\n\t\t\t<\/dt><\/dl><dl class='gallery-item'>\n\t\t\t<dt class='gallery-icon landscape'>\n\t\t\t\t<a href=\"https:\/\/www.gs-oepfershausen.de\/wp-content\/uploads\/2024\/04\/IMG-20240321-WA0004.jpg\" data-rel=\"lightbox-gallery-KBxeJv3U\" data-rl_title=\"IMG-20240321-WA0004\" data-rl_caption=\"\" title=\"IMG-20240321-WA0004\"><img loading=\"lazy\" decoding=\"async\" width=\"150\" height=\"150\" src=\"https:\/\/www.gs-oepfershausen.de\/wp-content\/uploads\/2024\/04\/IMG-20240321-WA0004-150x150.jpg\" class=\"attachment-thumbnail size-thumbnail\" alt=\"\" \/><\/a>\n\t\t\t<\/dt><\/dl><br style=\"clear: both\" \/>\n\t\t<\/div>\n\n<p>Das Interesse der Grundsch\u00fcler ist sehr gro\u00df, sodass die Nachfrage oft die angebotene Gruppenst\u00e4rke \u00fcbersteigt.<\/p>\n<p>Nicht selten nehmen die Kinder unter der Woche auch an mehreren Arbeitsgemeinschaften teil.<\/p>\n<p>&nbsp;<\/p>\n","protected":false},"excerpt":{"rendered":"<p>Schon seit vielen Jahren werden an unserer Grundschule Arbeitsgemeinschaften angeboten. Immer zu Beginn eines neuen Schuljahres, manchmal auch zum Beginn des 2. Halbjahres k\u00f6nnen sich die Kinder von der 1. bis 4. Klasse in angebotene Kurse einw\u00e4hlen, die an verschiedenen Tagen nach dem Unterricht stattfinden. Diese finden auf dem Schulgel\u00e4nde, in der Turnhalle, in Klassenr\u00e4umen, [&hellip;]<\/p>\n","protected":false},"author":7,"featured_media":0,"parent":235,"menu_order":3,"comment_status":"closed","ping_status":"closed","template":"","meta":{"footnotes":""},"class_list":["post-8777","page","type-page","status-publish","hentry"],"yoast_head":"<!-- This site is optimized with the Yoast SEO plugin v27.5 - https:\/\/yoast.com\/product\/yoast-seo-wordpress\/ -->\n<title>Arbeitsgemeinschaften - Grundschule Oepfershausen<\/title>\n<meta name=\"robots\" content=\"index, follow, max-snippet:-1, max-image-preview:large, max-video-preview:-1\" \/>\n<link rel=\"canonical\" href=\"https:\/\/www.gs-oepfershausen.de\/?page_id=8777\" \/>\n<meta property=\"og:locale\" content=\"de_DE\" \/>\n<meta property=\"og:type\" content=\"article\" \/>\n<meta property=\"og:title\" content=\"Arbeitsgemeinschaften - Grundschule Oepfershausen\" \/>\n<meta property=\"og:description\" content=\"Schon seit vielen Jahren werden an unserer Grundschule Arbeitsgemeinschaften angeboten. Immer zu Beginn eines neuen Schuljahres, manchmal auch zum Beginn des 2. Halbjahres k\u00f6nnen sich die Kinder von der 1. bis 4. Klasse in angebotene Kurse einw\u00e4hlen, die an verschiedenen Tagen nach dem Unterricht stattfinden. Diese finden auf dem Schulgel\u00e4nde, in der Turnhalle, in Klassenr\u00e4umen, [&hellip;]\" \/>\n<meta property=\"og:url\" content=\"https:\/\/www.gs-oepfershausen.de\/?page_id=8777\" \/>\n<meta property=\"og:site_name\" content=\"Grundschule Oepfershausen\" \/>\n<meta property=\"article:modified_time\" content=\"2026-03-12T09:41:02+00:00\" \/>\n<meta property=\"og:image\" content=\"https:\/\/www.gs-oepfershausen.de\/wp-content\/uploads\/2023\/11\/Holz-saegen-150x150.jpg\" \/>\n<meta name=\"twitter:card\" content=\"summary_large_image\" \/>\n<meta name=\"twitter:label1\" content=\"Gesch\u00e4tzte Lesezeit\" \/>\n\t<meta name=\"twitter:data1\" content=\"2\u00a0Minuten\" \/>\n<script type=\"application\/ld+json\" class=\"yoast-schema-graph\">{\"@context\":\"https:\\\/\\\/schema.org\",\"@graph\":[{\"@type\":\"WebPage\",\"@id\":\"https:\\\/\\\/www.gs-oepfershausen.de\\\/?page_id=8777\",\"url\":\"https:\\\/\\\/www.gs-oepfershausen.de\\\/?page_id=8777\",\"name\":\"Arbeitsgemeinschaften - Grundschule Oepfershausen\",\"isPartOf\":{\"@id\":\"https:\\\/\\\/www.gs-oepfershausen.de\\\/#website\"},\"datePublished\":\"2023-10-17T08:51:03+00:00\",\"dateModified\":\"2026-03-12T09:41:02+00:00\",\"breadcrumb\":{\"@id\":\"https:\\\/\\\/www.gs-oepfershausen.de\\\/?page_id=8777#breadcrumb\"},\"inLanguage\":\"de\",\"potentialAction\":[{\"@type\":\"ReadAction\",\"target\":[\"https:\\\/\\\/www.gs-oepfershausen.de\\\/?page_id=8777\"]}]},{\"@type\":\"BreadcrumbList\",\"@id\":\"https:\\\/\\\/www.gs-oepfershausen.de\\\/?page_id=8777#breadcrumb\",\"itemListElement\":[{\"@type\":\"ListItem\",\"position\":1,\"name\":\"Home\",\"item\":\"https:\\\/\\\/www.gs-oepfershausen.de\\\/\"},{\"@type\":\"ListItem\",\"position\":2,\"name\":\"Schulleben\",\"item\":\"https:\\\/\\\/www.gs-oepfershausen.de\\\/?page_id=235\"},{\"@type\":\"ListItem\",\"position\":3,\"name\":\"Arbeitsgemeinschaften\"}]},{\"@type\":\"WebSite\",\"@id\":\"https:\\\/\\\/www.gs-oepfershausen.de\\\/#website\",\"url\":\"https:\\\/\\\/www.gs-oepfershausen.de\\\/\",\"name\":\"Grundschule Oepfershausen\",\"description\":\"\",\"potentialAction\":[{\"@type\":\"SearchAction\",\"target\":{\"@type\":\"EntryPoint\",\"urlTemplate\":\"https:\\\/\\\/www.gs-oepfershausen.de\\\/?s={search_term_string}\"},\"query-input\":{\"@type\":\"PropertyValueSpecification\",\"valueRequired\":true,\"valueName\":\"search_term_string\"}}],\"inLanguage\":\"de\"}]}<\/script>\n<!-- \/ Yoast SEO plugin. -->","yoast_head_json":{"title":"Arbeitsgemeinschaften - Grundschule Oepfershausen","robots":{"index":"index","follow":"follow","max-snippet":"max-snippet:-1","max-image-preview":"max-image-preview:large","max-video-preview":"max-video-preview:-1"},"canonical":"https:\/\/www.gs-oepfershausen.de\/?page_id=8777","og_locale":"de_DE","og_type":"article","og_title":"Arbeitsgemeinschaften - Grundschule Oepfershausen","og_description":"Schon seit vielen Jahren werden an unserer Grundschule Arbeitsgemeinschaften angeboten. Immer zu Beginn eines neuen Schuljahres, manchmal auch zum Beginn des 2. Halbjahres k\u00f6nnen sich die Kinder von der 1. bis 4. Klasse in angebotene Kurse einw\u00e4hlen, die an verschiedenen Tagen nach dem Unterricht stattfinden. Diese finden auf dem Schulgel\u00e4nde, in der Turnhalle, in Klassenr\u00e4umen, [&hellip;]","og_url":"https:\/\/www.gs-oepfershausen.de\/?page_id=8777","og_site_name":"Grundschule Oepfershausen","article_modified_time":"2026-03-12T09:41:02+00:00","og_image":[{"url":"https:\/\/www.gs-oepfershausen.de\/wp-content\/uploads\/2023\/11\/Holz-saegen-150x150.jpg","type":"","width":"","height":""}],"twitter_card":"summary_large_image","twitter_misc":{"Gesch\u00e4tzte Lesezeit":"2\u00a0Minuten"},"schema":{"@context":"https:\/\/schema.org","@graph":[{"@type":"WebPage","@id":"https:\/\/www.gs-oepfershausen.de\/?page_id=8777","url":"https:\/\/www.gs-oepfershausen.de\/?page_id=8777","name":"Arbeitsgemeinschaften - Grundschule Oepfershausen","isPartOf":{"@id":"https:\/\/www.gs-oepfershausen.de\/#website"},"datePublished":"2023-10-17T08:51:03+00:00","dateModified":"2026-03-12T09:41:02+00:00","breadcrumb":{"@id":"https:\/\/www.gs-oepfershausen.de\/?page_id=8777#breadcrumb"},"inLanguage":"de","potentialAction":[{"@type":"ReadAction","target":["https:\/\/www.gs-oepfershausen.de\/?page_id=8777"]}]},{"@type":"BreadcrumbList","@id":"https:\/\/www.gs-oepfershausen.de\/?page_id=8777#breadcrumb","itemListElement":[{"@type":"ListItem","position":1,"name":"Home","item":"https:\/\/www.gs-oepfershausen.de\/"},{"@type":"ListItem","position":2,"name":"Schulleben","item":"https:\/\/www.gs-oepfershausen.de\/?page_id=235"},{"@type":"ListItem","position":3,"name":"Arbeitsgemeinschaften"}]},{"@type":"WebSite","@id":"https:\/\/www.gs-oepfershausen.de\/#website","url":"https:\/\/www.gs-oepfershausen.de\/","name":"Grundschule Oepfershausen","description":"","potentialAction":[{"@type":"SearchAction","target":{"@type":"EntryPoint","urlTemplate":"https:\/\/www.gs-oepfershausen.de\/?s={search_term_string}"},"query-input":{"@type":"PropertyValueSpecification","valueRequired":true,"valueName":"search_term_string"}}],"inLanguage":"de"}]}},"_links":{"self":[{"href":"https:\/\/www.gs-oepfershausen.de\/index.php?rest_route=\/wp\/v2\/pages\/8777","targetHints":{"allow":["GET"]}}],"collection":[{"href":"https:\/\/www.gs-oepfershausen.de\/index.php?rest_route=\/wp\/v2\/pages"}],"about":[{"href":"https:\/\/www.gs-oepfershausen.de\/index.php?rest_route=\/wp\/v2\/types\/page"}],"author":[{"embeddable":true,"href":"https:\/\/www.gs-oepfershausen.de\/index.php?rest_route=\/wp\/v2\/users\/7"}],"replies":[{"embeddable":true,"href":"https:\/\/www.gs-oepfershausen.de\/index.php?rest_route=%2Fwp%2Fv2%2Fcomments&post=8777"}],"version-history":[{"count":18,"href":"https:\/\/www.gs-oepfershausen.de\/index.php?rest_route=\/wp\/v2\/pages\/8777\/revisions"}],"predecessor-version":[{"id":11931,"href":"https:\/\/www.gs-oepfershausen.de\/index.php?rest_route=\/wp\/v2\/pages\/8777\/revisions\/11931"}],"up":[{"embeddable":true,"href":"https:\/\/www.gs-oepfershausen.de\/index.php?rest_route=\/wp\/v2\/pages\/235"}],"wp:attachment":[{"href":"https:\/\/www.gs-oepfershausen.de\/index.php?rest_route=%2Fwp%2Fv2%2Fmedia&parent=8777"}],"curies":[{"name":"wp","href":"https:\/\/api.w.org\/{rel}","templated":true}]}}