{"id":860,"date":"2016-08-23T15:04:36","date_gmt":"2016-08-23T15:04:36","guid":{"rendered":"http:\/\/www.gs-oepfershausen.de\/?page_id=860"},"modified":"2025-09-22T15:04:44","modified_gmt":"2025-09-22T13:04:44","slug":"mittagsversorgung","status":"publish","type":"page","link":"https:\/\/www.gs-oepfershausen.de\/?page_id=860","title":{"rendered":"Mittagsversorgung"},"content":{"rendered":"<p>Essen auf R\u00e4dern<br \/>Rh\u00f6nk\u00fcche Kaltenlengsfeld<br \/>Inhaberin: Annette Gottbeh\u00fct<br \/>Tel.: 036966\/85108 priv.:036966\/7358<\/p>\r\n<p>&nbsp;<\/p>\r\n<h4>Ab September 2025 wird die Bestellung des Mittagessens bei der Rh\u00f6nk\u00fcche online erfolgen.<\/h4>\r\n<p>&#8211; Kind bitte bis sp\u00e4testens zum 1. September anmelden<br \/>&#8211; Kind soll <strong><em><span style=\"color: #ff6600;\">nicht<\/span><\/em> <\/strong>am Mittagessen <strong><em><span style=\"color: #ff6600;\">teilnehmen<\/span><\/em><\/strong>, <br \/>\u00a0 \u00a0<em><strong><span style=\"color: #ff0000;\">Abmeldung durch Eltern<\/span><\/strong><\/em> bis sp\u00e4testens 7.45 Uhr am jeweiligen Tag m\u00f6glich<br \/>&#8211;\u00a0<u>Schlie\u00dfzeiten:<\/u> Schule meldet das Essen f\u00fcr alle Kinder ab<br \/>&#8211; <u>Ferienzeiten mit Hortbetreuung:<\/u><span style=\"color: #ff0000;\"><strong><em>\u00a0Abmeldung durch Eltern<\/em><\/strong><span style=\"color: #000000;\">,<\/span><\/span> <br \/>\u00a0 auch wenn das Kind den Ferienhort nicht besucht bzw. <em><strong>kein Hortkind<\/strong><\/em> ist<\/p>\r\n<ul>\r\n<li>keine telefonische Abmeldung in der Rh\u00f6nk\u00fcche, keine Information mit Zettel in der Schule\u00a0<\/li>\r\n<\/ul>\r\n<p>&nbsp;<\/p>\r\n<p><a href=\"https:\/\/www.gs-oepfershausen.de\/wp-content\/uploads\/2025\/08\/Anschreiben-Website.pdf\">Rh\u00f6nk\u00fcche: Information zum Internetauftritt<\/a><\/p>\r\n<p>&nbsp;<\/p>\r\n<h3><span style=\"color: #ff0000;\"><a style=\"color: #ff0000;\" href=\"https:\/\/rhoenkueche.de\/speiseplan\">Speiseplan<\/a><\/span><\/h3>\r\n<p>&nbsp;<\/p>\r\n<p>&nbsp;<\/p>\r\n<p><a href=\"https:\/\/www.gs-oepfershausen.de\/wp-content\/uploads\/2025\/06\/Sepa-Mandat.pdf\">Sepa Lastschriftmandat<\/a> (Einzugserm\u00e4chtigung)<\/p>\r\n<p>&nbsp;<\/p>\r\n<p>Wenn Sie hier keinen aktuellen Speiseplan finden, wurde uns dieser leider nicht \u00fcbermittelt.<\/p>\r\n<p>&nbsp;<\/p>\r\n<p>&nbsp;<\/p>\r\n<p><a href=\"https:\/\/www.gs-oepfershausen.de\/wp-content\/uploads\/2016\/08\/IMGP0167-400x267.jpg\" data-rel=\"lightbox-gallery-walOZ0Qt\" data-rl_title=\"PENTAX DIGITAL CAMERA\" data-rl_caption=\"\" title=\"PENTAX DIGITAL CAMERA\"><img loading=\"lazy\" decoding=\"async\" class=\"alignnone wp-image-873 size-medium\" src=\"https:\/\/www.gs-oepfershausen.de\/wp-content\/uploads\/2016\/08\/IMGP0167-400x267-300x200.jpg\" width=\"300\" height=\"200\" srcset=\"https:\/\/www.gs-oepfershausen.de\/wp-content\/uploads\/2016\/08\/IMGP0167-400x267-300x200.jpg 300w, https:\/\/www.gs-oepfershausen.de\/wp-content\/uploads\/2016\/08\/IMGP0167-400x267.jpg 400w\" sizes=\"auto, (max-width: 300px) 100vw, 300px\" \/><\/a><\/p>\r\n\r\n<p>&nbsp;<\/p>\r\n\r\n\r\n\r\n<p>&nbsp;<\/p>\r\n","protected":false},"excerpt":{"rendered":"<p>Essen auf R\u00e4dernRh\u00f6nk\u00fcche KaltenlengsfeldInhaberin: Annette Gottbeh\u00fctTel.: 036966\/85108 priv.:036966\/7358 &nbsp; Ab September 2025 wird die Bestellung des Mittagessens bei der Rh\u00f6nk\u00fcche online erfolgen. &#8211; Kind bitte bis sp\u00e4testens zum 1. September anmelden&#8211; Kind soll nicht am Mittagessen teilnehmen, \u00a0 \u00a0Abmeldung durch Eltern bis sp\u00e4testens 7.45 Uhr am jeweiligen Tag m\u00f6glich&#8211;\u00a0Schlie\u00dfzeiten: Schule meldet das Essen f\u00fcr alle [&hellip;]<\/p>\n","protected":false},"author":7,"featured_media":0,"parent":845,"menu_order":440,"comment_status":"closed","ping_status":"closed","template":"","meta":{"footnotes":""},"class_list":["post-860","page","type-page","status-publish","hentry"],"yoast_head":"<!-- This site is optimized with the Yoast SEO plugin v27.4 - https:\/\/yoast.com\/product\/yoast-seo-wordpress\/ -->\n<title>Mittagsversorgung - Grundschule Oepfershausen<\/title>\n<meta name=\"robots\" content=\"index, follow, max-snippet:-1, max-image-preview:large, max-video-preview:-1\" \/>\n<link rel=\"canonical\" href=\"https:\/\/www.gs-oepfershausen.de\/?page_id=860\" \/>\n<meta property=\"og:locale\" content=\"de_DE\" \/>\n<meta property=\"og:type\" content=\"article\" \/>\n<meta property=\"og:title\" content=\"Mittagsversorgung - Grundschule Oepfershausen\" \/>\n<meta property=\"og:description\" content=\"Essen auf R\u00e4dernRh\u00f6nk\u00fcche KaltenlengsfeldInhaberin: Annette Gottbeh\u00fctTel.: 036966\/85108 priv.:036966\/7358 &nbsp; Ab September 2025 wird die Bestellung des Mittagessens bei der Rh\u00f6nk\u00fcche online erfolgen. &#8211; Kind bitte bis sp\u00e4testens zum 1. September anmelden&#8211; Kind soll nicht am Mittagessen teilnehmen, \u00a0 \u00a0Abmeldung durch Eltern bis sp\u00e4testens 7.45 Uhr am jeweiligen Tag m\u00f6glich&#8211;\u00a0Schlie\u00dfzeiten: Schule meldet das Essen f\u00fcr alle [&hellip;]\" \/>\n<meta property=\"og:url\" content=\"https:\/\/www.gs-oepfershausen.de\/?page_id=860\" \/>\n<meta property=\"og:site_name\" content=\"Grundschule Oepfershausen\" \/>\n<meta property=\"article:modified_time\" content=\"2025-09-22T13:04:44+00:00\" \/>\n<meta property=\"og:image\" content=\"https:\/\/www.gs-oepfershausen.de\/wp-content\/uploads\/2016\/08\/IMGP0167-400x267-300x200.jpg\" \/>\n<meta name=\"twitter:card\" content=\"summary_large_image\" \/>\n<meta name=\"twitter:label1\" content=\"Gesch\u00e4tzte Lesezeit\" \/>\n\t<meta name=\"twitter:data1\" content=\"1\u00a0Minute\" \/>\n<script type=\"application\/ld+json\" class=\"yoast-schema-graph\">{\"@context\":\"https:\\\/\\\/schema.org\",\"@graph\":[{\"@type\":\"WebPage\",\"@id\":\"https:\\\/\\\/www.gs-oepfershausen.de\\\/?page_id=860\",\"url\":\"https:\\\/\\\/www.gs-oepfershausen.de\\\/?page_id=860\",\"name\":\"Mittagsversorgung - Grundschule Oepfershausen\",\"isPartOf\":{\"@id\":\"https:\\\/\\\/www.gs-oepfershausen.de\\\/#website\"},\"primaryImageOfPage\":{\"@id\":\"https:\\\/\\\/www.gs-oepfershausen.de\\\/?page_id=860#primaryimage\"},\"image\":{\"@id\":\"https:\\\/\\\/www.gs-oepfershausen.de\\\/?page_id=860#primaryimage\"},\"thumbnailUrl\":\"https:\\\/\\\/www.gs-oepfershausen.de\\\/wp-content\\\/uploads\\\/2016\\\/08\\\/IMGP0167-400x267-300x200.jpg\",\"datePublished\":\"2016-08-23T15:04:36+00:00\",\"dateModified\":\"2025-09-22T13:04:44+00:00\",\"breadcrumb\":{\"@id\":\"https:\\\/\\\/www.gs-oepfershausen.de\\\/?page_id=860#breadcrumb\"},\"inLanguage\":\"de\",\"potentialAction\":[{\"@type\":\"ReadAction\",\"target\":[\"https:\\\/\\\/www.gs-oepfershausen.de\\\/?page_id=860\"]}]},{\"@type\":\"ImageObject\",\"inLanguage\":\"de\",\"@id\":\"https:\\\/\\\/www.gs-oepfershausen.de\\\/?page_id=860#primaryimage\",\"url\":\"https:\\\/\\\/www.gs-oepfershausen.de\\\/wp-content\\\/uploads\\\/2016\\\/08\\\/IMGP0167-400x267.jpg\",\"contentUrl\":\"https:\\\/\\\/www.gs-oepfershausen.de\\\/wp-content\\\/uploads\\\/2016\\\/08\\\/IMGP0167-400x267.jpg\",\"width\":400,\"height\":267,\"caption\":\"PENTAX DIGITAL CAMERA\"},{\"@type\":\"BreadcrumbList\",\"@id\":\"https:\\\/\\\/www.gs-oepfershausen.de\\\/?page_id=860#breadcrumb\",\"itemListElement\":[{\"@type\":\"ListItem\",\"position\":1,\"name\":\"Home\",\"item\":\"https:\\\/\\\/www.gs-oepfershausen.de\\\/\"},{\"@type\":\"ListItem\",\"position\":2,\"name\":\"Informationen\",\"item\":\"https:\\\/\\\/www.gs-oepfershausen.de\\\/?page_id=845\"},{\"@type\":\"ListItem\",\"position\":3,\"name\":\"Mittagsversorgung\"}]},{\"@type\":\"WebSite\",\"@id\":\"https:\\\/\\\/www.gs-oepfershausen.de\\\/#website\",\"url\":\"https:\\\/\\\/www.gs-oepfershausen.de\\\/\",\"name\":\"Grundschule Oepfershausen\",\"description\":\"\",\"potentialAction\":[{\"@type\":\"SearchAction\",\"target\":{\"@type\":\"EntryPoint\",\"urlTemplate\":\"https:\\\/\\\/www.gs-oepfershausen.de\\\/?s={search_term_string}\"},\"query-input\":{\"@type\":\"PropertyValueSpecification\",\"valueRequired\":true,\"valueName\":\"search_term_string\"}}],\"inLanguage\":\"de\"}]}<\/script>\n<!-- \/ Yoast SEO plugin. -->","yoast_head_json":{"title":"Mittagsversorgung - Grundschule Oepfershausen","robots":{"index":"index","follow":"follow","max-snippet":"max-snippet:-1","max-image-preview":"max-image-preview:large","max-video-preview":"max-video-preview:-1"},"canonical":"https:\/\/www.gs-oepfershausen.de\/?page_id=860","og_locale":"de_DE","og_type":"article","og_title":"Mittagsversorgung - Grundschule Oepfershausen","og_description":"Essen auf R\u00e4dernRh\u00f6nk\u00fcche KaltenlengsfeldInhaberin: Annette Gottbeh\u00fctTel.: 036966\/85108 priv.:036966\/7358 &nbsp; Ab September 2025 wird die Bestellung des Mittagessens bei der Rh\u00f6nk\u00fcche online erfolgen. &#8211; Kind bitte bis sp\u00e4testens zum 1. September anmelden&#8211; Kind soll nicht am Mittagessen teilnehmen, \u00a0 \u00a0Abmeldung durch Eltern bis sp\u00e4testens 7.45 Uhr am jeweiligen Tag m\u00f6glich&#8211;\u00a0Schlie\u00dfzeiten: Schule meldet das Essen f\u00fcr alle [&hellip;]","og_url":"https:\/\/www.gs-oepfershausen.de\/?page_id=860","og_site_name":"Grundschule Oepfershausen","article_modified_time":"2025-09-22T13:04:44+00:00","og_image":[{"url":"https:\/\/www.gs-oepfershausen.de\/wp-content\/uploads\/2016\/08\/IMGP0167-400x267-300x200.jpg","type":"","width":"","height":""}],"twitter_card":"summary_large_image","twitter_misc":{"Gesch\u00e4tzte Lesezeit":"1\u00a0Minute"},"schema":{"@context":"https:\/\/schema.org","@graph":[{"@type":"WebPage","@id":"https:\/\/www.gs-oepfershausen.de\/?page_id=860","url":"https:\/\/www.gs-oepfershausen.de\/?page_id=860","name":"Mittagsversorgung - Grundschule Oepfershausen","isPartOf":{"@id":"https:\/\/www.gs-oepfershausen.de\/#website"},"primaryImageOfPage":{"@id":"https:\/\/www.gs-oepfershausen.de\/?page_id=860#primaryimage"},"image":{"@id":"https:\/\/www.gs-oepfershausen.de\/?page_id=860#primaryimage"},"thumbnailUrl":"https:\/\/www.gs-oepfershausen.de\/wp-content\/uploads\/2016\/08\/IMGP0167-400x267-300x200.jpg","datePublished":"2016-08-23T15:04:36+00:00","dateModified":"2025-09-22T13:04:44+00:00","breadcrumb":{"@id":"https:\/\/www.gs-oepfershausen.de\/?page_id=860#breadcrumb"},"inLanguage":"de","potentialAction":[{"@type":"ReadAction","target":["https:\/\/www.gs-oepfershausen.de\/?page_id=860"]}]},{"@type":"ImageObject","inLanguage":"de","@id":"https:\/\/www.gs-oepfershausen.de\/?page_id=860#primaryimage","url":"https:\/\/www.gs-oepfershausen.de\/wp-content\/uploads\/2016\/08\/IMGP0167-400x267.jpg","contentUrl":"https:\/\/www.gs-oepfershausen.de\/wp-content\/uploads\/2016\/08\/IMGP0167-400x267.jpg","width":400,"height":267,"caption":"PENTAX DIGITAL CAMERA"},{"@type":"BreadcrumbList","@id":"https:\/\/www.gs-oepfershausen.de\/?page_id=860#breadcrumb","itemListElement":[{"@type":"ListItem","position":1,"name":"Home","item":"https:\/\/www.gs-oepfershausen.de\/"},{"@type":"ListItem","position":2,"name":"Informationen","item":"https:\/\/www.gs-oepfershausen.de\/?page_id=845"},{"@type":"ListItem","position":3,"name":"Mittagsversorgung"}]},{"@type":"WebSite","@id":"https:\/\/www.gs-oepfershausen.de\/#website","url":"https:\/\/www.gs-oepfershausen.de\/","name":"Grundschule Oepfershausen","description":"","potentialAction":[{"@type":"SearchAction","target":{"@type":"EntryPoint","urlTemplate":"https:\/\/www.gs-oepfershausen.de\/?s={search_term_string}"},"query-input":{"@type":"PropertyValueSpecification","valueRequired":true,"valueName":"search_term_string"}}],"inLanguage":"de"}]}},"_links":{"self":[{"href":"https:\/\/www.gs-oepfershausen.de\/index.php?rest_route=\/wp\/v2\/pages\/860","targetHints":{"allow":["GET"]}}],"collection":[{"href":"https:\/\/www.gs-oepfershausen.de\/index.php?rest_route=\/wp\/v2\/pages"}],"about":[{"href":"https:\/\/www.gs-oepfershausen.de\/index.php?rest_route=\/wp\/v2\/types\/page"}],"author":[{"embeddable":true,"href":"https:\/\/www.gs-oepfershausen.de\/index.php?rest_route=\/wp\/v2\/users\/7"}],"replies":[{"embeddable":true,"href":"https:\/\/www.gs-oepfershausen.de\/index.php?rest_route=%2Fwp%2Fv2%2Fcomments&post=860"}],"version-history":[{"count":375,"href":"https:\/\/www.gs-oepfershausen.de\/index.php?rest_route=\/wp\/v2\/pages\/860\/revisions"}],"predecessor-version":[{"id":11394,"href":"https:\/\/www.gs-oepfershausen.de\/index.php?rest_route=\/wp\/v2\/pages\/860\/revisions\/11394"}],"up":[{"embeddable":true,"href":"https:\/\/www.gs-oepfershausen.de\/index.php?rest_route=\/wp\/v2\/pages\/845"}],"wp:attachment":[{"href":"https:\/\/www.gs-oepfershausen.de\/index.php?rest_route=%2Fwp%2Fv2%2Fmedia&parent=860"}],"curies":[{"name":"wp","href":"https:\/\/api.w.org\/{rel}","templated":true}]}}