{"id":6960,"date":"2022-02-04T15:21:52","date_gmt":"2022-02-04T13:21:52","guid":{"rendered":"https:\/\/www.gs-oepfershausen.de\/?page_id=6960"},"modified":"2022-02-07T12:49:53","modified_gmt":"2022-02-07T10:49:53","slug":"heimatverbundenheit","status":"publish","type":"page","link":"https:\/\/www.gs-oepfershausen.de\/?page_id=6960","title":{"rendered":"Heimatverbundenheit"},"content":{"rendered":"<p>Mit regelm\u00e4\u00dfigen Ausfl\u00fcgen in unsere Region &#8211; z.B. auf den Ellenbogen zu Noahs Segel oder in die Erlebniswelt Rh\u00f6nwald mit der Arche, aber auch mit Wanderungen in der Schulumgebung &#8211; wollen wir den Sch\u00fclerinnen und Sch\u00fclern ihre Heimatregion nahebringen. Dieses Vorhaben wird rege durch regionale Partner bei Projekttagen unterst\u00fctzt. So finden regelm\u00e4\u00dfig Ausfl\u00fcge in den Wald statt oder es werden Streuobstwiesen und Hecken in der Schulumgebung erkundet. Die heimische Tier- und Pflanzenwelt steht dabei ebenfalls im Fokus.<\/p>\n\n\t\t<style type=\"text\/css\">\n\t\t\t#gallery-1 {\n\t\t\t\tmargin: auto;\n\t\t\t}\n\t\t\t#gallery-1 .gallery-item {\n\t\t\t\tfloat: left;\n\t\t\t\tmargin-top: 10px;\n\t\t\t\ttext-align: center;\n\t\t\t\twidth: 33%;\n\t\t\t}\n\t\t\t#gallery-1 img {\n\t\t\t\tborder: 2px solid #cfcfcf;\n\t\t\t}\n\t\t\t#gallery-1 .gallery-caption {\n\t\t\t\tmargin-left: 0;\n\t\t\t}\n\t\t\t\/* see gallery_shortcode() in wp-includes\/media.php *\/\n\t\t<\/style>\n\t\t<div id='gallery-1' class='gallery galleryid-6960 gallery-columns-3 gallery-size-thumbnail'><dl class='gallery-item'>\n\t\t\t<dt class='gallery-icon portrait'>\n\t\t\t\t<a href=\"https:\/\/www.gs-oepfershausen.de\/wp-content\/uploads\/2021\/10\/ea30bca2-f147-405d-b463-df3cf985437a.jpg\" data-rel=\"lightbox-gallery-VGzC0MEV\" data-rl_title=\"ea30bca2-f147-405d-b463-df3cf985437a\" data-rl_caption=\"\" title=\"ea30bca2-f147-405d-b463-df3cf985437a\"><img loading=\"lazy\" decoding=\"async\" width=\"150\" height=\"150\" src=\"https:\/\/www.gs-oepfershausen.de\/wp-content\/uploads\/2021\/10\/ea30bca2-f147-405d-b463-df3cf985437a-150x150.jpg\" class=\"attachment-thumbnail size-thumbnail\" alt=\"\" aria-describedby=\"gallery-1-6721\" \/><\/a>\n\t\t\t<\/dt>\n\t\t\t\t<dd class='wp-caption-text gallery-caption' id='gallery-1-6721'>\n\t\t\t\tWanderungen\n\t\t\t\t<\/dd><\/dl><dl class='gallery-item'>\n\t\t\t<dt class='gallery-icon portrait'>\n\t\t\t\t<a href=\"https:\/\/www.gs-oepfershausen.de\/wp-content\/uploads\/2019\/11\/Segel-.jpg\" data-rel=\"lightbox-gallery-VGzC0MEV\" data-rl_title=\"Segel\" data-rl_caption=\"\" title=\"Segel\"><img loading=\"lazy\" decoding=\"async\" width=\"150\" height=\"150\" src=\"https:\/\/www.gs-oepfershausen.de\/wp-content\/uploads\/2019\/11\/Segel--150x150.jpg\" class=\"attachment-thumbnail size-thumbnail\" alt=\"\" aria-describedby=\"gallery-1-3382\" \/><\/a>\n\t\t\t<\/dt>\n\t\t\t\t<dd class='wp-caption-text gallery-caption' id='gallery-1-3382'>\n\t\t\t\tNoahs Segel\n\t\t\t\t<\/dd><\/dl><dl class='gallery-item'>\n\t\t\t<dt class='gallery-icon landscape'>\n\t\t\t\t<a href=\"https:\/\/www.gs-oepfershausen.de\/wp-content\/uploads\/2021\/08\/1.png\" data-rel=\"lightbox-gallery-VGzC0MEV\" data-rl_title=\"\" data-rl_caption=\"\" title=\"\"><img loading=\"lazy\" decoding=\"async\" width=\"150\" height=\"150\" src=\"https:\/\/www.gs-oepfershausen.de\/wp-content\/uploads\/2021\/08\/1-150x150.png\" class=\"attachment-thumbnail size-thumbnail\" alt=\"\" aria-describedby=\"gallery-1-6247\" \/><\/a>\n\t\t\t<\/dt>\n\t\t\t\t<dd class='wp-caption-text gallery-caption' id='gallery-1-6247'>\n\t\t\t\tProjekttag mit Frau Gombert vom Landschaftspflegeverband\n\t\t\t\t<\/dd><\/dl><br style=\"clear: both\" \/>\n\t\t<\/div>\n\n<p>Besonders stolz sind wir auf den Kinderstadtf\u00fchrer f\u00fcr unsere Stadt Wasungen, der im Jahre 2021 in Zusammenarbeit mit der <a href=\"https:\/\/www.kunststation-oepfershausen.de\/\">Kunststation<\/a>, dem <a href=\"https:\/\/www.natur-aktiv-museum.de\/\">Natur-Aktiv-Museum<\/a>, der <a href=\"https:\/\/www.wasungen.de\/\">Stadt Wasungen<\/a> und der damaligen Klasse 4 entstand. Im <a href=\"https:\/\/www.wasungen.de\/kultur\/museen\/?L=0\">Damenstift<\/a> der Stadt Wasungen durften wir ebenfalls zu Gast sein und arbeiten.<\/p>\n\n\t\t<style type=\"text\/css\">\n\t\t\t#gallery-2 {\n\t\t\t\tmargin: auto;\n\t\t\t}\n\t\t\t#gallery-2 .gallery-item {\n\t\t\t\tfloat: left;\n\t\t\t\tmargin-top: 10px;\n\t\t\t\ttext-align: center;\n\t\t\t\twidth: 33%;\n\t\t\t}\n\t\t\t#gallery-2 img {\n\t\t\t\tborder: 2px solid #cfcfcf;\n\t\t\t}\n\t\t\t#gallery-2 .gallery-caption {\n\t\t\t\tmargin-left: 0;\n\t\t\t}\n\t\t\t\/* see gallery_shortcode() in wp-includes\/media.php *\/\n\t\t<\/style>\n\t\t<div id='gallery-2' class='gallery galleryid-6960 gallery-columns-3 gallery-size-thumbnail'><dl class='gallery-item'>\n\t\t\t<dt class='gallery-icon portrait'>\n\t\t\t\t<a href='https:\/\/www.gs-oepfershausen.de\/?attachment_id=6177'><img loading=\"lazy\" decoding=\"async\" width=\"150\" height=\"150\" src=\"https:\/\/www.gs-oepfershausen.de\/wp-content\/uploads\/2021\/07\/4-150x150.jpeg\" class=\"attachment-thumbnail size-thumbnail\" alt=\"\" aria-describedby=\"gallery-2-6177\" \/><\/a>\n\t\t\t<\/dt>\n\t\t\t\t<dd class='wp-caption-text gallery-caption' id='gallery-2-6177'>\n\t\t\t\tErkundungen\n\t\t\t\t<\/dd><\/dl><dl class='gallery-item'>\n\t\t\t<dt class='gallery-icon portrait'>\n\t\t\t\t<a href='https:\/\/www.gs-oepfershausen.de\/?attachment_id=6176'><img loading=\"lazy\" decoding=\"async\" width=\"150\" height=\"150\" src=\"https:\/\/www.gs-oepfershausen.de\/wp-content\/uploads\/2021\/07\/3-150x150.jpeg\" class=\"attachment-thumbnail size-thumbnail\" alt=\"\" aria-describedby=\"gallery-2-6176\" \/><\/a>\n\t\t\t<\/dt>\n\t\t\t\t<dd class='wp-caption-text gallery-caption' id='gallery-2-6176'>\n\t\t\t\tAbsprachen\n\t\t\t\t<\/dd><\/dl><dl class='gallery-item'>\n\t\t\t<dt class='gallery-icon landscape'>\n\t\t\t\t<a href='https:\/\/www.gs-oepfershausen.de\/?attachment_id=6218'><img loading=\"lazy\" decoding=\"async\" width=\"150\" height=\"150\" src=\"https:\/\/www.gs-oepfershausen.de\/wp-content\/uploads\/2021\/07\/Forscher-150x150.png\" class=\"attachment-thumbnail size-thumbnail\" alt=\"\" aria-describedby=\"gallery-2-6218\" \/><\/a>\n\t\t\t<\/dt>\n\t\t\t\t<dd class='wp-caption-text gallery-caption' id='gallery-2-6218'>\n\t\t\t\tFast fertig!\n\t\t\t\t<\/dd><\/dl><br style=\"clear: both\" \/>\n\t\t<\/div>\n\n<p>&nbsp;<\/p>\n","protected":false},"excerpt":{"rendered":"<p>Mit regelm\u00e4\u00dfigen Ausfl\u00fcgen in unsere Region &#8211; z.B. auf den Ellenbogen zu Noahs Segel oder in die Erlebniswelt Rh\u00f6nwald mit der Arche, aber auch mit Wanderungen in der Schulumgebung &#8211; wollen wir den Sch\u00fclerinnen und Sch\u00fclern ihre Heimatregion nahebringen. Dieses Vorhaben wird rege durch regionale Partner bei Projekttagen unterst\u00fctzt. So finden regelm\u00e4\u00dfig Ausfl\u00fcge in den [&hellip;]<\/p>\n","protected":false},"author":7,"featured_media":0,"parent":7002,"menu_order":300,"comment_status":"closed","ping_status":"closed","template":"","meta":{"footnotes":""},"class_list":["post-6960","page","type-page","status-publish","hentry"],"yoast_head":"<!-- This site is optimized with the Yoast SEO plugin v27.5 - https:\/\/yoast.com\/product\/yoast-seo-wordpress\/ -->\n<title>Heimatverbundenheit - Grundschule Oepfershausen<\/title>\n<meta name=\"robots\" content=\"index, follow, max-snippet:-1, max-image-preview:large, max-video-preview:-1\" \/>\n<link rel=\"canonical\" href=\"https:\/\/www.gs-oepfershausen.de\/?page_id=6960\" \/>\n<meta property=\"og:locale\" content=\"de_DE\" \/>\n<meta property=\"og:type\" content=\"article\" \/>\n<meta property=\"og:title\" content=\"Heimatverbundenheit - Grundschule Oepfershausen\" \/>\n<meta property=\"og:description\" content=\"Mit regelm\u00e4\u00dfigen Ausfl\u00fcgen in unsere Region &#8211; z.B. auf den Ellenbogen zu Noahs Segel oder in die Erlebniswelt Rh\u00f6nwald mit der Arche, aber auch mit Wanderungen in der Schulumgebung &#8211; wollen wir den Sch\u00fclerinnen und Sch\u00fclern ihre Heimatregion nahebringen. Dieses Vorhaben wird rege durch regionale Partner bei Projekttagen unterst\u00fctzt. So finden regelm\u00e4\u00dfig Ausfl\u00fcge in den [&hellip;]\" \/>\n<meta property=\"og:url\" content=\"https:\/\/www.gs-oepfershausen.de\/?page_id=6960\" \/>\n<meta property=\"og:site_name\" content=\"Grundschule Oepfershausen\" \/>\n<meta property=\"article:modified_time\" content=\"2022-02-07T10:49:53+00:00\" \/>\n<meta property=\"og:image\" content=\"https:\/\/www.gs-oepfershausen.de\/wp-content\/uploads\/2021\/10\/ea30bca2-f147-405d-b463-df3cf985437a-150x150.jpg\" \/>\n<meta name=\"twitter:card\" content=\"summary_large_image\" \/>\n<meta name=\"twitter:label1\" content=\"Gesch\u00e4tzte Lesezeit\" \/>\n\t<meta name=\"twitter:data1\" content=\"1\u00a0Minute\" \/>\n<script type=\"application\/ld+json\" class=\"yoast-schema-graph\">{\"@context\":\"https:\\\/\\\/schema.org\",\"@graph\":[{\"@type\":\"WebPage\",\"@id\":\"https:\\\/\\\/www.gs-oepfershausen.de\\\/?page_id=6960\",\"url\":\"https:\\\/\\\/www.gs-oepfershausen.de\\\/?page_id=6960\",\"name\":\"Heimatverbundenheit - Grundschule Oepfershausen\",\"isPartOf\":{\"@id\":\"https:\\\/\\\/www.gs-oepfershausen.de\\\/#website\"},\"datePublished\":\"2022-02-04T13:21:52+00:00\",\"dateModified\":\"2022-02-07T10:49:53+00:00\",\"breadcrumb\":{\"@id\":\"https:\\\/\\\/www.gs-oepfershausen.de\\\/?page_id=6960#breadcrumb\"},\"inLanguage\":\"de\",\"potentialAction\":[{\"@type\":\"ReadAction\",\"target\":[\"https:\\\/\\\/www.gs-oepfershausen.de\\\/?page_id=6960\"]}]},{\"@type\":\"BreadcrumbList\",\"@id\":\"https:\\\/\\\/www.gs-oepfershausen.de\\\/?page_id=6960#breadcrumb\",\"itemListElement\":[{\"@type\":\"ListItem\",\"position\":1,\"name\":\"Home\",\"item\":\"https:\\\/\\\/www.gs-oepfershausen.de\\\/\"},{\"@type\":\"ListItem\",\"position\":2,\"name\":\"Schulleben\",\"item\":\"https:\\\/\\\/www.gs-oepfershausen.de\\\/?page_id=235\"},{\"@type\":\"ListItem\",\"position\":3,\"name\":\"Unsere Schwerpunkte\",\"item\":\"https:\\\/\\\/www.gs-oepfershausen.de\\\/?page_id=7002\"},{\"@type\":\"ListItem\",\"position\":4,\"name\":\"Heimatverbundenheit\"}]},{\"@type\":\"WebSite\",\"@id\":\"https:\\\/\\\/www.gs-oepfershausen.de\\\/#website\",\"url\":\"https:\\\/\\\/www.gs-oepfershausen.de\\\/\",\"name\":\"Grundschule Oepfershausen\",\"description\":\"\",\"potentialAction\":[{\"@type\":\"SearchAction\",\"target\":{\"@type\":\"EntryPoint\",\"urlTemplate\":\"https:\\\/\\\/www.gs-oepfershausen.de\\\/?s={search_term_string}\"},\"query-input\":{\"@type\":\"PropertyValueSpecification\",\"valueRequired\":true,\"valueName\":\"search_term_string\"}}],\"inLanguage\":\"de\"}]}<\/script>\n<!-- \/ Yoast SEO plugin. -->","yoast_head_json":{"title":"Heimatverbundenheit - Grundschule Oepfershausen","robots":{"index":"index","follow":"follow","max-snippet":"max-snippet:-1","max-image-preview":"max-image-preview:large","max-video-preview":"max-video-preview:-1"},"canonical":"https:\/\/www.gs-oepfershausen.de\/?page_id=6960","og_locale":"de_DE","og_type":"article","og_title":"Heimatverbundenheit - Grundschule Oepfershausen","og_description":"Mit regelm\u00e4\u00dfigen Ausfl\u00fcgen in unsere Region &#8211; z.B. auf den Ellenbogen zu Noahs Segel oder in die Erlebniswelt Rh\u00f6nwald mit der Arche, aber auch mit Wanderungen in der Schulumgebung &#8211; wollen wir den Sch\u00fclerinnen und Sch\u00fclern ihre Heimatregion nahebringen. Dieses Vorhaben wird rege durch regionale Partner bei Projekttagen unterst\u00fctzt. So finden regelm\u00e4\u00dfig Ausfl\u00fcge in den [&hellip;]","og_url":"https:\/\/www.gs-oepfershausen.de\/?page_id=6960","og_site_name":"Grundschule Oepfershausen","article_modified_time":"2022-02-07T10:49:53+00:00","og_image":[{"url":"https:\/\/www.gs-oepfershausen.de\/wp-content\/uploads\/2021\/10\/ea30bca2-f147-405d-b463-df3cf985437a-150x150.jpg","type":"","width":"","height":""}],"twitter_card":"summary_large_image","twitter_misc":{"Gesch\u00e4tzte Lesezeit":"1\u00a0Minute"},"schema":{"@context":"https:\/\/schema.org","@graph":[{"@type":"WebPage","@id":"https:\/\/www.gs-oepfershausen.de\/?page_id=6960","url":"https:\/\/www.gs-oepfershausen.de\/?page_id=6960","name":"Heimatverbundenheit - Grundschule Oepfershausen","isPartOf":{"@id":"https:\/\/www.gs-oepfershausen.de\/#website"},"datePublished":"2022-02-04T13:21:52+00:00","dateModified":"2022-02-07T10:49:53+00:00","breadcrumb":{"@id":"https:\/\/www.gs-oepfershausen.de\/?page_id=6960#breadcrumb"},"inLanguage":"de","potentialAction":[{"@type":"ReadAction","target":["https:\/\/www.gs-oepfershausen.de\/?page_id=6960"]}]},{"@type":"BreadcrumbList","@id":"https:\/\/www.gs-oepfershausen.de\/?page_id=6960#breadcrumb","itemListElement":[{"@type":"ListItem","position":1,"name":"Home","item":"https:\/\/www.gs-oepfershausen.de\/"},{"@type":"ListItem","position":2,"name":"Schulleben","item":"https:\/\/www.gs-oepfershausen.de\/?page_id=235"},{"@type":"ListItem","position":3,"name":"Unsere Schwerpunkte","item":"https:\/\/www.gs-oepfershausen.de\/?page_id=7002"},{"@type":"ListItem","position":4,"name":"Heimatverbundenheit"}]},{"@type":"WebSite","@id":"https:\/\/www.gs-oepfershausen.de\/#website","url":"https:\/\/www.gs-oepfershausen.de\/","name":"Grundschule Oepfershausen","description":"","potentialAction":[{"@type":"SearchAction","target":{"@type":"EntryPoint","urlTemplate":"https:\/\/www.gs-oepfershausen.de\/?s={search_term_string}"},"query-input":{"@type":"PropertyValueSpecification","valueRequired":true,"valueName":"search_term_string"}}],"inLanguage":"de"}]}},"_links":{"self":[{"href":"https:\/\/www.gs-oepfershausen.de\/index.php?rest_route=\/wp\/v2\/pages\/6960","targetHints":{"allow":["GET"]}}],"collection":[{"href":"https:\/\/www.gs-oepfershausen.de\/index.php?rest_route=\/wp\/v2\/pages"}],"about":[{"href":"https:\/\/www.gs-oepfershausen.de\/index.php?rest_route=\/wp\/v2\/types\/page"}],"author":[{"embeddable":true,"href":"https:\/\/www.gs-oepfershausen.de\/index.php?rest_route=\/wp\/v2\/users\/7"}],"replies":[{"embeddable":true,"href":"https:\/\/www.gs-oepfershausen.de\/index.php?rest_route=%2Fwp%2Fv2%2Fcomments&post=6960"}],"version-history":[{"count":4,"href":"https:\/\/www.gs-oepfershausen.de\/index.php?rest_route=\/wp\/v2\/pages\/6960\/revisions"}],"predecessor-version":[{"id":7010,"href":"https:\/\/www.gs-oepfershausen.de\/index.php?rest_route=\/wp\/v2\/pages\/6960\/revisions\/7010"}],"up":[{"embeddable":true,"href":"https:\/\/www.gs-oepfershausen.de\/index.php?rest_route=\/wp\/v2\/pages\/7002"}],"wp:attachment":[{"href":"https:\/\/www.gs-oepfershausen.de\/index.php?rest_route=%2Fwp%2Fv2%2Fmedia&parent=6960"}],"curies":[{"name":"wp","href":"https:\/\/api.w.org\/{rel}","templated":true}]}}