{"id":6952,"date":"2022-02-04T15:06:10","date_gmt":"2022-02-04T13:06:10","guid":{"rendered":"https:\/\/www.gs-oepfershausen.de\/?page_id=6952"},"modified":"2024-12-16T14:39:44","modified_gmt":"2024-12-16T12:39:44","slug":"naturverbundenheit","status":"publish","type":"page","link":"https:\/\/www.gs-oepfershausen.de\/?page_id=6952","title":{"rendered":"Naturverbundenheit"},"content":{"rendered":"<p>Die Wertsch\u00e4tzung der Natur an unsere Sch\u00fclerinnen und Sch\u00fcler weiterzugeben und im Alltag zu leben, ist uns ein wichtiges Anliegen.<\/p>\n<ul>\n<li><a href=\"https:\/\/www.gs-oepfershausen.de\/?page_id=6873\">Zertifikat &#8222;Th\u00fcringer Nachhaltigkeitsschule &#8211; Umweltschule in Europa&#8220;<\/a><\/li>\n<li><a href=\"https:\/\/www.biosphaerenreservat-rhoen.de\/wissen\/biosphaeren-kitas-und-biosphaeren-schulen\/\">Zertifikat &#8222;Biosph\u00e4renschule&#8220;<\/a><\/li>\n<li>Zertifikat &#8222;Fledermausfreundliche Schule&#8220;<\/li>\n<li>Zertifikat &#8222;Bienenfreunde Th\u00fcringen&#8220;<\/li>\n<li>Naturlehrpfad mit Vogelwarte<\/li>\n<li>Schulgarten<\/li>\n<li>Hochbeete und Bl\u00fchstr\u00e4ucher auf einer renaturierten Fl\u00e4che nach dem Abriss eines ungenutzten Teils des Schulgeb\u00e4udes<\/li>\n<li>gro\u00dfe Fl\u00e4che als Blumenbeet mit Fr\u00fchbl\u00fchern<\/li>\n<li>regelm\u00e4\u00dfige Zusammenarbeit mit dem <a href=\"https:\/\/www.lpv-rhoen.de\/\">Landschaftspflegeverband Rh\u00f6n<\/a> und <a href=\"https:\/\/www.thueringenforst.de\/startseite\/\">Th\u00fcringen Forst<\/a><\/li>\n<\/ul>\n\n\t\t<style type=\"text\/css\">\n\t\t\t#gallery-1 {\n\t\t\t\tmargin: auto;\n\t\t\t}\n\t\t\t#gallery-1 .gallery-item {\n\t\t\t\tfloat: left;\n\t\t\t\tmargin-top: 10px;\n\t\t\t\ttext-align: center;\n\t\t\t\twidth: 33%;\n\t\t\t}\n\t\t\t#gallery-1 img {\n\t\t\t\tborder: 2px solid #cfcfcf;\n\t\t\t}\n\t\t\t#gallery-1 .gallery-caption {\n\t\t\t\tmargin-left: 0;\n\t\t\t}\n\t\t\t\/* see gallery_shortcode() in wp-includes\/media.php *\/\n\t\t<\/style>\n\t\t<div id='gallery-1' class='gallery galleryid-6952 gallery-columns-3 gallery-size-thumbnail'><dl class='gallery-item'>\n\t\t\t<dt class='gallery-icon landscape'>\n\t\t\t\t<a href='https:\/\/www.gs-oepfershausen.de\/?attachment_id=4587'><img loading=\"lazy\" decoding=\"async\" width=\"150\" height=\"150\" src=\"https:\/\/www.gs-oepfershausen.de\/wp-content\/uploads\/2020\/10\/IMG-0084-150x150.jpg\" class=\"attachment-thumbnail size-thumbnail\" alt=\"\" aria-describedby=\"gallery-1-4587\" \/><\/a>\n\t\t\t<\/dt>\n\t\t\t\t<dd class='wp-caption-text gallery-caption' id='gallery-1-4587'>\n\t\t\t\tNaturlehrpfad&#8230;\n\t\t\t\t<\/dd><\/dl><dl class='gallery-item'>\n\t\t\t<dt class='gallery-icon landscape'>\n\t\t\t\t<a href='https:\/\/www.gs-oepfershausen.de\/?attachment_id=4584'><img loading=\"lazy\" decoding=\"async\" width=\"150\" height=\"150\" src=\"https:\/\/www.gs-oepfershausen.de\/wp-content\/uploads\/2020\/10\/IMG-0048-150x150.jpg\" class=\"attachment-thumbnail size-thumbnail\" alt=\"\" aria-describedby=\"gallery-1-4584\" \/><\/a>\n\t\t\t<\/dt>\n\t\t\t\t<dd class='wp-caption-text gallery-caption' id='gallery-1-4584'>\n\t\t\t\t&#8230;mit kindgerechter Beschilderung. \n\t\t\t\t<\/dd><\/dl><dl class='gallery-item'>\n\t\t\t<dt class='gallery-icon landscape'>\n\t\t\t\t<a href='https:\/\/www.gs-oepfershausen.de\/?attachment_id=4580'><img loading=\"lazy\" decoding=\"async\" width=\"150\" height=\"150\" src=\"https:\/\/www.gs-oepfershausen.de\/wp-content\/uploads\/2020\/10\/IMG-0034-150x150.jpg\" class=\"attachment-thumbnail size-thumbnail\" alt=\"\" aria-describedby=\"gallery-1-4580\" \/><\/a>\n\t\t\t<\/dt>\n\t\t\t\t<dd class='wp-caption-text gallery-caption' id='gallery-1-4580'>\n\t\t\t\tUnser Teich\n\t\t\t\t<\/dd><\/dl><br style=\"clear: both\" \/>\n\t\t<\/div>\n\n","protected":false},"excerpt":{"rendered":"<p>Die Wertsch\u00e4tzung der Natur an unsere Sch\u00fclerinnen und Sch\u00fcler weiterzugeben und im Alltag zu leben, ist uns ein wichtiges Anliegen. Zertifikat &#8222;Th\u00fcringer Nachhaltigkeitsschule &#8211; Umweltschule in Europa&#8220; Zertifikat &#8222;Biosph\u00e4renschule&#8220; Zertifikat &#8222;Fledermausfreundliche Schule&#8220; Zertifikat &#8222;Bienenfreunde Th\u00fcringen&#8220; Naturlehrpfad mit Vogelwarte Schulgarten Hochbeete und Bl\u00fchstr\u00e4ucher auf einer renaturierten Fl\u00e4che nach dem Abriss eines ungenutzten Teils des Schulgeb\u00e4udes gro\u00dfe [&hellip;]<\/p>\n","protected":false},"author":7,"featured_media":0,"parent":7002,"menu_order":100,"comment_status":"closed","ping_status":"closed","template":"","meta":{"footnotes":""},"class_list":["post-6952","page","type-page","status-publish","hentry"],"yoast_head":"<!-- This site is optimized with the Yoast SEO plugin v27.4 - https:\/\/yoast.com\/product\/yoast-seo-wordpress\/ -->\n<title>Naturverbundenheit - Grundschule Oepfershausen<\/title>\n<meta name=\"robots\" content=\"index, follow, max-snippet:-1, max-image-preview:large, max-video-preview:-1\" \/>\n<link rel=\"canonical\" href=\"https:\/\/www.gs-oepfershausen.de\/?page_id=6952\" \/>\n<meta property=\"og:locale\" content=\"de_DE\" \/>\n<meta property=\"og:type\" content=\"article\" \/>\n<meta property=\"og:title\" content=\"Naturverbundenheit - Grundschule Oepfershausen\" \/>\n<meta property=\"og:description\" content=\"Die Wertsch\u00e4tzung der Natur an unsere Sch\u00fclerinnen und Sch\u00fcler weiterzugeben und im Alltag zu leben, ist uns ein wichtiges Anliegen. Zertifikat &#8222;Th\u00fcringer Nachhaltigkeitsschule &#8211; Umweltschule in Europa&#8220; Zertifikat &#8222;Biosph\u00e4renschule&#8220; Zertifikat &#8222;Fledermausfreundliche Schule&#8220; Zertifikat &#8222;Bienenfreunde Th\u00fcringen&#8220; Naturlehrpfad mit Vogelwarte Schulgarten Hochbeete und Bl\u00fchstr\u00e4ucher auf einer renaturierten Fl\u00e4che nach dem Abriss eines ungenutzten Teils des Schulgeb\u00e4udes gro\u00dfe [&hellip;]\" \/>\n<meta property=\"og:url\" content=\"https:\/\/www.gs-oepfershausen.de\/?page_id=6952\" \/>\n<meta property=\"og:site_name\" content=\"Grundschule Oepfershausen\" \/>\n<meta property=\"article:modified_time\" content=\"2024-12-16T12:39:44+00:00\" \/>\n<meta property=\"og:image\" content=\"https:\/\/www.gs-oepfershausen.de\/wp-content\/uploads\/2020\/10\/IMG-0084-150x150.jpg\" \/>\n<meta name=\"twitter:card\" content=\"summary_large_image\" \/>\n<script type=\"application\/ld+json\" class=\"yoast-schema-graph\">{\"@context\":\"https:\\\/\\\/schema.org\",\"@graph\":[{\"@type\":\"WebPage\",\"@id\":\"https:\\\/\\\/www.gs-oepfershausen.de\\\/?page_id=6952\",\"url\":\"https:\\\/\\\/www.gs-oepfershausen.de\\\/?page_id=6952\",\"name\":\"Naturverbundenheit - Grundschule Oepfershausen\",\"isPartOf\":{\"@id\":\"https:\\\/\\\/www.gs-oepfershausen.de\\\/#website\"},\"datePublished\":\"2022-02-04T13:06:10+00:00\",\"dateModified\":\"2024-12-16T12:39:44+00:00\",\"breadcrumb\":{\"@id\":\"https:\\\/\\\/www.gs-oepfershausen.de\\\/?page_id=6952#breadcrumb\"},\"inLanguage\":\"de\",\"potentialAction\":[{\"@type\":\"ReadAction\",\"target\":[\"https:\\\/\\\/www.gs-oepfershausen.de\\\/?page_id=6952\"]}]},{\"@type\":\"BreadcrumbList\",\"@id\":\"https:\\\/\\\/www.gs-oepfershausen.de\\\/?page_id=6952#breadcrumb\",\"itemListElement\":[{\"@type\":\"ListItem\",\"position\":1,\"name\":\"Home\",\"item\":\"https:\\\/\\\/www.gs-oepfershausen.de\\\/\"},{\"@type\":\"ListItem\",\"position\":2,\"name\":\"Schulleben\",\"item\":\"https:\\\/\\\/www.gs-oepfershausen.de\\\/?page_id=235\"},{\"@type\":\"ListItem\",\"position\":3,\"name\":\"Unsere Schwerpunkte\",\"item\":\"https:\\\/\\\/www.gs-oepfershausen.de\\\/?page_id=7002\"},{\"@type\":\"ListItem\",\"position\":4,\"name\":\"Naturverbundenheit\"}]},{\"@type\":\"WebSite\",\"@id\":\"https:\\\/\\\/www.gs-oepfershausen.de\\\/#website\",\"url\":\"https:\\\/\\\/www.gs-oepfershausen.de\\\/\",\"name\":\"Grundschule Oepfershausen\",\"description\":\"\",\"potentialAction\":[{\"@type\":\"SearchAction\",\"target\":{\"@type\":\"EntryPoint\",\"urlTemplate\":\"https:\\\/\\\/www.gs-oepfershausen.de\\\/?s={search_term_string}\"},\"query-input\":{\"@type\":\"PropertyValueSpecification\",\"valueRequired\":true,\"valueName\":\"search_term_string\"}}],\"inLanguage\":\"de\"}]}<\/script>\n<!-- \/ Yoast SEO plugin. -->","yoast_head_json":{"title":"Naturverbundenheit - Grundschule Oepfershausen","robots":{"index":"index","follow":"follow","max-snippet":"max-snippet:-1","max-image-preview":"max-image-preview:large","max-video-preview":"max-video-preview:-1"},"canonical":"https:\/\/www.gs-oepfershausen.de\/?page_id=6952","og_locale":"de_DE","og_type":"article","og_title":"Naturverbundenheit - Grundschule Oepfershausen","og_description":"Die Wertsch\u00e4tzung der Natur an unsere Sch\u00fclerinnen und Sch\u00fcler weiterzugeben und im Alltag zu leben, ist uns ein wichtiges Anliegen. Zertifikat &#8222;Th\u00fcringer Nachhaltigkeitsschule &#8211; Umweltschule in Europa&#8220; Zertifikat &#8222;Biosph\u00e4renschule&#8220; Zertifikat &#8222;Fledermausfreundliche Schule&#8220; Zertifikat &#8222;Bienenfreunde Th\u00fcringen&#8220; Naturlehrpfad mit Vogelwarte Schulgarten Hochbeete und Bl\u00fchstr\u00e4ucher auf einer renaturierten Fl\u00e4che nach dem Abriss eines ungenutzten Teils des Schulgeb\u00e4udes gro\u00dfe [&hellip;]","og_url":"https:\/\/www.gs-oepfershausen.de\/?page_id=6952","og_site_name":"Grundschule Oepfershausen","article_modified_time":"2024-12-16T12:39:44+00:00","og_image":[{"url":"https:\/\/www.gs-oepfershausen.de\/wp-content\/uploads\/2020\/10\/IMG-0084-150x150.jpg","type":"","width":"","height":""}],"twitter_card":"summary_large_image","schema":{"@context":"https:\/\/schema.org","@graph":[{"@type":"WebPage","@id":"https:\/\/www.gs-oepfershausen.de\/?page_id=6952","url":"https:\/\/www.gs-oepfershausen.de\/?page_id=6952","name":"Naturverbundenheit - Grundschule Oepfershausen","isPartOf":{"@id":"https:\/\/www.gs-oepfershausen.de\/#website"},"datePublished":"2022-02-04T13:06:10+00:00","dateModified":"2024-12-16T12:39:44+00:00","breadcrumb":{"@id":"https:\/\/www.gs-oepfershausen.de\/?page_id=6952#breadcrumb"},"inLanguage":"de","potentialAction":[{"@type":"ReadAction","target":["https:\/\/www.gs-oepfershausen.de\/?page_id=6952"]}]},{"@type":"BreadcrumbList","@id":"https:\/\/www.gs-oepfershausen.de\/?page_id=6952#breadcrumb","itemListElement":[{"@type":"ListItem","position":1,"name":"Home","item":"https:\/\/www.gs-oepfershausen.de\/"},{"@type":"ListItem","position":2,"name":"Schulleben","item":"https:\/\/www.gs-oepfershausen.de\/?page_id=235"},{"@type":"ListItem","position":3,"name":"Unsere Schwerpunkte","item":"https:\/\/www.gs-oepfershausen.de\/?page_id=7002"},{"@type":"ListItem","position":4,"name":"Naturverbundenheit"}]},{"@type":"WebSite","@id":"https:\/\/www.gs-oepfershausen.de\/#website","url":"https:\/\/www.gs-oepfershausen.de\/","name":"Grundschule Oepfershausen","description":"","potentialAction":[{"@type":"SearchAction","target":{"@type":"EntryPoint","urlTemplate":"https:\/\/www.gs-oepfershausen.de\/?s={search_term_string}"},"query-input":{"@type":"PropertyValueSpecification","valueRequired":true,"valueName":"search_term_string"}}],"inLanguage":"de"}]}},"_links":{"self":[{"href":"https:\/\/www.gs-oepfershausen.de\/index.php?rest_route=\/wp\/v2\/pages\/6952","targetHints":{"allow":["GET"]}}],"collection":[{"href":"https:\/\/www.gs-oepfershausen.de\/index.php?rest_route=\/wp\/v2\/pages"}],"about":[{"href":"https:\/\/www.gs-oepfershausen.de\/index.php?rest_route=\/wp\/v2\/types\/page"}],"author":[{"embeddable":true,"href":"https:\/\/www.gs-oepfershausen.de\/index.php?rest_route=\/wp\/v2\/users\/7"}],"replies":[{"embeddable":true,"href":"https:\/\/www.gs-oepfershausen.de\/index.php?rest_route=%2Fwp%2Fv2%2Fcomments&post=6952"}],"version-history":[{"count":6,"href":"https:\/\/www.gs-oepfershausen.de\/index.php?rest_route=\/wp\/v2\/pages\/6952\/revisions"}],"predecessor-version":[{"id":6954,"href":"https:\/\/www.gs-oepfershausen.de\/index.php?rest_route=\/wp\/v2\/pages\/6952\/revisions\/6954"}],"up":[{"embeddable":true,"href":"https:\/\/www.gs-oepfershausen.de\/index.php?rest_route=\/wp\/v2\/pages\/7002"}],"wp:attachment":[{"href":"https:\/\/www.gs-oepfershausen.de\/index.php?rest_route=%2Fwp%2Fv2%2Fmedia&parent=6952"}],"curies":[{"name":"wp","href":"https:\/\/api.w.org\/{rel}","templated":true}]}}