{"id":525,"date":"2016-03-02T12:21:50","date_gmt":"2016-03-02T12:21:50","guid":{"rendered":"http:\/\/www.gs-oepfershausen.de\/?page_id=525"},"modified":"2024-04-30T10:33:39","modified_gmt":"2024-04-30T08:33:39","slug":"foerderverein","status":"publish","type":"page","link":"https:\/\/www.gs-oepfershausen.de\/?page_id=525","title":{"rendered":"F\u00f6rderverein"},"content":{"rendered":"<h3><\/h3>\n<h4><span style=\"color: #993366;\"><a style=\"color: #993366;\" href=\"https:\/\/www.gs-oepfershausen.de\/?page_id=529\"><strong>Aktionen und Anschaffungen &#8211; <\/strong><\/a><strong><a style=\"color: #993366;\" href=\"https:\/\/www.gs-oepfershausen.de\/?page_id=527\">Vorstand\u00a0 &#8211; <\/a><\/strong><strong><a style=\"color: #993366;\" href=\"https:\/\/www.gs-oepfershausen.de\/?page_id=533\">Mitglied werden<\/a><\/strong><\/span><\/h4>\n<h3><img loading=\"lazy\" decoding=\"async\" class=\"size-medium wp-image-6144 alignright\" src=\"https:\/\/www.gs-oepfershausen.de\/wp-content\/uploads\/2021\/07\/Plakat-Grundschule-215x300.png\" alt=\"\" width=\"215\" height=\"300\" srcset=\"https:\/\/www.gs-oepfershausen.de\/wp-content\/uploads\/2021\/07\/Plakat-Grundschule-215x300.png 215w, https:\/\/www.gs-oepfershausen.de\/wp-content\/uploads\/2021\/07\/Plakat-Grundschule-735x1024.png 735w, https:\/\/www.gs-oepfershausen.de\/wp-content\/uploads\/2021\/07\/Plakat-Grundschule.png 793w\" sizes=\"auto, (max-width: 215px) 100vw, 215px\" \/><\/h3>\n<p>&nbsp;<\/p>\n<p>&nbsp;<\/p>\n<p>&nbsp;<\/p>\n<p>&nbsp;<\/p>\n<p>&nbsp;<\/p>\n<p>&nbsp;<\/p>\n<p>&nbsp;<\/p>\n<p><span style=\"color: #ffffff;\">.<\/span><\/p>\n<p><span style=\"color: #ffffff;\">.<\/span><\/p>\n<p>&nbsp;<\/p>\n<p>&nbsp;<\/p>\n<p><span style=\"color: #ffffff;\">..<\/span><\/p>\n<h1><span style=\"color: #993366;\"><strong><a style=\"color: #993366;\" href=\"https:\/\/www.gs-oepfershausen.de\/?page_id=529\">Aktuelles:<\/a>\u00a0<\/strong><\/span><\/h1>\n<h3><em><strong><u>20 Jahre F\u00f6rderverein<\/u><\/strong><\/em><\/h3>\n<div>\n<div>\n<div><\/div>\n<div>\n<p><a href=\"https:\/\/www.gs-oepfershausen.de\/wp-content\/uploads\/2024\/04\/20-Jahre-Foerderverein.jpg\" data-rel=\"lightbox-gallery-Kh7ExWIK\" data-rl_title=\"20 Jahre F\u00f6rderverein\" data-rl_caption=\"\" title=\"20 Jahre F\u00f6rderverein\"><img loading=\"lazy\" decoding=\"async\" class=\"wp-image-9558 aligncenter\" src=\"https:\/\/www.gs-oepfershausen.de\/wp-content\/uploads\/2024\/04\/20-Jahre-Foerderverein-300x161.jpg\" alt=\"\" width=\"375\" height=\"201\" srcset=\"https:\/\/www.gs-oepfershausen.de\/wp-content\/uploads\/2024\/04\/20-Jahre-Foerderverein-300x161.jpg 300w, https:\/\/www.gs-oepfershausen.de\/wp-content\/uploads\/2024\/04\/20-Jahre-Foerderverein-1024x550.jpg 1024w, https:\/\/www.gs-oepfershausen.de\/wp-content\/uploads\/2024\/04\/20-Jahre-Foerderverein-1536x826.jpg 1536w, https:\/\/www.gs-oepfershausen.de\/wp-content\/uploads\/2024\/04\/20-Jahre-Foerderverein.jpg 1600w\" sizes=\"auto, (max-width: 375px) 100vw, 375px\" \/><\/a><\/p>\n<div>Auf dem Bild von links nach rechts:<\/div>\n<div>Peter Casper, Susanne Casper-Zielonka, Carmen Koch, Mario Wilk, Julia Vonderlind, Stefan T\u00fcrk, Nicole Kirchner, Stephanie Weber, Wenke Roth, Janina Goldschmidt, Bernd Vonderlind, Patrick Schantora<\/div>\n<div>Vorne: Sandra Pitschmann, Stefanie K\u00fcmpel<\/div>\n<\/div>\n<div><span style=\"color: #ffffff;\">.<\/span><\/div>\n<div><span style=\"color: #ffffff;\">.<\/span><\/div>\n<div>Das Gr\u00fcndungsdatum j\u00e4hrte sich zum 20. mal. Alle, die sich in der Vergangenheit und aktuell im Vorstand engagierten und engagieren, waren am 21.04.2024 eingeladen.<\/div>\n<div>Bei einem gemeinsamen Fr\u00fchst\u00fcck in der Schule wurde der vergangen Jahre, der zahlreichen Aktivit\u00e4ten und Initiativen rund um die Grundschule &#8222;Am Hahnberg&#8220;, gedacht.<br \/>\nDazu gab es auch eine vorbereitete Dokumentation der letzten 20 Jahre aus dem Blickwinkel des F\u00f6rdervereins.<\/div>\n<div>Zum Schulfest am 7. Juni ab 15.00 Uhr, das ebenfalls unter dem Titel &#8222;20 -Jahre- Schulf\u00f6rderverein&#8220; stehen wird, wird diese Dokumentation ebenfalls zu sehen sein.<\/div>\n<div><span style=\"color: #ffffff;\">.<\/span><\/div>\n<div><span style=\"color: #ffffff;\">.<\/span><\/div>\n<div><\/div>\n<div><\/div>\n<div><\/div>\n<\/div>\n<\/div>\n<hr \/>\n<h3><strong><u><span style=\"color: #008080;\">Mit Ver\u00e4nderungen ins Schuljahr starten<\/span><br \/>\n<\/u><\/strong><\/h3>\n<p>&nbsp;<\/p>\n<p>Durch unseren F\u00f6rderverein und wichtige Sponsoren konnte bereits in den ersten Wochen des neuen Schuljahres 2022\/2023 einiges auf dem vorderen Schulhof bewegt werden. Auf der neu gewonnenen Gr\u00fcnfl\u00e4che stehen nun neben vier Hochbeeten auch 2 Waldsch\u00e4nken. Der Sandkasten hat ein Sonnensegel erhalten und die Bergsteigerrampe wurde montiert. Nun muss der Spielh\u00fcgel noch mit Erde bef\u00fcllt werden.<\/p>\n\n\t\t<style type=\"text\/css\">\n\t\t\t#gallery-1 {\n\t\t\t\tmargin: auto;\n\t\t\t}\n\t\t\t#gallery-1 .gallery-item {\n\t\t\t\tfloat: left;\n\t\t\t\tmargin-top: 10px;\n\t\t\t\ttext-align: center;\n\t\t\t\twidth: 33%;\n\t\t\t}\n\t\t\t#gallery-1 img {\n\t\t\t\tborder: 2px solid #cfcfcf;\n\t\t\t}\n\t\t\t#gallery-1 .gallery-caption {\n\t\t\t\tmargin-left: 0;\n\t\t\t}\n\t\t\t\/* see gallery_shortcode() in wp-includes\/media.php *\/\n\t\t<\/style>\n\t\t<div id='gallery-1' class='gallery galleryid-525 gallery-columns-3 gallery-size-thumbnail'><dl class='gallery-item'>\n\t\t\t<dt class='gallery-icon landscape'>\n\t\t\t\t<a href=\"https:\/\/www.gs-oepfershausen.de\/wp-content\/uploads\/2022\/11\/IMG-20220925-WA00011.jpg\" data-rel=\"lightbox-gallery-Kh7ExWIK\" data-rl_title=\"IMG-20220925-WA0001[1]\" data-rl_caption=\"\" title=\"IMG-20220925-WA0001[1]\"><img loading=\"lazy\" decoding=\"async\" width=\"150\" height=\"150\" src=\"https:\/\/www.gs-oepfershausen.de\/wp-content\/uploads\/2022\/11\/IMG-20220925-WA00011-150x150.jpg\" class=\"attachment-thumbnail size-thumbnail\" alt=\"\" \/><\/a>\n\t\t\t<\/dt><\/dl><dl class='gallery-item'>\n\t\t\t<dt class='gallery-icon portrait'>\n\t\t\t\t<a href=\"https:\/\/www.gs-oepfershausen.de\/wp-content\/uploads\/2022\/11\/IMG-20220925-WA00021.jpg\" data-rel=\"lightbox-gallery-Kh7ExWIK\" data-rl_title=\"IMG-20220925-WA0002[1]\" data-rl_caption=\"\" title=\"IMG-20220925-WA0002[1]\"><img loading=\"lazy\" decoding=\"async\" width=\"150\" height=\"150\" src=\"https:\/\/www.gs-oepfershausen.de\/wp-content\/uploads\/2022\/11\/IMG-20220925-WA00021-150x150.jpg\" class=\"attachment-thumbnail size-thumbnail\" alt=\"\" \/><\/a>\n\t\t\t<\/dt><\/dl><dl class='gallery-item'>\n\t\t\t<dt class='gallery-icon landscape'>\n\t\t\t\t<a href=\"https:\/\/www.gs-oepfershausen.de\/wp-content\/uploads\/2022\/11\/IMG-20221020-WA00041.jpg\" data-rel=\"lightbox-gallery-Kh7ExWIK\" data-rl_title=\"IMG-20221020-WA0004[1]\" data-rl_caption=\"\" title=\"IMG-20221020-WA0004[1]\"><img loading=\"lazy\" decoding=\"async\" width=\"150\" height=\"150\" src=\"https:\/\/www.gs-oepfershausen.de\/wp-content\/uploads\/2022\/11\/IMG-20221020-WA00041-150x150.jpg\" class=\"attachment-thumbnail size-thumbnail\" alt=\"\" \/><\/a>\n\t\t\t<\/dt><\/dl><br style=\"clear: both\" \/>\n\t\t<\/div>\n\n<p>Im n\u00e4chsten Fr\u00fchjahr k\u00f6nnen die Kinder diese Neuanschaffung sicher auch in den Pausen und am Nachmittag nutzen. Herzlichen Dank allen Helfern, die mit Hand angelegt oder durch ihre Spende die Projekte erm\u00f6glicht haben.<\/p>\n<h3><span style=\"color: #800080;\"><strong><u>Balancier- und Kletterpfad freigegeben<\/u><\/strong><\/span><\/h3>\n<p>Zum Schulfest am letzten Tag vor den Sommerferien im Juli 2022 wurde das Spielger\u00e4t offiziell zum Klettern und Balancieren freigegeben.<\/p>\n<p>B\u00fcrgermeister Thomas K\u00e4stner kam nicht mit leeren H\u00e4nden und \u00fcberreichte 2000,00 Euro an den F\u00f6rderverein als Erg\u00e4nzung zu den 4000,00 Euro Lottomitteln der Th\u00fcringer Staatskanzlei.<a href=\"https:\/\/www.gs-oepfershausen.de\/wp-content\/uploads\/2022\/08\/IMG-20220716-WA00451.jpg\" data-rel=\"lightbox-gallery-Kh7ExWIK\" data-rl_title=\"IMG-20220716-WA0045[1]\" data-rl_caption=\"\" title=\"IMG-20220716-WA0045[1]\"><img loading=\"lazy\" decoding=\"async\" class=\"wp-image-7456 size-medium aligncenter\" src=\"https:\/\/www.gs-oepfershausen.de\/wp-content\/uploads\/2022\/08\/IMG-20220716-WA00451-300x225.jpg\" alt=\"\" width=\"300\" height=\"225\" srcset=\"https:\/\/www.gs-oepfershausen.de\/wp-content\/uploads\/2022\/08\/IMG-20220716-WA00451-300x225.jpg 300w, https:\/\/www.gs-oepfershausen.de\/wp-content\/uploads\/2022\/08\/IMG-20220716-WA00451.jpg 1024w\" sizes=\"auto, (max-width: 300px) 100vw, 300px\" \/><\/a><\/p>\n<p>Damit ist der neue Balancier- und Kletterpfad voll finanziert.<\/p>\n<p>&nbsp;<\/p>\n<p>&nbsp;<\/p>\n<hr \/>\n<h3><span style=\"color: #339966;\"><strong><u>Arbeitseinsatz f\u00fcr die neue Spielanlage am 11.06.2022<\/u><\/strong><\/span><\/h3>\n<p><img loading=\"lazy\" decoding=\"async\" class=\"size-medium wp-image-7392 alignleft\" src=\"https:\/\/www.gs-oepfershausen.de\/wp-content\/uploads\/2022\/06\/IMG-20220611-WA0006-225x300.jpg\" alt=\"\" width=\"225\" height=\"300\" srcset=\"https:\/\/www.gs-oepfershausen.de\/wp-content\/uploads\/2022\/06\/IMG-20220611-WA0006-225x300.jpg 225w, https:\/\/www.gs-oepfershausen.de\/wp-content\/uploads\/2022\/06\/IMG-20220611-WA0006-768x1024.jpg 768w, https:\/\/www.gs-oepfershausen.de\/wp-content\/uploads\/2022\/06\/IMG-20220611-WA0006-1153x1536.jpg 1153w, https:\/\/www.gs-oepfershausen.de\/wp-content\/uploads\/2022\/06\/IMG-20220611-WA0006.jpg 1200w\" sizes=\"auto, (max-width: 225px) 100vw, 225px\" \/><\/p>\n<p>&nbsp;<\/p>\n<p>&nbsp;<\/p>\n<p>&nbsp;<\/p>\n<p>Nur durch die Hilfe engagierter Eltern einiger Grundsch\u00fcler, eines Paten und unseres Hausmeisters konnte das Bewegungs- und Spielangebot erweitert werden.<\/p>\n<p><strong><a href=\"https:\/\/www.gs-oepfershausen.de\/?page_id=529\">mehr\u2026<\/a><\/strong><\/p>\n<p>&nbsp;<\/p>\n<p><span style=\"color: #ffffff;\">:::::::::::::::::::::::::::::::::::::::::::::::::::::::::::::::::::::::::::::::::::::::::::::::::::::<\/span><\/p>\n<p>&nbsp;<\/p>\n<p>&nbsp;<\/p>\n<p>&nbsp;<\/p>\n<p><span style=\"color: #ffffff;\">:::::::::::::::::::::::::::::::::::::::::::::::::::::::::::::::::::::::::::::::::::::::::::::::::::::::::::::::::::::::::::::::::::::::::::::::::::::::::::::<\/span><\/p>\n<hr \/>\n<h3><span style=\"color: #800080;\"><strong><u>Balancier- und Kletterpfad geplant\u00a0<\/u><\/strong><\/span><\/h3>\n<p>Im vergangenen Fr\u00fchjahr 2021 ver\u00e4nderte sich unser Schulgel\u00e4nde durch den Abriss des Nebengeb\u00e4udes. Damit vergr\u00f6\u00dferte sich optisch der Schulhof, machte ihn heller und freundlicher, obwohl die neu gewonnene Rasenfl\u00e4che momentan noch durch einen Bauzaun abgetrennt ist.<\/p>\n<p>Nun aber geht es vorw\u00e4rts, denn eine finanzielle Zuwendung in betr\u00e4chtlicher H\u00f6he verschafft den Grundsch\u00fclern eine neue M\u00f6glichkeit der sportlichen Bet\u00e4tigung w\u00e4hrend der Hofpausen und der betreuten Hortzeit.<\/p>\n<p>\u00dcbersch\u00fcsse aus der Staatslotterie von 2022 bescherten nun einen Geldsegen von 4\u00b4000 Euro.<\/p>\n<p><a href=\"https:\/\/www.gs-oepfershausen.de\/wp-content\/uploads\/2022\/05\/Mai-2022-Lottomittel.jpg\" data-rel=\"lightbox-gallery-Kh7ExWIK\" data-rl_title=\"Mai 2022 Lottomittel\" data-rl_caption=\"\" title=\"Mai 2022 Lottomittel\"><img loading=\"lazy\" decoding=\"async\" class=\"alignright wp-image-7299 size-medium\" src=\"https:\/\/www.gs-oepfershausen.de\/wp-content\/uploads\/2022\/05\/Mai-2022-Lottomittel-300x225.jpg\" alt=\"\" width=\"300\" height=\"225\" srcset=\"https:\/\/www.gs-oepfershausen.de\/wp-content\/uploads\/2022\/05\/Mai-2022-Lottomittel-300x225.jpg 300w, https:\/\/www.gs-oepfershausen.de\/wp-content\/uploads\/2022\/05\/Mai-2022-Lottomittel.jpg 1024w\" sizes=\"auto, (max-width: 300px) 100vw, 300px\" \/><\/a><\/p>\n<p>&nbsp;<\/p>\n<p>&nbsp;<\/p>\n<p>Staatssekret\u00e4rin Frau Katharina Schenk \u00fcberreichte den Scheck Herrn Schantora, Vorsitzender des Schulf\u00f6rdervereins.<\/p>\n<p>&nbsp;<\/p>\n<p>&nbsp;<\/p>\n<p>&nbsp;<\/p>\n<p>Diese Zuwendung und ein Eigenanteil des F\u00f6rdervereins wird daf\u00fcr verwendet, ein neues Spielger\u00e4t anzuschaffen.<\/p>\n<p>&nbsp;<\/p>\n<p>Schulleiterin Frau Kirchner f\u00fchrte die Delegation \u00fcber das Schulgel\u00e4nde. Stolz zeigte sie Frau Schenk und den Vertretern des Kreistages Herrn K\u00e4stner, Frau Merz und Herrn Baumann, welche Anlagen bisher geschaffen wurden.<\/p>\n<p>&nbsp;<\/p>\n<p>&nbsp;<\/p>\n<p>&nbsp;<\/p>\n<hr \/>\n<h3><\/h3>\n<h3><strong>Abriss des Nebengeb\u00e4udes<\/strong><\/h3>\n<p>Im Fr\u00fchjahr 2021 startete die gr\u00f6\u00dfte Aktion, die unser Schulgel\u00e4nde seit dem Bau des Bolzplatzes gesehen hat: Das ehemalige Hortgeb\u00e4ude wurde \u2013 finanziert durch unseren F\u00f6rderverein und private Unterst\u00fctzer \u2013 abgerissen. Die Bagger r\u00fcckten an und schnell ver\u00e4nderte sich der Schulhof, wurde offener und bescherte einen wunderbaren Blick. <strong><a href=\"https:\/\/www.gs-oepfershausen.de\/?page_id=529\">mehr&#8230;<\/a><\/strong><\/p>\n<p>&nbsp;<\/p>\n<p>&nbsp;<\/p>\n<p>&nbsp;<\/p>\n<div id=\"gallery-1\" class=\"gallery galleryid-529 gallery-columns-2 gallery-size-thumbnail\" data-wp-editing=\"1\">\n\n\t\t<style type=\"text\/css\">\n\t\t\t#gallery-2 {\n\t\t\t\tmargin: auto;\n\t\t\t}\n\t\t\t#gallery-2 .gallery-item {\n\t\t\t\tfloat: left;\n\t\t\t\tmargin-top: 10px;\n\t\t\t\ttext-align: center;\n\t\t\t\twidth: 33%;\n\t\t\t}\n\t\t\t#gallery-2 img {\n\t\t\t\tborder: 2px solid #cfcfcf;\n\t\t\t}\n\t\t\t#gallery-2 .gallery-caption {\n\t\t\t\tmargin-left: 0;\n\t\t\t}\n\t\t\t\/* see gallery_shortcode() in wp-includes\/media.php *\/\n\t\t<\/style>\n\t\t<div id='gallery-2' class='gallery galleryid-525 gallery-columns-3 gallery-size-thumbnail'><dl class='gallery-item'>\n\t\t\t<dt class='gallery-icon landscape'>\n\t\t\t\t<a href='https:\/\/www.gs-oepfershausen.de\/?attachment_id=7035'><img loading=\"lazy\" decoding=\"async\" width=\"150\" height=\"150\" src=\"https:\/\/www.gs-oepfershausen.de\/wp-content\/uploads\/2022\/02\/SHP-150x150.jpg\" class=\"attachment-thumbnail size-thumbnail\" alt=\"\" \/><\/a>\n\t\t\t<\/dt><\/dl><dl class='gallery-item'>\n\t\t\t<dt class='gallery-icon portrait'>\n\t\t\t\t<a href='https:\/\/www.gs-oepfershausen.de\/?attachment_id=7038'><img loading=\"lazy\" decoding=\"async\" width=\"150\" height=\"150\" src=\"https:\/\/www.gs-oepfershausen.de\/wp-content\/uploads\/2022\/02\/8e1e1855-924c-489c-93e6-72c37e90115d-150x150.jpg\" class=\"attachment-thumbnail size-thumbnail\" alt=\"\" \/><\/a>\n\t\t\t<\/dt><\/dl><dl class='gallery-item'>\n\t\t\t<dt class='gallery-icon landscape'>\n\t\t\t\t<a href='https:\/\/www.gs-oepfershausen.de\/?attachment_id=7041'><img loading=\"lazy\" decoding=\"async\" width=\"150\" height=\"150\" src=\"https:\/\/www.gs-oepfershausen.de\/wp-content\/uploads\/2022\/02\/f1376022-e9db-4292-8479-1c00460027b4-150x150.jpg\" class=\"attachment-thumbnail size-thumbnail\" alt=\"\" \/><\/a>\n\t\t\t<\/dt><\/dl><br style=\"clear: both\" \/>\n\t\t<\/div>\n\n<dl class=\"gallery-item\">\n<dt class=\"gallery-icon landscape\"><\/dt>\n<\/dl>\n<\/div>\n<p>&nbsp;<\/p>\n<p>&nbsp;<\/p>\n<h2><\/h2>\n<h2><span style=\"color: #33cccc;\"><a style=\"color: #33cccc;\" href=\"https:\/\/www.foerderverein-am-hahnberg.info\/\">Hier geht es zur eigenen Homepage des F\u00f6rdervereins<\/a><\/span><\/h2>\n<p>&nbsp;<\/p>\n<p>Der F\u00f6rderverein der Staatlichen Grundschule &#8222;Am Hahnberg&#8220; in Oepfershausen e.V. wurde im Jahr 2004 gegr\u00fcndet und unterst\u00fctzt die Schule in vielerlei Hinsicht.<\/p>\n<p>Der seither j\u00e4hrlich stattfindende Weihnachtsmarkt, der vom F\u00f6rderverein organisiert und ausgerichtet wird, erfreut sich gro\u00dfer Beliebtheit, aber auch beim Schulfest oder den j\u00e4hrlich stattfindenden Arbeitseins\u00e4tzen der Eltern \u00fcbernimmt der F\u00f6rderverein wichtige Aufgaben.<\/p>\n<p>&nbsp;<\/p>\n<p>&nbsp;<\/p>\n<p><a href=\"https:\/\/www.gs-oepfershausen.de\/wp-content\/uploads\/2016\/03\/IMGP0003-400x267.jpg\" data-rel=\"lightbox-gallery-Kh7ExWIK\" data-rl_title=\"PENTAX DIGITAL CAMERA\" data-rl_caption=\"\" title=\"PENTAX DIGITAL CAMERA\"><img loading=\"lazy\" decoding=\"async\" class=\"size-medium wp-image-796 alignleft\" src=\"https:\/\/www.gs-oepfershausen.de\/wp-content\/uploads\/2016\/03\/IMGP0003-400x267-300x200.jpg\" alt=\"PENTAX DIGITAL CAMERA\" width=\"300\" height=\"200\" srcset=\"https:\/\/www.gs-oepfershausen.de\/wp-content\/uploads\/2016\/03\/IMGP0003-400x267-300x200.jpg 300w, https:\/\/www.gs-oepfershausen.de\/wp-content\/uploads\/2016\/03\/IMGP0003-400x267.jpg 400w\" sizes=\"auto, (max-width: 300px) 100vw, 300px\" \/><\/a><\/p>\n<p>&nbsp;<\/p>\n<p>&nbsp;<\/p>\n<p>Mit Hilfe der finanziellen Unterst\u00fctzung des Vereins konnten zum Beispiel auf dem Schulhof neue Spielm\u00f6glichkeiten geschaffen werden und die Zirkusprojekte in den Schuljahren 2013\/14 \u00a0und 2016\/17 stattfinden.<\/p>\n<p>&nbsp;<\/p>\n<p>&nbsp;<\/p>\n<p>&nbsp;<\/p>\n<p>&nbsp;<\/p>\n<p>&nbsp;<\/p>\n<p>&nbsp;<\/p>\n<p>&nbsp;<\/p>\n<p>&nbsp;<\/p>\n<p>&nbsp;<\/p>\n<p>&nbsp;<\/p>\n<p>&nbsp;<\/p>\n<p>&nbsp;<\/p>\n<p>&nbsp;<\/p>\n","protected":false},"excerpt":{"rendered":"<p>Aktionen und Anschaffungen &#8211; Vorstand\u00a0 &#8211; Mitglied werden &nbsp; &nbsp; &nbsp; &nbsp; &nbsp; &nbsp; &nbsp; . . &nbsp; &nbsp; .. Aktuelles:\u00a0 20 Jahre F\u00f6rderverein Auf dem Bild von links nach rechts: Peter Casper, Susanne Casper-Zielonka, Carmen Koch, Mario Wilk, Julia Vonderlind, Stefan T\u00fcrk, Nicole Kirchner, Stephanie Weber, Wenke Roth, Janina Goldschmidt, Bernd Vonderlind, Patrick Schantora [&hellip;]<\/p>\n","protected":false},"author":7,"featured_media":0,"parent":0,"menu_order":350,"comment_status":"closed","ping_status":"closed","template":"","meta":{"footnotes":""},"class_list":["post-525","page","type-page","status-publish","hentry"],"yoast_head":"<!-- This site is optimized with the Yoast SEO plugin v27.5 - https:\/\/yoast.com\/product\/yoast-seo-wordpress\/ -->\n<title>F\u00f6rderverein - Grundschule Oepfershausen<\/title>\n<meta name=\"robots\" content=\"index, follow, max-snippet:-1, max-image-preview:large, max-video-preview:-1\" \/>\n<link rel=\"canonical\" href=\"https:\/\/www.gs-oepfershausen.de\/?page_id=525\" \/>\n<meta property=\"og:locale\" content=\"de_DE\" \/>\n<meta property=\"og:type\" content=\"article\" \/>\n<meta property=\"og:title\" content=\"F\u00f6rderverein - Grundschule Oepfershausen\" \/>\n<meta property=\"og:description\" content=\"Aktionen und Anschaffungen &#8211; Vorstand\u00a0 &#8211; Mitglied werden &nbsp; &nbsp; &nbsp; &nbsp; &nbsp; &nbsp; &nbsp; . . &nbsp; &nbsp; .. Aktuelles:\u00a0 20 Jahre F\u00f6rderverein Auf dem Bild von links nach rechts: Peter Casper, Susanne Casper-Zielonka, Carmen Koch, Mario Wilk, Julia Vonderlind, Stefan T\u00fcrk, Nicole Kirchner, Stephanie Weber, Wenke Roth, Janina Goldschmidt, Bernd Vonderlind, Patrick Schantora [&hellip;]\" \/>\n<meta property=\"og:url\" content=\"https:\/\/www.gs-oepfershausen.de\/?page_id=525\" \/>\n<meta property=\"og:site_name\" content=\"Grundschule Oepfershausen\" \/>\n<meta property=\"article:modified_time\" content=\"2024-04-30T08:33:39+00:00\" \/>\n<meta property=\"og:image\" content=\"https:\/\/www.gs-oepfershausen.de\/wp-content\/uploads\/2022\/11\/IMG-20220925-WA00011-150x150.jpg\" \/>\n<meta name=\"twitter:card\" content=\"summary_large_image\" \/>\n<meta name=\"twitter:label1\" content=\"Gesch\u00e4tzte Lesezeit\" \/>\n\t<meta name=\"twitter:data1\" content=\"3\u00a0Minuten\" \/>\n<script type=\"application\/ld+json\" class=\"yoast-schema-graph\">{\"@context\":\"https:\\\/\\\/schema.org\",\"@graph\":[{\"@type\":\"WebPage\",\"@id\":\"https:\\\/\\\/www.gs-oepfershausen.de\\\/?page_id=525\",\"url\":\"https:\\\/\\\/www.gs-oepfershausen.de\\\/?page_id=525\",\"name\":\"F\u00f6rderverein - Grundschule Oepfershausen\",\"isPartOf\":{\"@id\":\"https:\\\/\\\/www.gs-oepfershausen.de\\\/#website\"},\"primaryImageOfPage\":{\"@id\":\"https:\\\/\\\/www.gs-oepfershausen.de\\\/?page_id=525#primaryimage\"},\"image\":{\"@id\":\"https:\\\/\\\/www.gs-oepfershausen.de\\\/?page_id=525#primaryimage\"},\"thumbnailUrl\":\"https:\\\/\\\/www.gs-oepfershausen.de\\\/wp-content\\\/uploads\\\/2021\\\/07\\\/Plakat-Grundschule-215x300.png\",\"datePublished\":\"2016-03-02T12:21:50+00:00\",\"dateModified\":\"2024-04-30T08:33:39+00:00\",\"breadcrumb\":{\"@id\":\"https:\\\/\\\/www.gs-oepfershausen.de\\\/?page_id=525#breadcrumb\"},\"inLanguage\":\"de\",\"potentialAction\":[{\"@type\":\"ReadAction\",\"target\":[\"https:\\\/\\\/www.gs-oepfershausen.de\\\/?page_id=525\"]}]},{\"@type\":\"ImageObject\",\"inLanguage\":\"de\",\"@id\":\"https:\\\/\\\/www.gs-oepfershausen.de\\\/?page_id=525#primaryimage\",\"url\":\"https:\\\/\\\/www.gs-oepfershausen.de\\\/wp-content\\\/uploads\\\/2021\\\/07\\\/Plakat-Grundschule.png\",\"contentUrl\":\"https:\\\/\\\/www.gs-oepfershausen.de\\\/wp-content\\\/uploads\\\/2021\\\/07\\\/Plakat-Grundschule.png\",\"width\":793,\"height\":1105},{\"@type\":\"BreadcrumbList\",\"@id\":\"https:\\\/\\\/www.gs-oepfershausen.de\\\/?page_id=525#breadcrumb\",\"itemListElement\":[{\"@type\":\"ListItem\",\"position\":1,\"name\":\"Home\",\"item\":\"https:\\\/\\\/www.gs-oepfershausen.de\\\/\"},{\"@type\":\"ListItem\",\"position\":2,\"name\":\"F\u00f6rderverein\"}]},{\"@type\":\"WebSite\",\"@id\":\"https:\\\/\\\/www.gs-oepfershausen.de\\\/#website\",\"url\":\"https:\\\/\\\/www.gs-oepfershausen.de\\\/\",\"name\":\"Grundschule Oepfershausen\",\"description\":\"\",\"potentialAction\":[{\"@type\":\"SearchAction\",\"target\":{\"@type\":\"EntryPoint\",\"urlTemplate\":\"https:\\\/\\\/www.gs-oepfershausen.de\\\/?s={search_term_string}\"},\"query-input\":{\"@type\":\"PropertyValueSpecification\",\"valueRequired\":true,\"valueName\":\"search_term_string\"}}],\"inLanguage\":\"de\"}]}<\/script>\n<!-- \/ Yoast SEO plugin. -->","yoast_head_json":{"title":"F\u00f6rderverein - Grundschule Oepfershausen","robots":{"index":"index","follow":"follow","max-snippet":"max-snippet:-1","max-image-preview":"max-image-preview:large","max-video-preview":"max-video-preview:-1"},"canonical":"https:\/\/www.gs-oepfershausen.de\/?page_id=525","og_locale":"de_DE","og_type":"article","og_title":"F\u00f6rderverein - Grundschule Oepfershausen","og_description":"Aktionen und Anschaffungen &#8211; Vorstand\u00a0 &#8211; Mitglied werden &nbsp; &nbsp; &nbsp; &nbsp; &nbsp; &nbsp; &nbsp; . . &nbsp; &nbsp; .. Aktuelles:\u00a0 20 Jahre F\u00f6rderverein Auf dem Bild von links nach rechts: Peter Casper, Susanne Casper-Zielonka, Carmen Koch, Mario Wilk, Julia Vonderlind, Stefan T\u00fcrk, Nicole Kirchner, Stephanie Weber, Wenke Roth, Janina Goldschmidt, Bernd Vonderlind, Patrick Schantora [&hellip;]","og_url":"https:\/\/www.gs-oepfershausen.de\/?page_id=525","og_site_name":"Grundschule Oepfershausen","article_modified_time":"2024-04-30T08:33:39+00:00","og_image":[{"url":"https:\/\/www.gs-oepfershausen.de\/wp-content\/uploads\/2022\/11\/IMG-20220925-WA00011-150x150.jpg","type":"","width":"","height":""}],"twitter_card":"summary_large_image","twitter_misc":{"Gesch\u00e4tzte Lesezeit":"3\u00a0Minuten"},"schema":{"@context":"https:\/\/schema.org","@graph":[{"@type":"WebPage","@id":"https:\/\/www.gs-oepfershausen.de\/?page_id=525","url":"https:\/\/www.gs-oepfershausen.de\/?page_id=525","name":"F\u00f6rderverein - Grundschule Oepfershausen","isPartOf":{"@id":"https:\/\/www.gs-oepfershausen.de\/#website"},"primaryImageOfPage":{"@id":"https:\/\/www.gs-oepfershausen.de\/?page_id=525#primaryimage"},"image":{"@id":"https:\/\/www.gs-oepfershausen.de\/?page_id=525#primaryimage"},"thumbnailUrl":"https:\/\/www.gs-oepfershausen.de\/wp-content\/uploads\/2021\/07\/Plakat-Grundschule-215x300.png","datePublished":"2016-03-02T12:21:50+00:00","dateModified":"2024-04-30T08:33:39+00:00","breadcrumb":{"@id":"https:\/\/www.gs-oepfershausen.de\/?page_id=525#breadcrumb"},"inLanguage":"de","potentialAction":[{"@type":"ReadAction","target":["https:\/\/www.gs-oepfershausen.de\/?page_id=525"]}]},{"@type":"ImageObject","inLanguage":"de","@id":"https:\/\/www.gs-oepfershausen.de\/?page_id=525#primaryimage","url":"https:\/\/www.gs-oepfershausen.de\/wp-content\/uploads\/2021\/07\/Plakat-Grundschule.png","contentUrl":"https:\/\/www.gs-oepfershausen.de\/wp-content\/uploads\/2021\/07\/Plakat-Grundschule.png","width":793,"height":1105},{"@type":"BreadcrumbList","@id":"https:\/\/www.gs-oepfershausen.de\/?page_id=525#breadcrumb","itemListElement":[{"@type":"ListItem","position":1,"name":"Home","item":"https:\/\/www.gs-oepfershausen.de\/"},{"@type":"ListItem","position":2,"name":"F\u00f6rderverein"}]},{"@type":"WebSite","@id":"https:\/\/www.gs-oepfershausen.de\/#website","url":"https:\/\/www.gs-oepfershausen.de\/","name":"Grundschule Oepfershausen","description":"","potentialAction":[{"@type":"SearchAction","target":{"@type":"EntryPoint","urlTemplate":"https:\/\/www.gs-oepfershausen.de\/?s={search_term_string}"},"query-input":{"@type":"PropertyValueSpecification","valueRequired":true,"valueName":"search_term_string"}}],"inLanguage":"de"}]}},"_links":{"self":[{"href":"https:\/\/www.gs-oepfershausen.de\/index.php?rest_route=\/wp\/v2\/pages\/525","targetHints":{"allow":["GET"]}}],"collection":[{"href":"https:\/\/www.gs-oepfershausen.de\/index.php?rest_route=\/wp\/v2\/pages"}],"about":[{"href":"https:\/\/www.gs-oepfershausen.de\/index.php?rest_route=\/wp\/v2\/types\/page"}],"author":[{"embeddable":true,"href":"https:\/\/www.gs-oepfershausen.de\/index.php?rest_route=\/wp\/v2\/users\/7"}],"replies":[{"embeddable":true,"href":"https:\/\/www.gs-oepfershausen.de\/index.php?rest_route=%2Fwp%2Fv2%2Fcomments&post=525"}],"version-history":[{"count":48,"href":"https:\/\/www.gs-oepfershausen.de\/index.php?rest_route=\/wp\/v2\/pages\/525\/revisions"}],"predecessor-version":[{"id":9564,"href":"https:\/\/www.gs-oepfershausen.de\/index.php?rest_route=\/wp\/v2\/pages\/525\/revisions\/9564"}],"wp:attachment":[{"href":"https:\/\/www.gs-oepfershausen.de\/index.php?rest_route=%2Fwp%2Fv2%2Fmedia&parent=525"}],"curies":[{"name":"wp","href":"https:\/\/api.w.org\/{rel}","templated":true}]}}