{"id":457,"date":"2016-02-29T08:01:58","date_gmt":"2016-02-29T08:01:58","guid":{"rendered":"http:\/\/www.gs-oepfershausen.de\/?page_id=457"},"modified":"2026-03-26T16:21:56","modified_gmt":"2026-03-26T14:21:56","slug":"ferienprogramm","status":"publish","type":"page","link":"https:\/\/www.gs-oepfershausen.de\/?page_id=457","title":{"rendered":"Ferienprogramm, Ferienbetreuung aktuelles Schuljahr"},"content":{"rendered":"<h2><span style=\"color: #ff9900;\"><strong><u>Ferienhort Schuljahr 2025 \/ 26<\/u><\/strong><\/span><\/h2>\n<p><a href=\"https:\/\/www.gs-oepfershausen.de\/wp-content\/uploads\/2026\/03\/Ferienprogramm-Ostern-2026.pdf\"><img loading=\"lazy\" decoding=\"async\" class=\"size-medium wp-image-12001 aligncenter\" src=\"https:\/\/www.gs-oepfershausen.de\/wp-content\/uploads\/2026\/03\/1-1-300x61.jpg\" alt=\"\" width=\"300\" height=\"61\" srcset=\"https:\/\/www.gs-oepfershausen.de\/wp-content\/uploads\/2026\/03\/1-1-300x61.jpg 300w, https:\/\/www.gs-oepfershausen.de\/wp-content\/uploads\/2026\/03\/1-1.jpg 386w\" sizes=\"auto, (max-width: 300px) 100vw, 300px\" \/><\/a><\/p>\n<hr \/>\n<h3><a href=\"https:\/\/www.gs-oepfershausen.de\/wp-content\/uploads\/2026\/01\/Ferienprogramm-Winter-2026.pdf\">Ferienprogramm Winter 2026<\/a><\/h3>\n<p>Unsere Ferienwoche war abwechslungsreich und voller sch\u00f6ner Erlebnisse.<br \/>\nAm Rosenmontag (16.2.) starteten wir mit einer fr\u00f6hlichen Party in tollen Kost\u00fcmen und hatten jede Menge Spa\u00df.<br \/>\nAm Dienstag verwandelte sich unsere Schule in ein gem\u00fctliches Kino.<br \/>\n<a href=\"https:\/\/www.gs-oepfershausen.de\/wp-content\/uploads\/2026\/03\/IMG_20260227_210958-scaled.jpg\" data-rel=\"lightbox-gallery-CBbJvfRM\" data-rl_title=\"IMG_20260227_210958\" data-rl_caption=\"\" title=\"IMG_20260227_210958\"><img loading=\"lazy\" decoding=\"async\" class=\"wp-image-11919 alignleft\" src=\"https:\/\/www.gs-oepfershausen.de\/wp-content\/uploads\/2026\/03\/IMG_20260227_210958-300x295.jpg\" alt=\"\" width=\"160\" height=\"157\" srcset=\"https:\/\/www.gs-oepfershausen.de\/wp-content\/uploads\/2026\/03\/IMG_20260227_210958-300x295.jpg 300w, https:\/\/www.gs-oepfershausen.de\/wp-content\/uploads\/2026\/03\/IMG_20260227_210958-1024x1008.jpg 1024w, https:\/\/www.gs-oepfershausen.de\/wp-content\/uploads\/2026\/03\/IMG_20260227_210958-1536x1512.jpg 1536w, https:\/\/www.gs-oepfershausen.de\/wp-content\/uploads\/2026\/03\/IMG_20260227_210958-2048x2016.jpg 2048w\" sizes=\"auto, (max-width: 160px) 100vw, 160px\" \/><\/a>Kreativ und nachhaltig wurde es am Mittwoch beim Recyclingtag, an dem wir aus alten Tetrapaks V\u00f6gelh\u00e4uschen bastelten.<br \/>\nSportlich ging es am Donnerstag beim Hallenbiathlon weiter: In zwei Mannschaften sausten wir auf Rollbrettern durch die Turnhalle und versuchten, m\u00f6glichst viele Kegel umzuwerfen. <a href=\"https:\/\/www.gs-oepfershausen.de\/wp-content\/uploads\/2026\/03\/IMG_20260227_084346.jpg\" data-rel=\"lightbox-gallery-CBbJvfRM\" data-rl_title=\"IMG_20260227_084346\" data-rl_caption=\"\" title=\"IMG_20260227_084346\"><img loading=\"lazy\" decoding=\"async\" class=\"wp-image-11917 alignright\" src=\"https:\/\/www.gs-oepfershausen.de\/wp-content\/uploads\/2026\/03\/IMG_20260227_084346-300x231.jpg\" alt=\"\" width=\"209\" height=\"161\" srcset=\"https:\/\/www.gs-oepfershausen.de\/wp-content\/uploads\/2026\/03\/IMG_20260227_084346-300x231.jpg 300w, https:\/\/www.gs-oepfershausen.de\/wp-content\/uploads\/2026\/03\/IMG_20260227_084346-1024x788.jpg 1024w, https:\/\/www.gs-oepfershausen.de\/wp-content\/uploads\/2026\/03\/IMG_20260227_084346.jpg 1393w\" sizes=\"auto, (max-width: 209px) 100vw, 209px\" \/><\/a><br \/>\nZum Abschluss hie\u00df es am Freitag \u201ePizzaalarm!\u201c \u2013 jeder belegte seine eigene Pizza mit Lieblingszutaten.<\/p>\n<p>&nbsp;<\/p>\n<p><a href=\"https:\/\/www.gs-oepfershausen.de\/wp-content\/uploads\/2026\/03\/IMG_20260227_084435.jpg\" data-rel=\"lightbox-gallery-CBbJvfRM\" data-rl_title=\"IMG_20260227_084435\" data-rl_caption=\"\" title=\"IMG_20260227_084435\"><img loading=\"lazy\" decoding=\"async\" class=\" wp-image-11918 aligncenter\" src=\"https:\/\/www.gs-oepfershausen.de\/wp-content\/uploads\/2026\/03\/IMG_20260227_084435-300x269.jpg\" alt=\"\" width=\"157\" height=\"141\" srcset=\"https:\/\/www.gs-oepfershausen.de\/wp-content\/uploads\/2026\/03\/IMG_20260227_084435-300x269.jpg 300w, https:\/\/www.gs-oepfershausen.de\/wp-content\/uploads\/2026\/03\/IMG_20260227_084435.jpg 991w\" sizes=\"auto, (max-width: 157px) 100vw, 157px\" \/><\/a><\/p>\n<h3><a href=\"https:\/\/www.gs-oepfershausen.de\/wp-content\/uploads\/2025\/12\/Ferienprogramm-Weihnachten-2025.pdf\">Ferienprogramm Weihnachten<\/a><\/h3>\n<p>22.\/23.12.2025 und 02.01.2026<\/p>\n<p>&nbsp;<\/p>\n<hr \/>\n<h2><a href=\"https:\/\/www.gs-oepfershausen.de\/wp-content\/uploads\/2025\/10\/Ferienprogramm-Herbst-2025.pdf\"><img loading=\"lazy\" decoding=\"async\" class=\"alignnone wp-image-11404 size-medium\" src=\"https:\/\/www.gs-oepfershausen.de\/wp-content\/uploads\/2025\/10\/ferien-300x114.png\" alt=\"\" width=\"300\" height=\"114\" srcset=\"https:\/\/www.gs-oepfershausen.de\/wp-content\/uploads\/2025\/10\/ferien-300x114.png 300w, https:\/\/www.gs-oepfershausen.de\/wp-content\/uploads\/2025\/10\/ferien.png 909w\" sizes=\"auto, (max-width: 300px) 100vw, 300px\" \/><\/a><\/h2>\n<p>&nbsp;<\/p>\n<h2><\/h2>\n<hr \/>\n<p>&nbsp;<\/p>\n<p>&nbsp;<\/p>\n","protected":false},"excerpt":{"rendered":"<p>Ferienhort Schuljahr 2025 \/ 26 Ferienprogramm Winter 2026 Unsere Ferienwoche war abwechslungsreich und voller sch\u00f6ner Erlebnisse. Am Rosenmontag (16.2.) starteten wir mit einer fr\u00f6hlichen Party in tollen Kost\u00fcmen und hatten jede Menge Spa\u00df. Am Dienstag verwandelte sich unsere Schule in ein gem\u00fctliches Kino. Kreativ und nachhaltig wurde es am Mittwoch beim Recyclingtag, an dem wir [&hellip;]<\/p>\n","protected":false},"author":7,"featured_media":0,"parent":9,"menu_order":330,"comment_status":"closed","ping_status":"closed","template":"","meta":{"footnotes":""},"class_list":["post-457","page","type-page","status-publish","hentry"],"yoast_head":"<!-- This site is optimized with the Yoast SEO plugin v27.4 - https:\/\/yoast.com\/product\/yoast-seo-wordpress\/ -->\n<title>Ferienprogramm, Ferienbetreuung aktuelles Schuljahr - Grundschule Oepfershausen<\/title>\n<meta name=\"robots\" content=\"index, follow, max-snippet:-1, max-image-preview:large, max-video-preview:-1\" \/>\n<link rel=\"canonical\" href=\"https:\/\/www.gs-oepfershausen.de\/?page_id=457\" \/>\n<meta property=\"og:locale\" content=\"de_DE\" \/>\n<meta property=\"og:type\" content=\"article\" \/>\n<meta property=\"og:title\" content=\"Ferienprogramm, Ferienbetreuung aktuelles Schuljahr - Grundschule Oepfershausen\" \/>\n<meta property=\"og:description\" content=\"Ferienhort Schuljahr 2025 \/ 26 Ferienprogramm Winter 2026 Unsere Ferienwoche war abwechslungsreich und voller sch\u00f6ner Erlebnisse. Am Rosenmontag (16.2.) starteten wir mit einer fr\u00f6hlichen Party in tollen Kost\u00fcmen und hatten jede Menge Spa\u00df. Am Dienstag verwandelte sich unsere Schule in ein gem\u00fctliches Kino. Kreativ und nachhaltig wurde es am Mittwoch beim Recyclingtag, an dem wir [&hellip;]\" \/>\n<meta property=\"og:url\" content=\"https:\/\/www.gs-oepfershausen.de\/?page_id=457\" \/>\n<meta property=\"og:site_name\" content=\"Grundschule Oepfershausen\" \/>\n<meta property=\"article:modified_time\" content=\"2026-03-26T14:21:56+00:00\" \/>\n<meta property=\"og:image\" content=\"https:\/\/www.gs-oepfershausen.de\/wp-content\/uploads\/2026\/03\/1-1.jpg\" \/>\n\t<meta property=\"og:image:width\" content=\"386\" \/>\n\t<meta property=\"og:image:height\" content=\"79\" \/>\n\t<meta property=\"og:image:type\" content=\"image\/jpeg\" \/>\n<meta name=\"twitter:card\" content=\"summary_large_image\" \/>\n<meta name=\"twitter:label1\" content=\"Gesch\u00e4tzte Lesezeit\" \/>\n\t<meta name=\"twitter:data1\" content=\"2\u00a0Minuten\" \/>\n<script type=\"application\/ld+json\" class=\"yoast-schema-graph\">{\"@context\":\"https:\\\/\\\/schema.org\",\"@graph\":[{\"@type\":\"WebPage\",\"@id\":\"https:\\\/\\\/www.gs-oepfershausen.de\\\/?page_id=457\",\"url\":\"https:\\\/\\\/www.gs-oepfershausen.de\\\/?page_id=457\",\"name\":\"Ferienprogramm, Ferienbetreuung aktuelles Schuljahr - Grundschule Oepfershausen\",\"isPartOf\":{\"@id\":\"https:\\\/\\\/www.gs-oepfershausen.de\\\/#website\"},\"primaryImageOfPage\":{\"@id\":\"https:\\\/\\\/www.gs-oepfershausen.de\\\/?page_id=457#primaryimage\"},\"image\":{\"@id\":\"https:\\\/\\\/www.gs-oepfershausen.de\\\/?page_id=457#primaryimage\"},\"thumbnailUrl\":\"https:\\\/\\\/www.gs-oepfershausen.de\\\/wp-content\\\/uploads\\\/2026\\\/03\\\/1-1-300x61.jpg\",\"datePublished\":\"2016-02-29T08:01:58+00:00\",\"dateModified\":\"2026-03-26T14:21:56+00:00\",\"breadcrumb\":{\"@id\":\"https:\\\/\\\/www.gs-oepfershausen.de\\\/?page_id=457#breadcrumb\"},\"inLanguage\":\"de\",\"potentialAction\":[{\"@type\":\"ReadAction\",\"target\":[\"https:\\\/\\\/www.gs-oepfershausen.de\\\/?page_id=457\"]}]},{\"@type\":\"ImageObject\",\"inLanguage\":\"de\",\"@id\":\"https:\\\/\\\/www.gs-oepfershausen.de\\\/?page_id=457#primaryimage\",\"url\":\"https:\\\/\\\/www.gs-oepfershausen.de\\\/wp-content\\\/uploads\\\/2026\\\/03\\\/1-1.jpg\",\"contentUrl\":\"https:\\\/\\\/www.gs-oepfershausen.de\\\/wp-content\\\/uploads\\\/2026\\\/03\\\/1-1.jpg\",\"width\":386,\"height\":79},{\"@type\":\"BreadcrumbList\",\"@id\":\"https:\\\/\\\/www.gs-oepfershausen.de\\\/?page_id=457#breadcrumb\",\"itemListElement\":[{\"@type\":\"ListItem\",\"position\":1,\"name\":\"Home\",\"item\":\"https:\\\/\\\/www.gs-oepfershausen.de\\\/\"},{\"@type\":\"ListItem\",\"position\":2,\"name\":\"Hort (036940) 50112\",\"item\":\"https:\\\/\\\/www.gs-oepfershausen.de\\\/?page_id=9\"},{\"@type\":\"ListItem\",\"position\":3,\"name\":\"Ferienprogramm, Ferienbetreuung aktuelles Schuljahr\"}]},{\"@type\":\"WebSite\",\"@id\":\"https:\\\/\\\/www.gs-oepfershausen.de\\\/#website\",\"url\":\"https:\\\/\\\/www.gs-oepfershausen.de\\\/\",\"name\":\"Grundschule Oepfershausen\",\"description\":\"\",\"potentialAction\":[{\"@type\":\"SearchAction\",\"target\":{\"@type\":\"EntryPoint\",\"urlTemplate\":\"https:\\\/\\\/www.gs-oepfershausen.de\\\/?s={search_term_string}\"},\"query-input\":{\"@type\":\"PropertyValueSpecification\",\"valueRequired\":true,\"valueName\":\"search_term_string\"}}],\"inLanguage\":\"de\"}]}<\/script>\n<!-- \/ Yoast SEO plugin. -->","yoast_head_json":{"title":"Ferienprogramm, Ferienbetreuung aktuelles Schuljahr - Grundschule Oepfershausen","robots":{"index":"index","follow":"follow","max-snippet":"max-snippet:-1","max-image-preview":"max-image-preview:large","max-video-preview":"max-video-preview:-1"},"canonical":"https:\/\/www.gs-oepfershausen.de\/?page_id=457","og_locale":"de_DE","og_type":"article","og_title":"Ferienprogramm, Ferienbetreuung aktuelles Schuljahr - Grundschule Oepfershausen","og_description":"Ferienhort Schuljahr 2025 \/ 26 Ferienprogramm Winter 2026 Unsere Ferienwoche war abwechslungsreich und voller sch\u00f6ner Erlebnisse. Am Rosenmontag (16.2.) starteten wir mit einer fr\u00f6hlichen Party in tollen Kost\u00fcmen und hatten jede Menge Spa\u00df. Am Dienstag verwandelte sich unsere Schule in ein gem\u00fctliches Kino. Kreativ und nachhaltig wurde es am Mittwoch beim Recyclingtag, an dem wir [&hellip;]","og_url":"https:\/\/www.gs-oepfershausen.de\/?page_id=457","og_site_name":"Grundschule Oepfershausen","article_modified_time":"2026-03-26T14:21:56+00:00","og_image":[{"width":386,"height":79,"url":"https:\/\/www.gs-oepfershausen.de\/wp-content\/uploads\/2026\/03\/1-1.jpg","type":"image\/jpeg"}],"twitter_card":"summary_large_image","twitter_misc":{"Gesch\u00e4tzte Lesezeit":"2\u00a0Minuten"},"schema":{"@context":"https:\/\/schema.org","@graph":[{"@type":"WebPage","@id":"https:\/\/www.gs-oepfershausen.de\/?page_id=457","url":"https:\/\/www.gs-oepfershausen.de\/?page_id=457","name":"Ferienprogramm, Ferienbetreuung aktuelles Schuljahr - Grundschule Oepfershausen","isPartOf":{"@id":"https:\/\/www.gs-oepfershausen.de\/#website"},"primaryImageOfPage":{"@id":"https:\/\/www.gs-oepfershausen.de\/?page_id=457#primaryimage"},"image":{"@id":"https:\/\/www.gs-oepfershausen.de\/?page_id=457#primaryimage"},"thumbnailUrl":"https:\/\/www.gs-oepfershausen.de\/wp-content\/uploads\/2026\/03\/1-1-300x61.jpg","datePublished":"2016-02-29T08:01:58+00:00","dateModified":"2026-03-26T14:21:56+00:00","breadcrumb":{"@id":"https:\/\/www.gs-oepfershausen.de\/?page_id=457#breadcrumb"},"inLanguage":"de","potentialAction":[{"@type":"ReadAction","target":["https:\/\/www.gs-oepfershausen.de\/?page_id=457"]}]},{"@type":"ImageObject","inLanguage":"de","@id":"https:\/\/www.gs-oepfershausen.de\/?page_id=457#primaryimage","url":"https:\/\/www.gs-oepfershausen.de\/wp-content\/uploads\/2026\/03\/1-1.jpg","contentUrl":"https:\/\/www.gs-oepfershausen.de\/wp-content\/uploads\/2026\/03\/1-1.jpg","width":386,"height":79},{"@type":"BreadcrumbList","@id":"https:\/\/www.gs-oepfershausen.de\/?page_id=457#breadcrumb","itemListElement":[{"@type":"ListItem","position":1,"name":"Home","item":"https:\/\/www.gs-oepfershausen.de\/"},{"@type":"ListItem","position":2,"name":"Hort (036940) 50112","item":"https:\/\/www.gs-oepfershausen.de\/?page_id=9"},{"@type":"ListItem","position":3,"name":"Ferienprogramm, Ferienbetreuung aktuelles Schuljahr"}]},{"@type":"WebSite","@id":"https:\/\/www.gs-oepfershausen.de\/#website","url":"https:\/\/www.gs-oepfershausen.de\/","name":"Grundschule Oepfershausen","description":"","potentialAction":[{"@type":"SearchAction","target":{"@type":"EntryPoint","urlTemplate":"https:\/\/www.gs-oepfershausen.de\/?s={search_term_string}"},"query-input":{"@type":"PropertyValueSpecification","valueRequired":true,"valueName":"search_term_string"}}],"inLanguage":"de"}]}},"_links":{"self":[{"href":"https:\/\/www.gs-oepfershausen.de\/index.php?rest_route=\/wp\/v2\/pages\/457","targetHints":{"allow":["GET"]}}],"collection":[{"href":"https:\/\/www.gs-oepfershausen.de\/index.php?rest_route=\/wp\/v2\/pages"}],"about":[{"href":"https:\/\/www.gs-oepfershausen.de\/index.php?rest_route=\/wp\/v2\/types\/page"}],"author":[{"embeddable":true,"href":"https:\/\/www.gs-oepfershausen.de\/index.php?rest_route=\/wp\/v2\/users\/7"}],"replies":[{"embeddable":true,"href":"https:\/\/www.gs-oepfershausen.de\/index.php?rest_route=%2Fwp%2Fv2%2Fcomments&post=457"}],"version-history":[{"count":196,"href":"https:\/\/www.gs-oepfershausen.de\/index.php?rest_route=\/wp\/v2\/pages\/457\/revisions"}],"predecessor-version":[{"id":12004,"href":"https:\/\/www.gs-oepfershausen.de\/index.php?rest_route=\/wp\/v2\/pages\/457\/revisions\/12004"}],"up":[{"embeddable":true,"href":"https:\/\/www.gs-oepfershausen.de\/index.php?rest_route=\/wp\/v2\/pages\/9"}],"wp:attachment":[{"href":"https:\/\/www.gs-oepfershausen.de\/index.php?rest_route=%2Fwp%2Fv2%2Fmedia&parent=457"}],"curies":[{"name":"wp","href":"https:\/\/api.w.org\/{rel}","templated":true}]}}