{"id":455,"date":"2016-02-29T08:01:05","date_gmt":"2016-02-29T08:01:05","guid":{"rendered":"http:\/\/www.gs-oepfershausen.de\/?page_id=455"},"modified":"2025-09-08T12:48:38","modified_gmt":"2025-09-08T10:48:38","slug":"oeffnungszeiten","status":"publish","type":"page","link":"https:\/\/www.gs-oepfershausen.de\/?page_id=455","title":{"rendered":"\u00d6ffnungszeiten"},"content":{"rendered":"<h3><strong>\u00a0<\/strong><\/h3>\n<p><strong><em>Montag bis Freitag:<\/em><\/strong><br \/>\n&#8211; Fr\u00fchhort ab 6:30 Uhr bis Unterrichtsbeginn<br \/>\n&#8211; nach Unterrichtsende bis 16.00 Uhr (nach Absprache l\u00e4ngere \u00d6ffnungszeiten m\u00f6glich)<\/p>\n<p><strong>Schlie\u00dfzeiten:<br \/>\n<\/strong>Diese Information finden Sie in der <em>\u00dcbersicht zum Ferienverbund<\/em> mit der Grundschule Ro\u00dfdorf.<\/p>\n<h3><span style=\"color: #ff0000;\">\u00dcbersicht Ferienverbund 2025 \/ 26<\/span><\/h3>\n<p><a href=\"https:\/\/www.gs-oepfershausen.de\/wp-content\/uploads\/2025\/09\/Ferienverbund-mit-Rossdorf.png\" data-rel=\"lightbox-gallery-xynvnWC0\" data-rl_title=\"Ferienverbund mit Ro\u00dfdorf\" data-rl_caption=\"\" title=\"Ferienverbund mit Ro\u00dfdorf\"><img loading=\"lazy\" decoding=\"async\" class=\"alignnone wp-image-11328\" src=\"https:\/\/www.gs-oepfershausen.de\/wp-content\/uploads\/2025\/09\/Ferienverbund-mit-Rossdorf-300x103.png\" alt=\"\" width=\"352\" height=\"121\" srcset=\"https:\/\/www.gs-oepfershausen.de\/wp-content\/uploads\/2025\/09\/Ferienverbund-mit-Rossdorf-300x103.png 300w, https:\/\/www.gs-oepfershausen.de\/wp-content\/uploads\/2025\/09\/Ferienverbund-mit-Rossdorf.png 766w\" sizes=\"auto, (max-width: 352px) 100vw, 352px\" \/><\/a><\/p>\n<p>&nbsp;<\/p>\n","protected":false},"excerpt":{"rendered":"<p>\u00a0 Montag bis Freitag: &#8211; Fr\u00fchhort ab 6:30 Uhr bis Unterrichtsbeginn &#8211; nach Unterrichtsende bis 16.00 Uhr (nach Absprache l\u00e4ngere \u00d6ffnungszeiten m\u00f6glich) Schlie\u00dfzeiten: Diese Information finden Sie in der \u00dcbersicht zum Ferienverbund mit der Grundschule Ro\u00dfdorf. \u00dcbersicht Ferienverbund 2025 \/ 26 &nbsp;<\/p>\n","protected":false},"author":7,"featured_media":0,"parent":9,"menu_order":310,"comment_status":"closed","ping_status":"closed","template":"","meta":{"footnotes":""},"class_list":["post-455","page","type-page","status-publish","hentry"],"yoast_head":"<!-- This site is optimized with the Yoast SEO plugin v27.5 - https:\/\/yoast.com\/product\/yoast-seo-wordpress\/ -->\n<title>\u00d6ffnungszeiten - Grundschule Oepfershausen<\/title>\n<meta name=\"robots\" content=\"index, follow, max-snippet:-1, max-image-preview:large, max-video-preview:-1\" \/>\n<link rel=\"canonical\" href=\"https:\/\/www.gs-oepfershausen.de\/?page_id=455\" \/>\n<meta property=\"og:locale\" content=\"de_DE\" \/>\n<meta property=\"og:type\" content=\"article\" \/>\n<meta property=\"og:title\" content=\"\u00d6ffnungszeiten - Grundschule Oepfershausen\" \/>\n<meta property=\"og:description\" content=\"\u00a0 Montag bis Freitag: &#8211; Fr\u00fchhort ab 6:30 Uhr bis Unterrichtsbeginn &#8211; nach Unterrichtsende bis 16.00 Uhr (nach Absprache l\u00e4ngere \u00d6ffnungszeiten m\u00f6glich) Schlie\u00dfzeiten: Diese Information finden Sie in der \u00dcbersicht zum Ferienverbund mit der Grundschule Ro\u00dfdorf. \u00dcbersicht Ferienverbund 2025 \/ 26 &nbsp;\" \/>\n<meta property=\"og:url\" content=\"https:\/\/www.gs-oepfershausen.de\/?page_id=455\" \/>\n<meta property=\"og:site_name\" content=\"Grundschule Oepfershausen\" \/>\n<meta property=\"article:modified_time\" content=\"2025-09-08T10:48:38+00:00\" \/>\n<meta property=\"og:image\" content=\"https:\/\/www.gs-oepfershausen.de\/wp-content\/uploads\/2025\/09\/Ferienverbund-mit-Rossdorf-300x103.png\" \/>\n<meta name=\"twitter:card\" content=\"summary_large_image\" \/>\n<meta name=\"twitter:label1\" content=\"Gesch\u00e4tzte Lesezeit\" \/>\n\t<meta name=\"twitter:data1\" content=\"1\u00a0Minute\" \/>\n<script type=\"application\/ld+json\" class=\"yoast-schema-graph\">{\"@context\":\"https:\\\/\\\/schema.org\",\"@graph\":[{\"@type\":\"WebPage\",\"@id\":\"https:\\\/\\\/www.gs-oepfershausen.de\\\/?page_id=455\",\"url\":\"https:\\\/\\\/www.gs-oepfershausen.de\\\/?page_id=455\",\"name\":\"\u00d6ffnungszeiten - Grundschule Oepfershausen\",\"isPartOf\":{\"@id\":\"https:\\\/\\\/www.gs-oepfershausen.de\\\/#website\"},\"primaryImageOfPage\":{\"@id\":\"https:\\\/\\\/www.gs-oepfershausen.de\\\/?page_id=455#primaryimage\"},\"image\":{\"@id\":\"https:\\\/\\\/www.gs-oepfershausen.de\\\/?page_id=455#primaryimage\"},\"thumbnailUrl\":\"https:\\\/\\\/www.gs-oepfershausen.de\\\/wp-content\\\/uploads\\\/2025\\\/09\\\/Ferienverbund-mit-Rossdorf-300x103.png\",\"datePublished\":\"2016-02-29T08:01:05+00:00\",\"dateModified\":\"2025-09-08T10:48:38+00:00\",\"breadcrumb\":{\"@id\":\"https:\\\/\\\/www.gs-oepfershausen.de\\\/?page_id=455#breadcrumb\"},\"inLanguage\":\"de\",\"potentialAction\":[{\"@type\":\"ReadAction\",\"target\":[\"https:\\\/\\\/www.gs-oepfershausen.de\\\/?page_id=455\"]}]},{\"@type\":\"ImageObject\",\"inLanguage\":\"de\",\"@id\":\"https:\\\/\\\/www.gs-oepfershausen.de\\\/?page_id=455#primaryimage\",\"url\":\"https:\\\/\\\/www.gs-oepfershausen.de\\\/wp-content\\\/uploads\\\/2025\\\/09\\\/Ferienverbund-mit-Rossdorf.png\",\"contentUrl\":\"https:\\\/\\\/www.gs-oepfershausen.de\\\/wp-content\\\/uploads\\\/2025\\\/09\\\/Ferienverbund-mit-Rossdorf.png\",\"width\":766,\"height\":264},{\"@type\":\"BreadcrumbList\",\"@id\":\"https:\\\/\\\/www.gs-oepfershausen.de\\\/?page_id=455#breadcrumb\",\"itemListElement\":[{\"@type\":\"ListItem\",\"position\":1,\"name\":\"Home\",\"item\":\"https:\\\/\\\/www.gs-oepfershausen.de\\\/\"},{\"@type\":\"ListItem\",\"position\":2,\"name\":\"Hort (036940) 50112\",\"item\":\"https:\\\/\\\/www.gs-oepfershausen.de\\\/?page_id=9\"},{\"@type\":\"ListItem\",\"position\":3,\"name\":\"\u00d6ffnungszeiten\"}]},{\"@type\":\"WebSite\",\"@id\":\"https:\\\/\\\/www.gs-oepfershausen.de\\\/#website\",\"url\":\"https:\\\/\\\/www.gs-oepfershausen.de\\\/\",\"name\":\"Grundschule Oepfershausen\",\"description\":\"\",\"potentialAction\":[{\"@type\":\"SearchAction\",\"target\":{\"@type\":\"EntryPoint\",\"urlTemplate\":\"https:\\\/\\\/www.gs-oepfershausen.de\\\/?s={search_term_string}\"},\"query-input\":{\"@type\":\"PropertyValueSpecification\",\"valueRequired\":true,\"valueName\":\"search_term_string\"}}],\"inLanguage\":\"de\"}]}<\/script>\n<!-- \/ Yoast SEO plugin. -->","yoast_head_json":{"title":"\u00d6ffnungszeiten - Grundschule Oepfershausen","robots":{"index":"index","follow":"follow","max-snippet":"max-snippet:-1","max-image-preview":"max-image-preview:large","max-video-preview":"max-video-preview:-1"},"canonical":"https:\/\/www.gs-oepfershausen.de\/?page_id=455","og_locale":"de_DE","og_type":"article","og_title":"\u00d6ffnungszeiten - Grundschule Oepfershausen","og_description":"\u00a0 Montag bis Freitag: &#8211; Fr\u00fchhort ab 6:30 Uhr bis Unterrichtsbeginn &#8211; nach Unterrichtsende bis 16.00 Uhr (nach Absprache l\u00e4ngere \u00d6ffnungszeiten m\u00f6glich) Schlie\u00dfzeiten: Diese Information finden Sie in der \u00dcbersicht zum Ferienverbund mit der Grundschule Ro\u00dfdorf. \u00dcbersicht Ferienverbund 2025 \/ 26 &nbsp;","og_url":"https:\/\/www.gs-oepfershausen.de\/?page_id=455","og_site_name":"Grundschule Oepfershausen","article_modified_time":"2025-09-08T10:48:38+00:00","og_image":[{"url":"https:\/\/www.gs-oepfershausen.de\/wp-content\/uploads\/2025\/09\/Ferienverbund-mit-Rossdorf-300x103.png","type":"","width":"","height":""}],"twitter_card":"summary_large_image","twitter_misc":{"Gesch\u00e4tzte Lesezeit":"1\u00a0Minute"},"schema":{"@context":"https:\/\/schema.org","@graph":[{"@type":"WebPage","@id":"https:\/\/www.gs-oepfershausen.de\/?page_id=455","url":"https:\/\/www.gs-oepfershausen.de\/?page_id=455","name":"\u00d6ffnungszeiten - Grundschule Oepfershausen","isPartOf":{"@id":"https:\/\/www.gs-oepfershausen.de\/#website"},"primaryImageOfPage":{"@id":"https:\/\/www.gs-oepfershausen.de\/?page_id=455#primaryimage"},"image":{"@id":"https:\/\/www.gs-oepfershausen.de\/?page_id=455#primaryimage"},"thumbnailUrl":"https:\/\/www.gs-oepfershausen.de\/wp-content\/uploads\/2025\/09\/Ferienverbund-mit-Rossdorf-300x103.png","datePublished":"2016-02-29T08:01:05+00:00","dateModified":"2025-09-08T10:48:38+00:00","breadcrumb":{"@id":"https:\/\/www.gs-oepfershausen.de\/?page_id=455#breadcrumb"},"inLanguage":"de","potentialAction":[{"@type":"ReadAction","target":["https:\/\/www.gs-oepfershausen.de\/?page_id=455"]}]},{"@type":"ImageObject","inLanguage":"de","@id":"https:\/\/www.gs-oepfershausen.de\/?page_id=455#primaryimage","url":"https:\/\/www.gs-oepfershausen.de\/wp-content\/uploads\/2025\/09\/Ferienverbund-mit-Rossdorf.png","contentUrl":"https:\/\/www.gs-oepfershausen.de\/wp-content\/uploads\/2025\/09\/Ferienverbund-mit-Rossdorf.png","width":766,"height":264},{"@type":"BreadcrumbList","@id":"https:\/\/www.gs-oepfershausen.de\/?page_id=455#breadcrumb","itemListElement":[{"@type":"ListItem","position":1,"name":"Home","item":"https:\/\/www.gs-oepfershausen.de\/"},{"@type":"ListItem","position":2,"name":"Hort (036940) 50112","item":"https:\/\/www.gs-oepfershausen.de\/?page_id=9"},{"@type":"ListItem","position":3,"name":"\u00d6ffnungszeiten"}]},{"@type":"WebSite","@id":"https:\/\/www.gs-oepfershausen.de\/#website","url":"https:\/\/www.gs-oepfershausen.de\/","name":"Grundschule Oepfershausen","description":"","potentialAction":[{"@type":"SearchAction","target":{"@type":"EntryPoint","urlTemplate":"https:\/\/www.gs-oepfershausen.de\/?s={search_term_string}"},"query-input":{"@type":"PropertyValueSpecification","valueRequired":true,"valueName":"search_term_string"}}],"inLanguage":"de"}]}},"_links":{"self":[{"href":"https:\/\/www.gs-oepfershausen.de\/index.php?rest_route=\/wp\/v2\/pages\/455","targetHints":{"allow":["GET"]}}],"collection":[{"href":"https:\/\/www.gs-oepfershausen.de\/index.php?rest_route=\/wp\/v2\/pages"}],"about":[{"href":"https:\/\/www.gs-oepfershausen.de\/index.php?rest_route=\/wp\/v2\/types\/page"}],"author":[{"embeddable":true,"href":"https:\/\/www.gs-oepfershausen.de\/index.php?rest_route=\/wp\/v2\/users\/7"}],"replies":[{"embeddable":true,"href":"https:\/\/www.gs-oepfershausen.de\/index.php?rest_route=%2Fwp%2Fv2%2Fcomments&post=455"}],"version-history":[{"count":17,"href":"https:\/\/www.gs-oepfershausen.de\/index.php?rest_route=\/wp\/v2\/pages\/455\/revisions"}],"predecessor-version":[{"id":11330,"href":"https:\/\/www.gs-oepfershausen.de\/index.php?rest_route=\/wp\/v2\/pages\/455\/revisions\/11330"}],"up":[{"embeddable":true,"href":"https:\/\/www.gs-oepfershausen.de\/index.php?rest_route=\/wp\/v2\/pages\/9"}],"wp:attachment":[{"href":"https:\/\/www.gs-oepfershausen.de\/index.php?rest_route=%2Fwp%2Fv2%2Fmedia&parent=455"}],"curies":[{"name":"wp","href":"https:\/\/api.w.org\/{rel}","templated":true}]}}