{"id":235,"date":"2015-06-24T15:15:36","date_gmt":"2015-06-24T15:15:36","guid":{"rendered":"http:\/\/testschule.lra-sm.de\/?page_id=235"},"modified":"2025-03-18T12:25:38","modified_gmt":"2025-03-18T10:25:38","slug":"informationen","status":"publish","type":"page","link":"https:\/\/www.gs-oepfershausen.de\/?page_id=235","title":{"rendered":"Schulleben"},"content":{"rendered":"<p>Neben dem Unterricht in den einzelnen F\u00e4chern versuchen wir gemeinsam mit Eltern und au\u00dferschulischen Partner viele Lernangebote zu schaffen, die alle Sinne der Kinder anregen, das &#8222;Lernen am anderen Ort&#8220; ber\u00fccksichtigen und das Miteinander unserer Schulgemeinde st\u00e4rkt.<\/p>\n<p>Zur festen Tradition sind der Weihnachtsmarkt, der ma\u00dfgeblich vom <a href=\"https:\/\/www.gs-oepfershausen.de\/?page_id=525\">F\u00f6rderverein<\/a> organisiert wird und das Schulfest zum Abschluss eines Schuljahres geworden.<\/p>\n<p>Aber auch die Jahreszeiten und ihre Feste finden Ber\u00fccksichtigung im Laufe eines Schuljahres. Bei den Projekttagen im Herbst, zur Weihnachtszeit und vor Ostern bringen die Eltern ihre Ideen mit ein und helfen bei der Durchf\u00fchrung.<\/p>\n<p>Au\u00dferdem findet vor den Herbst-, Weihnachts- und Osterferien\u00a0 in der Turnhalle ein bunt zusammengestelltes Programm statt, zu dem jede Klasse ihren Beitrag leistet und auch interessierte Eltern herzlich willkommen sind.<\/p>\n<p>Weiterhin finden an unserer Schule in unregelm\u00e4\u00dfigen Abst\u00e4nden Projekte mit folgenden Partnern statt:<\/p>\n<p>Kinderg\u00e4rten (<a href=\"https:\/\/www.wasungen.de\/leben-und-wohnen\/kita-und-schulen\/kita\">Wasungen, Unterkatz, Oepfershausen, H\u00fcmpfershausen<\/a>), Agrargenossenschaft H\u00fcmpfershausen, <a href=\"http:\/\/www.kunststation-oepfershausen.de\/\">Kunststation Oepfershausen<\/a>, <a href=\"http:\/\/www.smogline.de\/\">SMOG e.V.<\/a>, <a href=\"http:\/\/biosphaerenreservat-rhoen.de\/\">Biosph\u00e4renreservat Rh\u00f6n<\/a>, <a href=\"https:\/\/www.thueringenforst.de\/ueber-uns\/standorte\/forstaemter\/forstamt-kaltennordheim\">Forstamt Kaltennordheim<\/a>,<a href=\"https:\/\/stiftung.adac.de\/mobilitaet\/mobilitaetsbildung\/verkehrshelden\/paedagoginnen-paedagogen\/aufgepasst-mit-adacus\/\"> ADAC<\/a>, <a href=\"http:\/\/www.lpv-rhoen.de\/landschaftspflegeverband.html\">Landschaftspflegeverband BR Th\u00fcringische Rh\u00f6n e.V.<\/a>, <a href=\"https:\/\/www.staatstheater-meiningen.de\/start\/index.html\">Meininger Theater<\/a>, Tournee-Theater Wiesbaden, <a href=\"http:\/\/www.kreisverkehrswacht-gotha.de\/\">Verkehrswacht Gotha<\/a>, <a href=\"http:\/\/www.solardorf.de\/\">Solar-Dorf Kettmannshausen e.V<\/a>., <a href=\"http:\/\/www.kreisverkehrswacht-sm-mgn.de\/\">Jugendverkehrsschule Meiningen<\/a>, <a href=\"https:\/\/www.aid.de\/\">aid infodienst e.V<\/a>.<\/p>\n\n\t\t<style type=\"text\/css\">\n\t\t\t#gallery-1 {\n\t\t\t\tmargin: auto;\n\t\t\t}\n\t\t\t#gallery-1 .gallery-item {\n\t\t\t\tfloat: left;\n\t\t\t\tmargin-top: 10px;\n\t\t\t\ttext-align: center;\n\t\t\t\twidth: 33%;\n\t\t\t}\n\t\t\t#gallery-1 img {\n\t\t\t\tborder: 2px solid #cfcfcf;\n\t\t\t}\n\t\t\t#gallery-1 .gallery-caption {\n\t\t\t\tmargin-left: 0;\n\t\t\t}\n\t\t\t\/* see gallery_shortcode() in wp-includes\/media.php *\/\n\t\t<\/style>\n\t\t<div id='gallery-1' class='gallery galleryid-235 gallery-columns-3 gallery-size-thumbnail'><dl class='gallery-item'>\n\t\t\t<dt class='gallery-icon landscape'>\n\t\t\t\t<a href=\"https:\/\/www.gs-oepfershausen.de\/wp-content\/uploads\/2015\/06\/IMGP0137.jpg\" data-rel=\"lightbox-gallery-rLKJ32f4\" data-rl_title=\"PENTAX DIGITAL CAMERA\" data-rl_caption=\"\" title=\"PENTAX DIGITAL CAMERA\"><img loading=\"lazy\" decoding=\"async\" width=\"150\" height=\"150\" src=\"https:\/\/www.gs-oepfershausen.de\/wp-content\/uploads\/2015\/06\/IMGP0137-150x150.jpg\" class=\"attachment-thumbnail size-thumbnail\" alt=\"\" aria-describedby=\"gallery-1-936\" \/><\/a>\n\t\t\t<\/dt>\n\t\t\t\t<dd class='wp-caption-text gallery-caption' id='gallery-1-936'>\n\t\t\t\tSportfest und Spendenlauf\n\t\t\t\t<\/dd><\/dl><dl class='gallery-item'>\n\t\t\t<dt class='gallery-icon landscape'>\n\t\t\t\t<a href=\"https:\/\/www.gs-oepfershausen.de\/wp-content\/uploads\/2015\/06\/IMGP0112.jpg\" data-rel=\"lightbox-gallery-rLKJ32f4\" data-rl_title=\"PENTAX DIGITAL CAMERA\" data-rl_caption=\"\" title=\"PENTAX DIGITAL CAMERA\"><img loading=\"lazy\" decoding=\"async\" width=\"150\" height=\"150\" src=\"https:\/\/www.gs-oepfershausen.de\/wp-content\/uploads\/2015\/06\/IMGP0112-150x150.jpg\" class=\"attachment-thumbnail size-thumbnail\" alt=\"\" aria-describedby=\"gallery-1-935\" \/><\/a>\n\t\t\t<\/dt>\n\t\t\t\t<dd class='wp-caption-text gallery-caption' id='gallery-1-935'>\n\t\t\t\tSchulfest 2016\n\t\t\t\t<\/dd><\/dl><dl class='gallery-item'>\n\t\t\t<dt class='gallery-icon landscape'>\n\t\t\t\t<a href=\"https:\/\/www.gs-oepfershausen.de\/wp-content\/uploads\/2015\/06\/IMGP0089.jpg\" data-rel=\"lightbox-gallery-rLKJ32f4\" data-rl_title=\"PENTAX DIGITAL CAMERA\" data-rl_caption=\"\" title=\"PENTAX DIGITAL CAMERA\"><img loading=\"lazy\" decoding=\"async\" width=\"150\" height=\"150\" src=\"https:\/\/www.gs-oepfershausen.de\/wp-content\/uploads\/2015\/06\/IMGP0089-150x150.jpg\" class=\"attachment-thumbnail size-thumbnail\" alt=\"\" aria-describedby=\"gallery-1-934\" \/><\/a>\n\t\t\t<\/dt>\n\t\t\t\t<dd class='wp-caption-text gallery-caption' id='gallery-1-934'>\n\t\t\t\tWir pflanzen den &#8222;Baum des Jahres&#8220;\n\t\t\t\t<\/dd><\/dl><br style=\"clear: both\" \/><dl class='gallery-item'>\n\t\t\t<dt class='gallery-icon landscape'>\n\t\t\t\t<a href=\"https:\/\/www.gs-oepfershausen.de\/wp-content\/uploads\/2015\/06\/IMGP0083.jpg\" data-rel=\"lightbox-gallery-rLKJ32f4\" data-rl_title=\"PENTAX DIGITAL CAMERA\" data-rl_caption=\"\" title=\"PENTAX DIGITAL CAMERA\"><img loading=\"lazy\" decoding=\"async\" width=\"150\" height=\"150\" src=\"https:\/\/www.gs-oepfershausen.de\/wp-content\/uploads\/2015\/06\/IMGP0083-150x150.jpg\" class=\"attachment-thumbnail size-thumbnail\" alt=\"\" aria-describedby=\"gallery-1-933\" \/><\/a>\n\t\t\t<\/dt>\n\t\t\t\t<dd class='wp-caption-text gallery-caption' id='gallery-1-933'>\n\t\t\t\tLesek\u00f6nig\n\t\t\t\t<\/dd><\/dl><dl class='gallery-item'>\n\t\t\t<dt class='gallery-icon landscape'>\n\t\t\t\t<a href=\"https:\/\/www.gs-oepfershausen.de\/wp-content\/uploads\/2015\/06\/IMGP0067.jpg\" data-rel=\"lightbox-gallery-rLKJ32f4\" data-rl_title=\"PENTAX DIGITAL CAMERA\" data-rl_caption=\"\" title=\"PENTAX DIGITAL CAMERA\"><img loading=\"lazy\" decoding=\"async\" width=\"150\" height=\"150\" src=\"https:\/\/www.gs-oepfershausen.de\/wp-content\/uploads\/2015\/06\/IMGP0067-150x150.jpg\" class=\"attachment-thumbnail size-thumbnail\" alt=\"\" aria-describedby=\"gallery-1-932\" \/><\/a>\n\t\t\t<\/dt>\n\t\t\t\t<dd class='wp-caption-text gallery-caption' id='gallery-1-932'>\n\t\t\t\tProjekt SMOG\n\t\t\t\t<\/dd><\/dl><dl class='gallery-item'>\n\t\t\t<dt class='gallery-icon landscape'>\n\t\t\t\t<a href=\"https:\/\/www.gs-oepfershausen.de\/wp-content\/uploads\/2015\/06\/IMGP0029.jpg\" data-rel=\"lightbox-gallery-rLKJ32f4\" data-rl_title=\"PENTAX DIGITAL CAMERA\" data-rl_caption=\"\" title=\"PENTAX DIGITAL CAMERA\"><img loading=\"lazy\" decoding=\"async\" width=\"150\" height=\"150\" src=\"https:\/\/www.gs-oepfershausen.de\/wp-content\/uploads\/2015\/06\/IMGP0029-150x150.jpg\" class=\"attachment-thumbnail size-thumbnail\" alt=\"\" aria-describedby=\"gallery-1-931\" \/><\/a>\n\t\t\t<\/dt>\n\t\t\t\t<dd class='wp-caption-text gallery-caption' id='gallery-1-931'>\n\t\t\t\tProgramm vor den Osterferien\n\t\t\t\t<\/dd><\/dl><br style=\"clear: both\" \/><dl class='gallery-item'>\n\t\t\t<dt class='gallery-icon landscape'>\n\t\t\t\t<a href=\"https:\/\/www.gs-oepfershausen.de\/wp-content\/uploads\/2015\/06\/IMGP0010.jpg\" data-rel=\"lightbox-gallery-rLKJ32f4\" data-rl_title=\"PENTAX DIGITAL CAMERA\" data-rl_caption=\"\" title=\"PENTAX DIGITAL CAMERA\"><img loading=\"lazy\" decoding=\"async\" width=\"150\" height=\"150\" src=\"https:\/\/www.gs-oepfershausen.de\/wp-content\/uploads\/2015\/06\/IMGP0010-150x150.jpg\" class=\"attachment-thumbnail size-thumbnail\" alt=\"\" aria-describedby=\"gallery-1-930\" \/><\/a>\n\t\t\t<\/dt>\n\t\t\t\t<dd class='wp-caption-text gallery-caption' id='gallery-1-930'>\n\t\t\t\tProjekt mit Th\u00fcringen Forst\n\t\t\t\t<\/dd><\/dl><dl class='gallery-item'>\n\t\t\t<dt class='gallery-icon landscape'>\n\t\t\t\t<a href=\"https:\/\/www.gs-oepfershausen.de\/wp-content\/uploads\/2015\/06\/IMGP0199.jpg\" data-rel=\"lightbox-gallery-rLKJ32f4\" data-rl_title=\"PENTAX DIGITAL CAMERA\" data-rl_caption=\"\" title=\"PENTAX DIGITAL CAMERA\"><img loading=\"lazy\" decoding=\"async\" width=\"150\" height=\"150\" src=\"https:\/\/www.gs-oepfershausen.de\/wp-content\/uploads\/2015\/06\/IMGP0199-150x150.jpg\" class=\"attachment-thumbnail size-thumbnail\" alt=\"\" aria-describedby=\"gallery-1-929\" \/><\/a>\n\t\t\t<\/dt>\n\t\t\t\t<dd class='wp-caption-text gallery-caption' id='gallery-1-929'>\n\t\t\t\tSchulhof\n\t\t\t\t<\/dd><\/dl><dl class='gallery-item'>\n\t\t\t<dt class='gallery-icon landscape'>\n\t\t\t\t<a href=\"https:\/\/www.gs-oepfershausen.de\/wp-content\/uploads\/2015\/06\/IMGP0198.jpg\" data-rel=\"lightbox-gallery-rLKJ32f4\" data-rl_title=\"PENTAX DIGITAL CAMERA\" data-rl_caption=\"\" title=\"PENTAX DIGITAL CAMERA\"><img loading=\"lazy\" decoding=\"async\" width=\"150\" height=\"150\" src=\"https:\/\/www.gs-oepfershausen.de\/wp-content\/uploads\/2015\/06\/IMGP0198-150x150.jpg\" class=\"attachment-thumbnail size-thumbnail\" alt=\"\" aria-describedby=\"gallery-1-928\" \/><\/a>\n\t\t\t<\/dt>\n\t\t\t\t<dd class='wp-caption-text gallery-caption' id='gallery-1-928'>\n\t\t\t\tSchulhof\n\t\t\t\t<\/dd><\/dl><br style=\"clear: both\" \/><dl class='gallery-item'>\n\t\t\t<dt class='gallery-icon landscape'>\n\t\t\t\t<a href=\"https:\/\/www.gs-oepfershausen.de\/wp-content\/uploads\/2015\/06\/IMGP0197.jpg\" data-rel=\"lightbox-gallery-rLKJ32f4\" data-rl_title=\"PENTAX DIGITAL CAMERA\" data-rl_caption=\"\" title=\"PENTAX DIGITAL CAMERA\"><img loading=\"lazy\" decoding=\"async\" width=\"150\" height=\"150\" src=\"https:\/\/www.gs-oepfershausen.de\/wp-content\/uploads\/2015\/06\/IMGP0197-150x150.jpg\" class=\"attachment-thumbnail size-thumbnail\" alt=\"\" aria-describedby=\"gallery-1-927\" \/><\/a>\n\t\t\t<\/dt>\n\t\t\t\t<dd class='wp-caption-text gallery-caption' id='gallery-1-927'>\n\t\t\t\tSchulhof\n\t\t\t\t<\/dd><\/dl><dl class='gallery-item'>\n\t\t\t<dt class='gallery-icon landscape'>\n\t\t\t\t<a href=\"https:\/\/www.gs-oepfershausen.de\/wp-content\/uploads\/2015\/06\/IMGP0196.jpg\" data-rel=\"lightbox-gallery-rLKJ32f4\" data-rl_title=\"PENTAX DIGITAL CAMERA\" data-rl_caption=\"\" title=\"PENTAX DIGITAL CAMERA\"><img loading=\"lazy\" decoding=\"async\" width=\"150\" height=\"150\" src=\"https:\/\/www.gs-oepfershausen.de\/wp-content\/uploads\/2015\/06\/IMGP0196-150x150.jpg\" class=\"attachment-thumbnail size-thumbnail\" alt=\"\" aria-describedby=\"gallery-1-926\" \/><\/a>\n\t\t\t<\/dt>\n\t\t\t\t<dd class='wp-caption-text gallery-caption' id='gallery-1-926'>\n\t\t\t\tSchulhof\n\t\t\t\t<\/dd><\/dl>\n\t\t\t<br style='clear: both' \/>\n\t\t<\/div>\n\n<p>&nbsp;<\/p>\n","protected":false},"excerpt":{"rendered":"<p>Neben dem Unterricht in den einzelnen F\u00e4chern versuchen wir gemeinsam mit Eltern und au\u00dferschulischen Partner viele Lernangebote zu schaffen, die alle Sinne der Kinder anregen, das &#8222;Lernen am anderen Ort&#8220; ber\u00fccksichtigen und das Miteinander unserer Schulgemeinde st\u00e4rkt. Zur festen Tradition sind der Weihnachtsmarkt, der ma\u00dfgeblich vom F\u00f6rderverein organisiert wird und das Schulfest zum Abschluss eines [&hellip;]<\/p>\n","protected":false},"author":7,"featured_media":0,"parent":0,"menu_order":200,"comment_status":"open","ping_status":"open","template":"","meta":{"footnotes":""},"class_list":["post-235","page","type-page","status-publish","hentry"],"yoast_head":"<!-- This site is optimized with the Yoast SEO plugin v27.5 - https:\/\/yoast.com\/product\/yoast-seo-wordpress\/ -->\n<title>Schulleben - Grundschule Oepfershausen<\/title>\n<meta name=\"robots\" content=\"index, follow, max-snippet:-1, max-image-preview:large, max-video-preview:-1\" \/>\n<link rel=\"canonical\" href=\"https:\/\/www.gs-oepfershausen.de\/?page_id=235\" \/>\n<meta property=\"og:locale\" content=\"de_DE\" \/>\n<meta property=\"og:type\" content=\"article\" \/>\n<meta property=\"og:title\" content=\"Schulleben - Grundschule Oepfershausen\" \/>\n<meta property=\"og:description\" content=\"Neben dem Unterricht in den einzelnen F\u00e4chern versuchen wir gemeinsam mit Eltern und au\u00dferschulischen Partner viele Lernangebote zu schaffen, die alle Sinne der Kinder anregen, das &#8222;Lernen am anderen Ort&#8220; ber\u00fccksichtigen und das Miteinander unserer Schulgemeinde st\u00e4rkt. Zur festen Tradition sind der Weihnachtsmarkt, der ma\u00dfgeblich vom F\u00f6rderverein organisiert wird und das Schulfest zum Abschluss eines [&hellip;]\" \/>\n<meta property=\"og:url\" content=\"https:\/\/www.gs-oepfershausen.de\/?page_id=235\" \/>\n<meta property=\"og:site_name\" content=\"Grundschule Oepfershausen\" \/>\n<meta property=\"article:modified_time\" content=\"2025-03-18T10:25:38+00:00\" \/>\n<meta property=\"og:image\" content=\"https:\/\/www.gs-oepfershausen.de\/wp-content\/uploads\/2015\/06\/IMGP0137-150x150.jpg\" \/>\n<meta name=\"twitter:card\" content=\"summary_large_image\" \/>\n<meta name=\"twitter:label1\" content=\"Gesch\u00e4tzte Lesezeit\" \/>\n\t<meta name=\"twitter:data1\" content=\"1\u00a0Minute\" \/>\n<script type=\"application\/ld+json\" class=\"yoast-schema-graph\">{\"@context\":\"https:\\\/\\\/schema.org\",\"@graph\":[{\"@type\":\"WebPage\",\"@id\":\"https:\\\/\\\/www.gs-oepfershausen.de\\\/?page_id=235\",\"url\":\"https:\\\/\\\/www.gs-oepfershausen.de\\\/?page_id=235\",\"name\":\"Schulleben - Grundschule Oepfershausen\",\"isPartOf\":{\"@id\":\"https:\\\/\\\/www.gs-oepfershausen.de\\\/#website\"},\"datePublished\":\"2015-06-24T15:15:36+00:00\",\"dateModified\":\"2025-03-18T10:25:38+00:00\",\"breadcrumb\":{\"@id\":\"https:\\\/\\\/www.gs-oepfershausen.de\\\/?page_id=235#breadcrumb\"},\"inLanguage\":\"de\",\"potentialAction\":[{\"@type\":\"ReadAction\",\"target\":[\"https:\\\/\\\/www.gs-oepfershausen.de\\\/?page_id=235\"]}]},{\"@type\":\"BreadcrumbList\",\"@id\":\"https:\\\/\\\/www.gs-oepfershausen.de\\\/?page_id=235#breadcrumb\",\"itemListElement\":[{\"@type\":\"ListItem\",\"position\":1,\"name\":\"Home\",\"item\":\"https:\\\/\\\/www.gs-oepfershausen.de\\\/\"},{\"@type\":\"ListItem\",\"position\":2,\"name\":\"Schulleben\"}]},{\"@type\":\"WebSite\",\"@id\":\"https:\\\/\\\/www.gs-oepfershausen.de\\\/#website\",\"url\":\"https:\\\/\\\/www.gs-oepfershausen.de\\\/\",\"name\":\"Grundschule Oepfershausen\",\"description\":\"\",\"potentialAction\":[{\"@type\":\"SearchAction\",\"target\":{\"@type\":\"EntryPoint\",\"urlTemplate\":\"https:\\\/\\\/www.gs-oepfershausen.de\\\/?s={search_term_string}\"},\"query-input\":{\"@type\":\"PropertyValueSpecification\",\"valueRequired\":true,\"valueName\":\"search_term_string\"}}],\"inLanguage\":\"de\"}]}<\/script>\n<!-- \/ Yoast SEO plugin. -->","yoast_head_json":{"title":"Schulleben - Grundschule Oepfershausen","robots":{"index":"index","follow":"follow","max-snippet":"max-snippet:-1","max-image-preview":"max-image-preview:large","max-video-preview":"max-video-preview:-1"},"canonical":"https:\/\/www.gs-oepfershausen.de\/?page_id=235","og_locale":"de_DE","og_type":"article","og_title":"Schulleben - Grundschule Oepfershausen","og_description":"Neben dem Unterricht in den einzelnen F\u00e4chern versuchen wir gemeinsam mit Eltern und au\u00dferschulischen Partner viele Lernangebote zu schaffen, die alle Sinne der Kinder anregen, das &#8222;Lernen am anderen Ort&#8220; ber\u00fccksichtigen und das Miteinander unserer Schulgemeinde st\u00e4rkt. Zur festen Tradition sind der Weihnachtsmarkt, der ma\u00dfgeblich vom F\u00f6rderverein organisiert wird und das Schulfest zum Abschluss eines [&hellip;]","og_url":"https:\/\/www.gs-oepfershausen.de\/?page_id=235","og_site_name":"Grundschule Oepfershausen","article_modified_time":"2025-03-18T10:25:38+00:00","og_image":[{"url":"https:\/\/www.gs-oepfershausen.de\/wp-content\/uploads\/2015\/06\/IMGP0137-150x150.jpg","type":"","width":"","height":""}],"twitter_card":"summary_large_image","twitter_misc":{"Gesch\u00e4tzte Lesezeit":"1\u00a0Minute"},"schema":{"@context":"https:\/\/schema.org","@graph":[{"@type":"WebPage","@id":"https:\/\/www.gs-oepfershausen.de\/?page_id=235","url":"https:\/\/www.gs-oepfershausen.de\/?page_id=235","name":"Schulleben - Grundschule Oepfershausen","isPartOf":{"@id":"https:\/\/www.gs-oepfershausen.de\/#website"},"datePublished":"2015-06-24T15:15:36+00:00","dateModified":"2025-03-18T10:25:38+00:00","breadcrumb":{"@id":"https:\/\/www.gs-oepfershausen.de\/?page_id=235#breadcrumb"},"inLanguage":"de","potentialAction":[{"@type":"ReadAction","target":["https:\/\/www.gs-oepfershausen.de\/?page_id=235"]}]},{"@type":"BreadcrumbList","@id":"https:\/\/www.gs-oepfershausen.de\/?page_id=235#breadcrumb","itemListElement":[{"@type":"ListItem","position":1,"name":"Home","item":"https:\/\/www.gs-oepfershausen.de\/"},{"@type":"ListItem","position":2,"name":"Schulleben"}]},{"@type":"WebSite","@id":"https:\/\/www.gs-oepfershausen.de\/#website","url":"https:\/\/www.gs-oepfershausen.de\/","name":"Grundschule Oepfershausen","description":"","potentialAction":[{"@type":"SearchAction","target":{"@type":"EntryPoint","urlTemplate":"https:\/\/www.gs-oepfershausen.de\/?s={search_term_string}"},"query-input":{"@type":"PropertyValueSpecification","valueRequired":true,"valueName":"search_term_string"}}],"inLanguage":"de"}]}},"_links":{"self":[{"href":"https:\/\/www.gs-oepfershausen.de\/index.php?rest_route=\/wp\/v2\/pages\/235","targetHints":{"allow":["GET"]}}],"collection":[{"href":"https:\/\/www.gs-oepfershausen.de\/index.php?rest_route=\/wp\/v2\/pages"}],"about":[{"href":"https:\/\/www.gs-oepfershausen.de\/index.php?rest_route=\/wp\/v2\/types\/page"}],"author":[{"embeddable":true,"href":"https:\/\/www.gs-oepfershausen.de\/index.php?rest_route=\/wp\/v2\/users\/7"}],"replies":[{"embeddable":true,"href":"https:\/\/www.gs-oepfershausen.de\/index.php?rest_route=%2Fwp%2Fv2%2Fcomments&post=235"}],"version-history":[{"count":41,"href":"https:\/\/www.gs-oepfershausen.de\/index.php?rest_route=\/wp\/v2\/pages\/235\/revisions"}],"predecessor-version":[{"id":10757,"href":"https:\/\/www.gs-oepfershausen.de\/index.php?rest_route=\/wp\/v2\/pages\/235\/revisions\/10757"}],"wp:attachment":[{"href":"https:\/\/www.gs-oepfershausen.de\/index.php?rest_route=%2Fwp%2Fv2%2Fmedia&parent=235"}],"curies":[{"name":"wp","href":"https:\/\/api.w.org\/{rel}","templated":true}]}}