{"id":233,"date":"2015-06-24T15:13:44","date_gmt":"2015-06-24T15:13:44","guid":{"rendered":"http:\/\/testschule.lra-sm.de\/?page_id=233"},"modified":"2023-10-24T10:07:38","modified_gmt":"2023-10-24T08:07:38","slug":"impressum","status":"publish","type":"page","link":"https:\/\/www.gs-oepfershausen.de\/?page_id=233","title":{"rendered":"Impressum\/Datenschutz"},"content":{"rendered":"<p><strong>Her<\/strong><strong>ausgeber<\/strong><\/p>\n<p>Land Th\u00fcringen<\/p>\n<p>Vertreten durch die<\/p>\n<p>Staatliche Grundschule \u201eAm Hahnberg\u201c Oepfershausen<\/p>\n<p>Schlossstra\u00dfe 64<\/p>\n<p>98634 Wasungen OT Oepfershausen<\/p>\n<p>Telefon-Nr. (036940) 50390<\/p>\n<p>Telefax-Nr. (036940) 50116<\/p>\n<p>E-Mail: <a class=\"mailto-link\" href=\"mailto:info@gs-oepfershausen.de\" target=\"_blank\" rel=\"noopener\">info@gs-oepfershausen.de<\/a><\/p>\n<p>Vertretungsberechtigt: Nicole Kirchner, gs-oepfershausen@lra-sm.de<\/p>\n<p>Redaktionell verantwortlich f\u00fcr die Inhalte der Website<br \/>\nNicole Kirchner<br \/>\nSchulleitung<\/p>\n<p>Telefon: (036940) 50390<br \/>\nE-Mail: <a class=\"mailto-link\" href=\"mailto:info@gs-oepfershausen.de\" target=\"_blank\" rel=\"noopener\">info@gs-oepfershausen.de<\/a><\/p>\n<p><strong>\u00a0<\/strong><\/p>\n<p><strong>Datenschutzerkl\u00e4rung <\/strong><\/p>\n<p>1. Verantwortlicher und Datenschutzbeauftragter<\/p>\n<p>1.1 Verantwortlicher gem. Art. 4 Abs. 7 EU-Datenschutz-Grundverordnung (EU-DSGVO) ist:<\/p>\n<p>Nicole Kirchner<\/p>\n<p>Schlossstra\u00dfe 64<\/p>\n<p>98634 Wasungen OT Oepfershausen<\/p>\n<p>Telefon: 036940 \/ 50390<\/p>\n<p>Fax: 036940 \/ 50116<\/p>\n<p>E-Mail: <a class=\"mailto-link\" href=\"mailto:info@gs-oepfershausen.de\" target=\"_blank\" rel=\"noopener\">info@gs-oepfershausen.de<\/a><\/p>\n<p>1.2 Unseren Datenschutzbeauftragten erreichen Sie unter 036940 \/ 50390 oder unserer Postadresse mit dem Zusatz \u201eder Datenschutzbeauftragte\u201c.<\/p>\n<p>2. Ihre Rechte<\/p>\n<p>2.1 Sie haben gegen\u00fcber uns folgende Rechte hinsichtlich der Sie betreffenden personenbezogenen Daten:<\/p>\n<p>\u2013 Recht auf Auskunft,<\/p>\n<p>\u2013 Recht auf Berichtigung oder L\u00f6schung,<\/p>\n<p>\u2013 Recht auf Einschr\u00e4nkung der Verarbeitung,<\/p>\n<p>\u2013 Recht auf Widerspruch gegen die Verarbeitung,<\/p>\n<p>\u2013 Recht auf Daten\u00fcbertragbarkeit.<\/p>\n<p>2.2 Sie haben zudem das Recht, sich bei einer Datenschutz-Aufsichtsbeh\u00f6rde \u00fcber die Verarbeitung Ihrer personenbezogenen Daten durch uns zu beschweren.<\/p>\n<p>Die Datenschutzaufsichtsbeh\u00f6rde ist:<\/p>\n<p>Kontaktdaten der Aufsichtsbeh\u00f6rde:<br \/>\nTh\u00fcringer Landesbeauftragter f\u00fcr den Datenschutz und die Informationsfreiheit (TlfDI)<br \/>\nPostfach 90 04 55<br \/>\n99107 Erfurt<\/p>\n<p>H\u00e4\u00dflerstra\u00dfe 8<br \/>\n99096 Erfurt<\/p>\n<p>Telefon: 0361 \/ 57 311 29 00<br \/>\nTelefax: 0361 \/ 57 311 29 04<br \/>\nE-Mail: <a href=\"mailto:poststelle@datenschutz.thueringen.de\">poststelle@datenschutz.thueringen.de<\/a><\/p>\n<p><a href=\"https:\/\/www.tlfdi.de\/\">https:\/\/www.tlfdi.de<\/a><\/p>\n<p>2.3 Werden personenbezogene Daten an ein Drittland oder an eine internationale Organisation<\/p>\n<p>\u00fcbermittelt, so haben Sie das Recht, \u00fcber die geeigneten Garantien gem\u00e4\u00df Art. 46 EU-DSGVO im Zusammenhang mit der \u00dcbermittlung unterrichtet zu werden.<\/p>\n<p>3. Erhebung und Zweck personenbezogener Daten bei Besuch unserer Website<\/p>\n<p>3.1 Bei der blo\u00df informatorischen Nutzung der Website, also wenn Sie sich nicht registrieren oder uns anderweitig Informationen \u00fcbermitteln, erheben wir nur die personenbezogenen Daten, die Ihr Brow-ser an unseren Server \u00fcbermittelt. Wenn Sie unsere Website betrachten m\u00f6chten, erheben wir die folgenden Daten, die f\u00fcr uns technisch erforderlich sind, um Ihnen unsere Website anzuzeigen und die Stabilit\u00e4t und Sicherheit zu gew\u00e4hrleisten (Rechtsgrundlage ist Art. 6 Abs. 1 S. 1 lit. f EU-DSGVO):<\/p>\n<p>\uf0b7- \u00a0IP-Adresse<\/p>\n<p>\uf0b7 &#8211; Datum und Uhrzeit der Anfrage<\/p>\n<p>\uf0b7 &#8211; Zeitzonendifferenz zur Greenwich Mean Time (GMT)<\/p>\n<p>\uf0b7 &#8211; Inhalt der Anforderung (konkrete Seite)<\/p>\n<p>\uf0b7 &#8211; Zugriffsstatus\/HTTP-Statuscode<\/p>\n<p>\uf0b7- \u00a0jeweils \u00fcbertragene Datenmenge<\/p>\n<p>\uf0b7 &#8211; Website, von der die Anforderung kommt<\/p>\n<p>\uf0b7 &#8211; Browser<\/p>\n<p>\uf0b7 &#8211; Betriebssystem und dessen Oberfl\u00e4che<\/p>\n<p>\uf0b7- Sprache und Version der Browsersoftware.<\/p>\n<p>3.2 Zus\u00e4tzlich zu den zuvor genannten Daten werden bei Ihrer Nutzung unserer Website Cookies auf Ihrem Rechner gespeichert. Bei Cookies handelt es sich um kleine Textdateien, die auf Ihrer Festplatte dem von Ihnen verwendeten Browser zugeordnet gespeichert werden und durch welche der Stelle, die den Cookie setzt (hier durch uns), bestimmte Informationen zuflie\u00dfen. Cookies k\u00f6nnen keine Programme ausf\u00fchren oder Viren auf Ihren Computer \u00fcbertragen. Sie dienen dazu, das Internetangebot insgesamt nutzerfreundlicher und effektiver zu machen.<\/p>\n<p>3.3 Einsatz von Cookies 1:<\/p>\n<p>a) Diese Website nutzt folgende Arten von Cookies, deren Umfang und Funktionsweise im Folgenden erl\u00e4utert werden:<\/p>\n<p>\u2013 Transiente Cookies (dazu b)<\/p>\n<p>\u2013 Persistente Cookies (dazu c).<\/p>\n<p>b) Transiente Cookies werden automatisiert gel\u00f6scht, wenn Sie den Browser schlie\u00dfen. Dazu z\u00e4hlen insbesondere die Session-Cookies. Diese speichern eine sogenannte Session-ID, mit welcher sich verschiedene Anfragen Ihres Browsers der gemeinsamen Sitzung zuordnen lassen. Dadurch kann Ihr Rechner wiedererkannt werden, wenn Sie auf unsere Website zur\u00fcckkehren. Die Session-Cookies werden gel\u00f6scht, wenn Sie sich ausloggen oder den Browser schlie\u00dfen.<\/p>\n<p>c) Persistente Cookies werden automatisiert nach einer vorgegebenen Dauer gel\u00f6scht, die sich je nach Cookie unterscheiden kann. Sie k\u00f6nnen die Cookies in den Sicherheitseinstellungen Ihres Browsers jederzeit l\u00f6schen.<\/p>\n<p>d) Sie k\u00f6nnen Ihre Browser-Einstellung entsprechend Ihren W\u00fcnschen konfigurieren und z. B. die Annahme von Third-Party-Cookies oder allen Cookies ablehnen. Wir weisen Sie darauf hin, dass Sie eventuell nicht alle Funktionen dieser Website nutzen k\u00f6nnen.<\/p>\n<p><strong>\u201eRechtliche Hinweise\u201c <\/strong><\/p>\n<p><strong>Urheberrecht <\/strong><\/p>\n<p>Texte, Bilder, Grafiken und Fotos sowie die Gestaltung dieser Internetseiten unterliegen dem Urheberrecht. Sie d\u00fcrfen von Ihnen nur zum privaten und sonstigen eigenen Gebrauch im Rahmen des \u00a7 53 Urheberrechtsgesetz (UrhG) ohne jede \u00c4nderung vervielf\u00e4ltigt werden. Eine Verbreitung von Kopien (analog oder digital) oder Ausz\u00fcgen ist nur mit schriftlicher Genehmigung zul\u00e4ssig. Der Nachdruck und die Auswertung von Pressemitteilungen und Reden sind mit Quellenangabe gestattet.<\/p>\n<p>Texte, Bilder, Grafiken und sonstige Materialien k\u00f6nnen ganz oder teilweise dem Urheberrecht Dritter unterliegen. Die Inhalte Dritter sind als solche kenntlich gemacht und d\u00fcrfen ohne Einwilligung des Rechteinhabers nicht vervielf\u00e4ltigt, \u00f6ffentlich zug\u00e4nglich gemacht oder \u00f6ffentlich wiedergegeben werden.<\/p>\n<p><strong>Haftung f\u00fcr Inhalte <\/strong><\/p>\n<p>Die Informationen, die Sie auf diesem Internetauftritt vorfinden, wurden nach bestem Wissen und Gewissen sorgf\u00e4ltig zusammengestellt und gepr\u00fcft. F\u00fcr die Richtigkeit, Vollst\u00e4ndigkeit, Aktualit\u00e4t oder Qualit\u00e4t und jederzeitige Verf\u00fcgbarkeit der bereit gestellten Informationen wird jedoch keine Gew\u00e4hr \u00fcbernommen.<\/p>\n<p>Diensteanbieter sind gem\u00e4\u00df \u00a7 7 Abs.1 TMG f\u00fcr eigene Inhalte auf diesen Seiten nach den allgemeinen Gesetzen verantwortlich. Diensteanbieter sind jedoch nicht verpflichtet, \u00fcbermittelte oder gespeicherte fremde Informationen zu \u00fcberwachen oder nach Umst\u00e4nden zu forschen, die auf eine rechtswidrige T\u00e4tigkeit hinweisen. Verpflichtungen zur Entfernung oder Sperrung der Nutzung von Informationen nach den allgemeinen Gesetzen bleiben hiervon unber\u00fchrt.<\/p>\n<p>Dieser Internetauftritt enth\u00e4lt auch Links oder Verweise auf Internetauftritte Dritter. Diese Links zu den Internetauftritten Dritter stellen keine Zustimmung zu deren Inhalten durch den Herausgeber dar.<\/p>\n<p>F\u00fcr die Inhalte der externen Links sind die jeweiligen Anbieter oder Betreiber (Urheber) der Seiten verantwortlich. Mit den Links zu anderen Internetauftritten wird den Nutzern lediglich der Zugang zur Nutzung der Inhalte vermittelt.<\/p>\n<p>Die externen Links wurden zum Zeitpunkt der Linksetzung nach bestem Wissen und Gewissen auf eventuelle Rechtsverst\u00f6\u00dfe \u00fcberpr\u00fcft. Eine st\u00e4ndige inhaltliche \u00dcberpr\u00fcfung der externen Links ist ohne konkrete Anhaltspunkte einer Rechtsverletzung nicht m\u00f6glich. Bei Verlinkungen auf die Webseiten Dritter, die au\u00dferhalb des Verantwortungsbereichs des Herausgebers liegen, w\u00fcrde eine Haftungsverpflichtung nur bestehen, wenn der Herausgeber von den rechtswidrigen Inhalten Kenntnis erlangen und es technisch m\u00f6glich und zumutbar w\u00e4re, die Nutzung dieser Inhalte zu verhindern. Sollten Sie der Ansicht sein, dass die verlinkten externen Seiten gegen geltendes Recht versto\u00dfen oder sonst unangemessene Inhalte haben, so teilen Sie uns dies bitte mit.<\/p>\n","protected":false},"excerpt":{"rendered":"<p>Herausgeber Land Th\u00fcringen Vertreten durch die Staatliche Grundschule \u201eAm Hahnberg\u201c Oepfershausen Schlossstra\u00dfe 64 98634 Wasungen OT Oepfershausen Telefon-Nr. (036940) 50390 Telefax-Nr. (036940) 50116 E-Mail: info@gs-oepfershausen.de Vertretungsberechtigt: Nicole Kirchner, gs-oepfershausen@lra-sm.de Redaktionell verantwortlich f\u00fcr die Inhalte der Website Nicole Kirchner Schulleitung Telefon: (036940) 50390 E-Mail: info@gs-oepfershausen.de \u00a0 Datenschutzerkl\u00e4rung 1. Verantwortlicher und Datenschutzbeauftragter 1.1 Verantwortlicher gem. Art. 4 [&hellip;]<\/p>\n","protected":false},"author":7,"featured_media":0,"parent":0,"menu_order":700,"comment_status":"open","ping_status":"closed","template":"","meta":{"footnotes":""},"class_list":["post-233","page","type-page","status-publish","hentry"],"yoast_head":"<!-- This site is optimized with the Yoast SEO plugin v27.4 - https:\/\/yoast.com\/product\/yoast-seo-wordpress\/ -->\n<title>Impressum\/Datenschutz - Grundschule Oepfershausen<\/title>\n<meta name=\"robots\" content=\"index, follow, max-snippet:-1, max-image-preview:large, max-video-preview:-1\" \/>\n<link rel=\"canonical\" href=\"https:\/\/www.gs-oepfershausen.de\/?page_id=233\" \/>\n<meta property=\"og:locale\" content=\"de_DE\" \/>\n<meta property=\"og:type\" content=\"article\" \/>\n<meta property=\"og:title\" content=\"Impressum\/Datenschutz - Grundschule Oepfershausen\" \/>\n<meta property=\"og:description\" content=\"Herausgeber Land Th\u00fcringen Vertreten durch die Staatliche Grundschule \u201eAm Hahnberg\u201c Oepfershausen Schlossstra\u00dfe 64 98634 Wasungen OT Oepfershausen Telefon-Nr. (036940) 50390 Telefax-Nr. (036940) 50116 E-Mail: info@gs-oepfershausen.de Vertretungsberechtigt: Nicole Kirchner, gs-oepfershausen@lra-sm.de Redaktionell verantwortlich f\u00fcr die Inhalte der Website Nicole Kirchner Schulleitung Telefon: (036940) 50390 E-Mail: info@gs-oepfershausen.de \u00a0 Datenschutzerkl\u00e4rung 1. Verantwortlicher und Datenschutzbeauftragter 1.1 Verantwortlicher gem. Art. 4 [&hellip;]\" \/>\n<meta property=\"og:url\" content=\"https:\/\/www.gs-oepfershausen.de\/?page_id=233\" \/>\n<meta property=\"og:site_name\" content=\"Grundschule Oepfershausen\" \/>\n<meta property=\"article:modified_time\" content=\"2023-10-24T08:07:38+00:00\" \/>\n<meta name=\"twitter:card\" content=\"summary_large_image\" \/>\n<meta name=\"twitter:label1\" content=\"Gesch\u00e4tzte Lesezeit\" \/>\n\t<meta name=\"twitter:data1\" content=\"5\u00a0Minuten\" \/>\n<script type=\"application\/ld+json\" class=\"yoast-schema-graph\">{\"@context\":\"https:\\\/\\\/schema.org\",\"@graph\":[{\"@type\":\"WebPage\",\"@id\":\"https:\\\/\\\/www.gs-oepfershausen.de\\\/?page_id=233\",\"url\":\"https:\\\/\\\/www.gs-oepfershausen.de\\\/?page_id=233\",\"name\":\"Impressum\\\/Datenschutz - Grundschule Oepfershausen\",\"isPartOf\":{\"@id\":\"https:\\\/\\\/www.gs-oepfershausen.de\\\/#website\"},\"datePublished\":\"2015-06-24T15:13:44+00:00\",\"dateModified\":\"2023-10-24T08:07:38+00:00\",\"breadcrumb\":{\"@id\":\"https:\\\/\\\/www.gs-oepfershausen.de\\\/?page_id=233#breadcrumb\"},\"inLanguage\":\"de\",\"potentialAction\":[{\"@type\":\"ReadAction\",\"target\":[\"https:\\\/\\\/www.gs-oepfershausen.de\\\/?page_id=233\"]}]},{\"@type\":\"BreadcrumbList\",\"@id\":\"https:\\\/\\\/www.gs-oepfershausen.de\\\/?page_id=233#breadcrumb\",\"itemListElement\":[{\"@type\":\"ListItem\",\"position\":1,\"name\":\"Home\",\"item\":\"https:\\\/\\\/www.gs-oepfershausen.de\\\/\"},{\"@type\":\"ListItem\",\"position\":2,\"name\":\"Impressum\\\/Datenschutz\"}]},{\"@type\":\"WebSite\",\"@id\":\"https:\\\/\\\/www.gs-oepfershausen.de\\\/#website\",\"url\":\"https:\\\/\\\/www.gs-oepfershausen.de\\\/\",\"name\":\"Grundschule Oepfershausen\",\"description\":\"\",\"potentialAction\":[{\"@type\":\"SearchAction\",\"target\":{\"@type\":\"EntryPoint\",\"urlTemplate\":\"https:\\\/\\\/www.gs-oepfershausen.de\\\/?s={search_term_string}\"},\"query-input\":{\"@type\":\"PropertyValueSpecification\",\"valueRequired\":true,\"valueName\":\"search_term_string\"}}],\"inLanguage\":\"de\"}]}<\/script>\n<!-- \/ Yoast SEO plugin. -->","yoast_head_json":{"title":"Impressum\/Datenschutz - Grundschule Oepfershausen","robots":{"index":"index","follow":"follow","max-snippet":"max-snippet:-1","max-image-preview":"max-image-preview:large","max-video-preview":"max-video-preview:-1"},"canonical":"https:\/\/www.gs-oepfershausen.de\/?page_id=233","og_locale":"de_DE","og_type":"article","og_title":"Impressum\/Datenschutz - Grundschule Oepfershausen","og_description":"Herausgeber Land Th\u00fcringen Vertreten durch die Staatliche Grundschule \u201eAm Hahnberg\u201c Oepfershausen Schlossstra\u00dfe 64 98634 Wasungen OT Oepfershausen Telefon-Nr. (036940) 50390 Telefax-Nr. (036940) 50116 E-Mail: info@gs-oepfershausen.de Vertretungsberechtigt: Nicole Kirchner, gs-oepfershausen@lra-sm.de Redaktionell verantwortlich f\u00fcr die Inhalte der Website Nicole Kirchner Schulleitung Telefon: (036940) 50390 E-Mail: info@gs-oepfershausen.de \u00a0 Datenschutzerkl\u00e4rung 1. Verantwortlicher und Datenschutzbeauftragter 1.1 Verantwortlicher gem. Art. 4 [&hellip;]","og_url":"https:\/\/www.gs-oepfershausen.de\/?page_id=233","og_site_name":"Grundschule Oepfershausen","article_modified_time":"2023-10-24T08:07:38+00:00","twitter_card":"summary_large_image","twitter_misc":{"Gesch\u00e4tzte Lesezeit":"5\u00a0Minuten"},"schema":{"@context":"https:\/\/schema.org","@graph":[{"@type":"WebPage","@id":"https:\/\/www.gs-oepfershausen.de\/?page_id=233","url":"https:\/\/www.gs-oepfershausen.de\/?page_id=233","name":"Impressum\/Datenschutz - Grundschule Oepfershausen","isPartOf":{"@id":"https:\/\/www.gs-oepfershausen.de\/#website"},"datePublished":"2015-06-24T15:13:44+00:00","dateModified":"2023-10-24T08:07:38+00:00","breadcrumb":{"@id":"https:\/\/www.gs-oepfershausen.de\/?page_id=233#breadcrumb"},"inLanguage":"de","potentialAction":[{"@type":"ReadAction","target":["https:\/\/www.gs-oepfershausen.de\/?page_id=233"]}]},{"@type":"BreadcrumbList","@id":"https:\/\/www.gs-oepfershausen.de\/?page_id=233#breadcrumb","itemListElement":[{"@type":"ListItem","position":1,"name":"Home","item":"https:\/\/www.gs-oepfershausen.de\/"},{"@type":"ListItem","position":2,"name":"Impressum\/Datenschutz"}]},{"@type":"WebSite","@id":"https:\/\/www.gs-oepfershausen.de\/#website","url":"https:\/\/www.gs-oepfershausen.de\/","name":"Grundschule Oepfershausen","description":"","potentialAction":[{"@type":"SearchAction","target":{"@type":"EntryPoint","urlTemplate":"https:\/\/www.gs-oepfershausen.de\/?s={search_term_string}"},"query-input":{"@type":"PropertyValueSpecification","valueRequired":true,"valueName":"search_term_string"}}],"inLanguage":"de"}]}},"_links":{"self":[{"href":"https:\/\/www.gs-oepfershausen.de\/index.php?rest_route=\/wp\/v2\/pages\/233","targetHints":{"allow":["GET"]}}],"collection":[{"href":"https:\/\/www.gs-oepfershausen.de\/index.php?rest_route=\/wp\/v2\/pages"}],"about":[{"href":"https:\/\/www.gs-oepfershausen.de\/index.php?rest_route=\/wp\/v2\/types\/page"}],"author":[{"embeddable":true,"href":"https:\/\/www.gs-oepfershausen.de\/index.php?rest_route=\/wp\/v2\/users\/7"}],"replies":[{"embeddable":true,"href":"https:\/\/www.gs-oepfershausen.de\/index.php?rest_route=%2Fwp%2Fv2%2Fcomments&post=233"}],"version-history":[{"count":36,"href":"https:\/\/www.gs-oepfershausen.de\/index.php?rest_route=\/wp\/v2\/pages\/233\/revisions"}],"predecessor-version":[{"id":8821,"href":"https:\/\/www.gs-oepfershausen.de\/index.php?rest_route=\/wp\/v2\/pages\/233\/revisions\/8821"}],"wp:attachment":[{"href":"https:\/\/www.gs-oepfershausen.de\/index.php?rest_route=%2Fwp%2Fv2%2Fmedia&parent=233"}],"curies":[{"name":"wp","href":"https:\/\/api.w.org\/{rel}","templated":true}]}}