{"id":11564,"date":"2025-11-19T17:50:21","date_gmt":"2025-11-19T15:50:21","guid":{"rendered":"https:\/\/www.gs-oepfershausen.de\/?page_id=11564"},"modified":"2026-03-12T11:46:25","modified_gmt":"2026-03-12T09:46:25","slug":"schuljahr-2025-26","status":"publish","type":"page","link":"https:\/\/www.gs-oepfershausen.de\/?page_id=11564","title":{"rendered":"Schuljahr 2025 \/ 26"},"content":{"rendered":"<h2>Arbeitsgemeinschaften im Schuljahr 2025 \/ 26<\/h2>\n\n<table id=\"tablepress-27\" class=\"tablepress tablepress-id-27\">\n<thead>\n<tr class=\"row-1\">\n\t<th class=\"column-1\">Arbeitsgemeinschaft<\/th><th class=\"column-2\">Angebot f\u00fcr Klasse<\/th>\n<\/tr>\n<\/thead>\n<tbody class=\"row-striping row-hover\">\n<tr class=\"row-2\">\n\t<td class=\"column-1\">\u201eEnglisch f\u00fcr Minis\u201c<\/td><td class=\"column-2\">2a und 2b<\/td>\n<\/tr>\n<tr class=\"row-3\">\n\t<td class=\"column-1\">\u201eEnglisch f\u00fcr die Gro\u00dfen\u201c<\/td><td class=\"column-2\">4<\/td>\n<\/tr>\n<tr class=\"row-4\">\n\t<td class=\"column-1\">\u201eKampfsport \u2013 Selbstverteidigung\u201c<\/td><td class=\"column-2\">3 und 4<\/td>\n<\/tr>\n<tr class=\"row-5\">\n\t<td class=\"column-1\">\u201eGarten\u201c<\/td><td class=\"column-2\">4<\/td>\n<\/tr>\n<tr class=\"row-6\">\n\t<td class=\"column-1\">\u201eSport und Spiel\u201c<\/td><td class=\"column-2\">1, 2 und 4<\/td>\n<\/tr>\n<tr class=\"row-7\">\n\t<td class=\"column-1\">\u201eKreativ\u201c<\/td><td class=\"column-2\">2a und 2b<\/td>\n<\/tr>\n<tr class=\"row-8\">\n\t<td class=\"column-1\">\u201eKochen und Backen\u201c<\/td><td class=\"column-2\">2b (2. HJ 2a)<\/td>\n<\/tr>\n<tr class=\"row-9\">\n\t<td class=\"column-1\">\u201eFeuerwehr\u201c<\/td><td class=\"column-2\">1 und 2<\/td>\n<\/tr>\n<tr class=\"row-10\">\n\t<td class=\"column-1\">\u201eFu\u00dfball\u201c<\/td><td class=\"column-2\">1, 2, 3 und 4<\/td>\n<\/tr>\n<tr class=\"row-11\">\n\t<td class=\"column-1\">\u201eTheater\u201c<\/td><td class=\"column-2\">3<\/td>\n<\/tr>\n<tr class=\"row-12\">\n\t<td class=\"column-1\">\u201eMutmacher\u201c<\/td><td class=\"column-2\">1 und 2<\/td>\n<\/tr>\n<\/tbody>\n<\/table>\n<!-- #tablepress-27 from cache -->\n<p>Informationen zu gew\u00fcnschten Gruppenst\u00e4rken und Kursleitern finden Sie im <a href=\"https:\/\/www.gs-oepfershausen.de\/wp-content\/uploads\/2025\/09\/AG-Angebot-25-26.pdf\">Elternbrief<\/a>, der zu Beginn des Schuljahres verschickt wurde.<\/p>\n<hr \/>\n<h3><strong><u>Englisch f\u00fcr Minis und die Gro\u00dfen<\/u><\/strong><\/h3>\n<p>&nbsp;<\/p>\n<p>&nbsp;<\/p>\n<hr \/>\n<h3><span style=\"color: #808000;\"><strong><u>Garten-AG<\/u><\/strong><\/span><\/h3>\n<p>Auch in diesem Schuljahr wird unter Anleitung von Frau He\u00df wieder flei\u00dfig im Schulgarten, im Gew\u00e4chshaus und auf den gr\u00fcnen Fl\u00e4chen des Schulgel\u00e4ndes gezupft, gegraben und gepflanzt.<\/p>\n<p>&nbsp;<\/p>\n<hr \/>\n<p>&nbsp;<\/p>\n<h3><span style=\"color: #ff0000;\"><strong><u>Mutmacher-AG<\/u><\/strong><\/span><\/h3>\n<p>Auch in diesem Jahr gibt es wieder Kinder, die sich in dieser Arbeitsgemeinschaft zusammenfinden. Hier lernen die Grundsch\u00fcler unter anderem Gef\u00fchle zu benennen, sie zu erkennen und zu akzeptieren. Der Umgang mit ihnen wird spielerisch erkundet.<br \/>\nAls ein H\u00f6hepunkt des 1. Halbjahres ist eine Auff\u00fchrung zur Er\u00f6ffnung des Weihnachtsmarktes in der Oepfersh\u00e4user Kirche zu sehen. Frau Lawin verfasste zu diesem Anlass eine Geschichte und die AG-Teilnehmer nahmen allen Mut zusammen und pr\u00e4sentierten sich bestens.<\/p>\n","protected":false},"excerpt":{"rendered":"<p>Arbeitsgemeinschaften im Schuljahr 2025 \/ 26 Informationen zu gew\u00fcnschten Gruppenst\u00e4rken und Kursleitern finden Sie im Elternbrief, der zu Beginn des Schuljahres verschickt wurde. Englisch f\u00fcr Minis und die Gro\u00dfen &nbsp; &nbsp; Garten-AG Auch in diesem Schuljahr wird unter Anleitung von Frau He\u00df wieder flei\u00dfig im Schulgarten, im Gew\u00e4chshaus und auf den gr\u00fcnen Fl\u00e4chen des Schulgel\u00e4ndes [&hellip;]<\/p>\n","protected":false},"author":7,"featured_media":0,"parent":8777,"menu_order":1,"comment_status":"closed","ping_status":"closed","template":"","meta":{"footnotes":""},"class_list":["post-11564","page","type-page","status-publish","hentry"],"yoast_head":"<!-- This site is optimized with the Yoast SEO plugin v27.3 - https:\/\/yoast.com\/product\/yoast-seo-wordpress\/ -->\n<title>Schuljahr 2025 \/ 26 - Grundschule Oepfershausen<\/title>\n<meta name=\"robots\" content=\"index, follow, max-snippet:-1, max-image-preview:large, max-video-preview:-1\" \/>\n<link rel=\"canonical\" href=\"https:\/\/www.gs-oepfershausen.de\/?page_id=11564\" \/>\n<meta property=\"og:locale\" content=\"de_DE\" \/>\n<meta property=\"og:type\" content=\"article\" \/>\n<meta property=\"og:title\" content=\"Schuljahr 2025 \/ 26 - Grundschule Oepfershausen\" \/>\n<meta property=\"og:description\" content=\"Arbeitsgemeinschaften im Schuljahr 2025 \/ 26 Informationen zu gew\u00fcnschten Gruppenst\u00e4rken und Kursleitern finden Sie im Elternbrief, der zu Beginn des Schuljahres verschickt wurde. Englisch f\u00fcr Minis und die Gro\u00dfen &nbsp; &nbsp; Garten-AG Auch in diesem Schuljahr wird unter Anleitung von Frau He\u00df wieder flei\u00dfig im Schulgarten, im Gew\u00e4chshaus und auf den gr\u00fcnen Fl\u00e4chen des Schulgel\u00e4ndes [&hellip;]\" \/>\n<meta property=\"og:url\" content=\"https:\/\/www.gs-oepfershausen.de\/?page_id=11564\" \/>\n<meta property=\"og:site_name\" content=\"Grundschule Oepfershausen\" \/>\n<meta property=\"article:modified_time\" content=\"2026-03-12T09:46:25+00:00\" \/>\n<meta name=\"twitter:card\" content=\"summary_large_image\" \/>\n<meta name=\"twitter:label1\" content=\"Gesch\u00e4tzte Lesezeit\" \/>\n\t<meta name=\"twitter:data1\" content=\"1\u00a0Minute\" \/>\n<script type=\"application\/ld+json\" class=\"yoast-schema-graph\">{\"@context\":\"https:\\\/\\\/schema.org\",\"@graph\":[{\"@type\":\"WebPage\",\"@id\":\"https:\\\/\\\/www.gs-oepfershausen.de\\\/?page_id=11564\",\"url\":\"https:\\\/\\\/www.gs-oepfershausen.de\\\/?page_id=11564\",\"name\":\"Schuljahr 2025 \\\/ 26 - Grundschule Oepfershausen\",\"isPartOf\":{\"@id\":\"https:\\\/\\\/www.gs-oepfershausen.de\\\/#website\"},\"datePublished\":\"2025-11-19T15:50:21+00:00\",\"dateModified\":\"2026-03-12T09:46:25+00:00\",\"breadcrumb\":{\"@id\":\"https:\\\/\\\/www.gs-oepfershausen.de\\\/?page_id=11564#breadcrumb\"},\"inLanguage\":\"de\",\"potentialAction\":[{\"@type\":\"ReadAction\",\"target\":[\"https:\\\/\\\/www.gs-oepfershausen.de\\\/?page_id=11564\"]}]},{\"@type\":\"BreadcrumbList\",\"@id\":\"https:\\\/\\\/www.gs-oepfershausen.de\\\/?page_id=11564#breadcrumb\",\"itemListElement\":[{\"@type\":\"ListItem\",\"position\":1,\"name\":\"Home\",\"item\":\"https:\\\/\\\/www.gs-oepfershausen.de\\\/\"},{\"@type\":\"ListItem\",\"position\":2,\"name\":\"Schulleben\",\"item\":\"https:\\\/\\\/www.gs-oepfershausen.de\\\/?page_id=235\"},{\"@type\":\"ListItem\",\"position\":3,\"name\":\"Arbeitsgemeinschaften\",\"item\":\"https:\\\/\\\/www.gs-oepfershausen.de\\\/?page_id=8777\"},{\"@type\":\"ListItem\",\"position\":4,\"name\":\"Schuljahr 2025 \\\/ 26\"}]},{\"@type\":\"WebSite\",\"@id\":\"https:\\\/\\\/www.gs-oepfershausen.de\\\/#website\",\"url\":\"https:\\\/\\\/www.gs-oepfershausen.de\\\/\",\"name\":\"Grundschule Oepfershausen\",\"description\":\"\",\"potentialAction\":[{\"@type\":\"SearchAction\",\"target\":{\"@type\":\"EntryPoint\",\"urlTemplate\":\"https:\\\/\\\/www.gs-oepfershausen.de\\\/?s={search_term_string}\"},\"query-input\":{\"@type\":\"PropertyValueSpecification\",\"valueRequired\":true,\"valueName\":\"search_term_string\"}}],\"inLanguage\":\"de\"}]}<\/script>\n<!-- \/ Yoast SEO plugin. -->","yoast_head_json":{"title":"Schuljahr 2025 \/ 26 - Grundschule Oepfershausen","robots":{"index":"index","follow":"follow","max-snippet":"max-snippet:-1","max-image-preview":"max-image-preview:large","max-video-preview":"max-video-preview:-1"},"canonical":"https:\/\/www.gs-oepfershausen.de\/?page_id=11564","og_locale":"de_DE","og_type":"article","og_title":"Schuljahr 2025 \/ 26 - Grundschule Oepfershausen","og_description":"Arbeitsgemeinschaften im Schuljahr 2025 \/ 26 Informationen zu gew\u00fcnschten Gruppenst\u00e4rken und Kursleitern finden Sie im Elternbrief, der zu Beginn des Schuljahres verschickt wurde. Englisch f\u00fcr Minis und die Gro\u00dfen &nbsp; &nbsp; Garten-AG Auch in diesem Schuljahr wird unter Anleitung von Frau He\u00df wieder flei\u00dfig im Schulgarten, im Gew\u00e4chshaus und auf den gr\u00fcnen Fl\u00e4chen des Schulgel\u00e4ndes [&hellip;]","og_url":"https:\/\/www.gs-oepfershausen.de\/?page_id=11564","og_site_name":"Grundschule Oepfershausen","article_modified_time":"2026-03-12T09:46:25+00:00","twitter_card":"summary_large_image","twitter_misc":{"Gesch\u00e4tzte Lesezeit":"1\u00a0Minute"},"schema":{"@context":"https:\/\/schema.org","@graph":[{"@type":"WebPage","@id":"https:\/\/www.gs-oepfershausen.de\/?page_id=11564","url":"https:\/\/www.gs-oepfershausen.de\/?page_id=11564","name":"Schuljahr 2025 \/ 26 - Grundschule Oepfershausen","isPartOf":{"@id":"https:\/\/www.gs-oepfershausen.de\/#website"},"datePublished":"2025-11-19T15:50:21+00:00","dateModified":"2026-03-12T09:46:25+00:00","breadcrumb":{"@id":"https:\/\/www.gs-oepfershausen.de\/?page_id=11564#breadcrumb"},"inLanguage":"de","potentialAction":[{"@type":"ReadAction","target":["https:\/\/www.gs-oepfershausen.de\/?page_id=11564"]}]},{"@type":"BreadcrumbList","@id":"https:\/\/www.gs-oepfershausen.de\/?page_id=11564#breadcrumb","itemListElement":[{"@type":"ListItem","position":1,"name":"Home","item":"https:\/\/www.gs-oepfershausen.de\/"},{"@type":"ListItem","position":2,"name":"Schulleben","item":"https:\/\/www.gs-oepfershausen.de\/?page_id=235"},{"@type":"ListItem","position":3,"name":"Arbeitsgemeinschaften","item":"https:\/\/www.gs-oepfershausen.de\/?page_id=8777"},{"@type":"ListItem","position":4,"name":"Schuljahr 2025 \/ 26"}]},{"@type":"WebSite","@id":"https:\/\/www.gs-oepfershausen.de\/#website","url":"https:\/\/www.gs-oepfershausen.de\/","name":"Grundschule Oepfershausen","description":"","potentialAction":[{"@type":"SearchAction","target":{"@type":"EntryPoint","urlTemplate":"https:\/\/www.gs-oepfershausen.de\/?s={search_term_string}"},"query-input":{"@type":"PropertyValueSpecification","valueRequired":true,"valueName":"search_term_string"}}],"inLanguage":"de"}]}},"_links":{"self":[{"href":"https:\/\/www.gs-oepfershausen.de\/index.php?rest_route=\/wp\/v2\/pages\/11564","targetHints":{"allow":["GET"]}}],"collection":[{"href":"https:\/\/www.gs-oepfershausen.de\/index.php?rest_route=\/wp\/v2\/pages"}],"about":[{"href":"https:\/\/www.gs-oepfershausen.de\/index.php?rest_route=\/wp\/v2\/types\/page"}],"author":[{"embeddable":true,"href":"https:\/\/www.gs-oepfershausen.de\/index.php?rest_route=\/wp\/v2\/users\/7"}],"replies":[{"embeddable":true,"href":"https:\/\/www.gs-oepfershausen.de\/index.php?rest_route=%2Fwp%2Fv2%2Fcomments&post=11564"}],"version-history":[{"count":8,"href":"https:\/\/www.gs-oepfershausen.de\/index.php?rest_route=\/wp\/v2\/pages\/11564\/revisions"}],"predecessor-version":[{"id":11933,"href":"https:\/\/www.gs-oepfershausen.de\/index.php?rest_route=\/wp\/v2\/pages\/11564\/revisions\/11933"}],"up":[{"embeddable":true,"href":"https:\/\/www.gs-oepfershausen.de\/index.php?rest_route=\/wp\/v2\/pages\/8777"}],"wp:attachment":[{"href":"https:\/\/www.gs-oepfershausen.de\/index.php?rest_route=%2Fwp%2Fv2%2Fmedia&parent=11564"}],"curies":[{"name":"wp","href":"https:\/\/api.w.org\/{rel}","templated":true}]}}