{"id":1006,"date":"2016-09-14T08:53:39","date_gmt":"2016-09-14T06:53:39","guid":{"rendered":"http:\/\/www.gs-oepfershausen.de\/?page_id=1006"},"modified":"2024-08-14T13:11:44","modified_gmt":"2024-08-14T11:11:44","slug":"hoehepunkte","status":"publish","type":"page","link":"https:\/\/www.gs-oepfershausen.de\/?page_id=1006","title":{"rendered":"H\u00f6hepunkte aus den vergangenen Jahren!"},"content":{"rendered":"\r\n<p><strong>An unserer Grundschule finden \u00fcber das gesamte Schuljahr hinweg immer wieder tolle Aktionen statt.<\/strong><\/p>\r\n\r\n\r\n\r\n<p>Wir laden uns beispielsweise Sportler ein, die mit den Grundsch\u00fclern das Fahren auf Inlinern trainieren oder Handball spielen.<br \/>Kinderbuchautoren kommen zum Bundesweiten Vorlesetag und pr\u00e4sentieren ihre Werke, die dann anschlie\u00dfend in der schuleigenen Bibliothek ausgeliehen und selbst gelesen werden k\u00f6nnen.<\/p>\r\n\r\n\r\n\r\n<p>&nbsp;<\/p>\r\n\r\n\r\n\r\n<p>.<\/p>\r\n\r\n\r\n\r\n<p>&nbsp;<\/p>\r\n\r\n\r\n\r\n<figure class=\"wp-block-gallery columns-2 is-cropped wp-block-gallery-1 is-layout-flex wp-block-gallery-is-layout-flex\">\r\n<ul class=\"blocks-gallery-grid\">\r\n<li class=\"blocks-gallery-item\">\r\n<figure><img loading=\"lazy\" decoding=\"async\" width=\"1024\" height=\"682\" class=\"wp-image-3574\" src=\"https:\/\/www.gs-oepfershausen.de\/wp-content\/uploads\/2019\/11\/IMGP0012-1024x682.jpg\" alt=\"\" data-id=\"3574\" data-link=\"https:\/\/www.gs-oepfershausen.de\/?attachment_id=3574\" srcset=\"https:\/\/www.gs-oepfershausen.de\/wp-content\/uploads\/2019\/11\/IMGP0012-1024x682.jpg 1024w, https:\/\/www.gs-oepfershausen.de\/wp-content\/uploads\/2019\/11\/IMGP0012-300x200.jpg 300w\" sizes=\"auto, (max-width: 1024px) 100vw, 1024px\" \/>\r\n<figcaption class=\"blocks-gallery-item__caption\">2016 Handballtag<\/figcaption>\r\n<\/figure>\r\n<\/li>\r\n<li class=\"blocks-gallery-item\">\r\n<figure><img loading=\"lazy\" decoding=\"async\" width=\"1024\" height=\"576\" class=\"wp-image-3579\" src=\"https:\/\/www.gs-oepfershausen.de\/wp-content\/uploads\/2019\/11\/DSC_0418-1024x576.jpg\" alt=\"\" data-id=\"3579\" data-link=\"https:\/\/www.gs-oepfershausen.de\/?attachment_id=3579\" srcset=\"https:\/\/www.gs-oepfershausen.de\/wp-content\/uploads\/2019\/11\/DSC_0418-1024x576.jpg 1024w, https:\/\/www.gs-oepfershausen.de\/wp-content\/uploads\/2019\/11\/DSC_0418-300x169.jpg 300w\" sizes=\"auto, (max-width: 1024px) 100vw, 1024px\" \/>\r\n<figcaption class=\"blocks-gallery-item__caption\">Vorlesetag der Klasse 1 2017\/18 im Kindergarten<\/figcaption>\r\n<\/figure>\r\n<\/li>\r\n<\/ul>\r\n<\/figure>\r\n\r\n\r\n\r\n<p>Vor den Herbst-, Weihnachts- und Osterferien finden schon seit vielen Jahren immer wieder Projekttage statt. An diesen Tagen besuchen uns stets viele flei\u00dfige Helfer aus den Familien aber auch Partner unserer Grundschule, um zu basteln, mit Holz und anderen Materialien tolle Dinge zu gestalten, Apfelsaft herzustellen, Essen zu bereiten und vieles andere mehr.<\/p>\r\n\r\n\r\n\r\n<p>&nbsp;<\/p>\r\n\r\n\r\n\r\n<figure class=\"wp-block-gallery columns-3 is-cropped wp-block-gallery-2 is-layout-flex wp-block-gallery-is-layout-flex\">\r\n<ul class=\"blocks-gallery-grid\">\r\n<li class=\"blocks-gallery-item\">\r\n<figure><img loading=\"lazy\" decoding=\"async\" width=\"1024\" height=\"683\" class=\"wp-image-3588\" src=\"https:\/\/www.gs-oepfershausen.de\/wp-content\/uploads\/2019\/11\/IMGP00130-1024x683.jpg\" alt=\"\" data-id=\"3588\" data-full-url=\"https:\/\/www.gs-oepfershausen.de\/wp-content\/uploads\/2019\/11\/IMGP00130.jpg\" data-link=\"https:\/\/www.gs-oepfershausen.de\/?attachment_id=3588\" srcset=\"https:\/\/www.gs-oepfershausen.de\/wp-content\/uploads\/2019\/11\/IMGP00130-1024x683.jpg 1024w, https:\/\/www.gs-oepfershausen.de\/wp-content\/uploads\/2019\/11\/IMGP00130-300x200.jpg 300w\" sizes=\"auto, (max-width: 1024px) 100vw, 1024px\" \/>\r\n<figcaption class=\"blocks-gallery-item__caption\">2014 Projekttag Ostern<\/figcaption>\r\n<\/figure>\r\n<\/li>\r\n<li class=\"blocks-gallery-item\">\r\n<figure><img loading=\"lazy\" decoding=\"async\" width=\"1024\" height=\"682\" class=\"wp-image-3591\" src=\"https:\/\/www.gs-oepfershausen.de\/wp-content\/uploads\/2019\/11\/IMGP02540-1024x682.jpg\" alt=\"\" data-id=\"3591\" data-full-url=\"https:\/\/www.gs-oepfershausen.de\/wp-content\/uploads\/2019\/11\/IMGP02540.jpg\" data-link=\"https:\/\/www.gs-oepfershausen.de\/?attachment_id=3591\" srcset=\"https:\/\/www.gs-oepfershausen.de\/wp-content\/uploads\/2019\/11\/IMGP02540-1024x682.jpg 1024w, https:\/\/www.gs-oepfershausen.de\/wp-content\/uploads\/2019\/11\/IMGP02540-300x200.jpg 300w, https:\/\/www.gs-oepfershausen.de\/wp-content\/uploads\/2019\/11\/IMGP02540.jpg 1832w\" sizes=\"auto, (max-width: 1024px) 100vw, 1024px\" \/>\r\n<figcaption class=\"blocks-gallery-item__caption\">2019 Projekttag Ostern<\/figcaption>\r\n<\/figure>\r\n<\/li>\r\n<li class=\"blocks-gallery-item\">\r\n<figure><img loading=\"lazy\" decoding=\"async\" width=\"1024\" height=\"682\" class=\"wp-image-3592\" src=\"https:\/\/www.gs-oepfershausen.de\/wp-content\/uploads\/2019\/11\/IMGP03290-1024x682.jpg\" alt=\"\" data-id=\"3592\" data-full-url=\"https:\/\/www.gs-oepfershausen.de\/wp-content\/uploads\/2019\/11\/IMGP03290.jpg\" data-link=\"https:\/\/www.gs-oepfershausen.de\/?attachment_id=3592\" srcset=\"https:\/\/www.gs-oepfershausen.de\/wp-content\/uploads\/2019\/11\/IMGP03290-1024x682.jpg 1024w, https:\/\/www.gs-oepfershausen.de\/wp-content\/uploads\/2019\/11\/IMGP03290-300x200.jpg 300w, https:\/\/www.gs-oepfershausen.de\/wp-content\/uploads\/2019\/11\/IMGP03290.jpg 1832w\" sizes=\"auto, (max-width: 1024px) 100vw, 1024px\" \/>\r\n<figcaption class=\"blocks-gallery-item__caption\">2018 Projekttag Weihnachten<\/figcaption>\r\n<\/figure>\r\n<\/li>\r\n<\/ul>\r\n<\/figure>\r\n\r\n\r\n\r\n<p>&nbsp;<\/p>\r\n\r\n\r\n\r\n<p>&nbsp;<\/p>\r\n\r\n\r\n\r\n<p>&nbsp;<\/p>\r\n\r\n\r\n\r\n<p>&nbsp;<\/p>\r\n\r\n\r\n\r\n<p>&nbsp;<\/p>\r\n\r\n\r\n\r\n<p>&nbsp;<\/p>\r\n\r\n\r\n\r\n<p>&nbsp;<\/p>\r\n\r\n\r\n\r\n<figure class=\"wp-block-gallery columns-0 is-cropped wp-block-gallery-3 is-layout-flex wp-block-gallery-is-layout-flex\"><\/figure>\r\n\r\n\r\n\r\n<p>Vor den Sommerferien finden so viele verschiedene Aktivit\u00e4ten statt, dass diese eine ganze Woche f\u00fcllen und mit dem Schulfest den H\u00f6hepunkt finden.<\/p>\r\n\r\n\r\n\r\n<p>Seit 2014 pr\u00e4sentiert sich unsere Grundschule auf dieser Homepage und l\u00e4sst alle Interessierte an den oben genannten und noch vielen weiteren besonderen Ereignissen teilhaben.<\/p>\r\n\r\n\r\n\r\n<p>Um sich einen \u00dcberblick zu verschaffen und auch Vergangenes wieder ins Ged\u00e4chtnis zu rufen, sind die Veranstaltungen nach Schuljahren geordnet und auch verschiedenen Projektpartner zugeordnet.<\/p>\r\n\r\n\r\n\r\n<p>&nbsp;<\/p>\r\n\r\n<p><strong><span style=\"color: #ff0000;\">Viel Spa\u00df beim St\u00f6bern!<\/span><\/strong><\/p>\r\n\r\n<p>&nbsp;<\/p>\r\n\r\n\r\n\r\n<p>&nbsp;<\/p>\r\n\r\n\r\n\r\n<p>&nbsp;<\/p>\r\n\r\n\r\n\r\n<p>&nbsp;<\/p>\r\n\r\n\r\n\r\n<p>&nbsp;<\/p>\r\n\r\n\r\n\r\n<p>&nbsp;<\/p>\r\n\r\n\r\n\r\n<p>&nbsp;<\/p>\r\n\r\n\r\n\r\n<p>&nbsp;<\/p>\r\n\r\n\r\n\r\n<figure class=\"wp-block-gallery columns-0 is-cropped wp-block-gallery-4 is-layout-flex wp-block-gallery-is-layout-flex\"><\/figure>\r\n\r\n\r\n\r\n<p>______________________________________________________________________________________________<\/p>\r\n\r\n\r\n\r\n<p>&nbsp;<\/p>\r\n\r\n\r\n\r\n<p>&nbsp;<\/p>\r\n","protected":false},"excerpt":{"rendered":"<p>An unserer Grundschule finden \u00fcber das gesamte Schuljahr hinweg immer wieder tolle Aktionen statt. Wir laden uns beispielsweise Sportler ein, die mit den Grundsch\u00fclern das Fahren auf Inlinern trainieren oder Handball spielen.Kinderbuchautoren kommen zum Bundesweiten Vorlesetag und pr\u00e4sentieren ihre Werke, die dann anschlie\u00dfend in der schuleigenen Bibliothek ausgeliehen und selbst gelesen werden k\u00f6nnen. &nbsp; . [&hellip;]<\/p>\n","protected":false},"author":7,"featured_media":0,"parent":235,"menu_order":2,"comment_status":"closed","ping_status":"closed","template":"","meta":{"footnotes":""},"class_list":["post-1006","page","type-page","status-publish","hentry"],"yoast_head":"<!-- This site is optimized with the Yoast SEO plugin v27.4 - https:\/\/yoast.com\/product\/yoast-seo-wordpress\/ -->\n<title>H\u00f6hepunkte aus den vergangenen Jahren! - Grundschule Oepfershausen<\/title>\n<meta name=\"robots\" content=\"index, follow, max-snippet:-1, max-image-preview:large, max-video-preview:-1\" \/>\n<link rel=\"canonical\" href=\"https:\/\/www.gs-oepfershausen.de\/?page_id=1006\" \/>\n<meta property=\"og:locale\" content=\"de_DE\" \/>\n<meta property=\"og:type\" content=\"article\" \/>\n<meta property=\"og:title\" content=\"H\u00f6hepunkte aus den vergangenen Jahren! - Grundschule Oepfershausen\" \/>\n<meta property=\"og:description\" content=\"An unserer Grundschule finden \u00fcber das gesamte Schuljahr hinweg immer wieder tolle Aktionen statt. Wir laden uns beispielsweise Sportler ein, die mit den Grundsch\u00fclern das Fahren auf Inlinern trainieren oder Handball spielen.Kinderbuchautoren kommen zum Bundesweiten Vorlesetag und pr\u00e4sentieren ihre Werke, die dann anschlie\u00dfend in der schuleigenen Bibliothek ausgeliehen und selbst gelesen werden k\u00f6nnen. &nbsp; . [&hellip;]\" \/>\n<meta property=\"og:url\" content=\"https:\/\/www.gs-oepfershausen.de\/?page_id=1006\" \/>\n<meta property=\"og:site_name\" content=\"Grundschule Oepfershausen\" \/>\n<meta property=\"article:modified_time\" content=\"2024-08-14T11:11:44+00:00\" \/>\n<meta property=\"og:image\" content=\"https:\/\/www.gs-oepfershausen.de\/wp-content\/uploads\/2019\/11\/IMGP0012-1024x682.jpg\" \/>\n<meta name=\"twitter:card\" content=\"summary_large_image\" \/>\n<meta name=\"twitter:label1\" content=\"Gesch\u00e4tzte Lesezeit\" \/>\n\t<meta name=\"twitter:data1\" content=\"1\u00a0Minute\" \/>\n<script type=\"application\/ld+json\" class=\"yoast-schema-graph\">{\"@context\":\"https:\\\/\\\/schema.org\",\"@graph\":[{\"@type\":\"WebPage\",\"@id\":\"https:\\\/\\\/www.gs-oepfershausen.de\\\/?page_id=1006\",\"url\":\"https:\\\/\\\/www.gs-oepfershausen.de\\\/?page_id=1006\",\"name\":\"H\u00f6hepunkte aus den vergangenen Jahren! - Grundschule Oepfershausen\",\"isPartOf\":{\"@id\":\"https:\\\/\\\/www.gs-oepfershausen.de\\\/#website\"},\"primaryImageOfPage\":{\"@id\":\"https:\\\/\\\/www.gs-oepfershausen.de\\\/?page_id=1006#primaryimage\"},\"image\":{\"@id\":\"https:\\\/\\\/www.gs-oepfershausen.de\\\/?page_id=1006#primaryimage\"},\"thumbnailUrl\":\"https:\\\/\\\/www.gs-oepfershausen.de\\\/wp-content\\\/uploads\\\/2019\\\/11\\\/IMGP0012-1024x682.jpg\",\"datePublished\":\"2016-09-14T06:53:39+00:00\",\"dateModified\":\"2024-08-14T11:11:44+00:00\",\"breadcrumb\":{\"@id\":\"https:\\\/\\\/www.gs-oepfershausen.de\\\/?page_id=1006#breadcrumb\"},\"inLanguage\":\"de\",\"potentialAction\":[{\"@type\":\"ReadAction\",\"target\":[\"https:\\\/\\\/www.gs-oepfershausen.de\\\/?page_id=1006\"]}]},{\"@type\":\"ImageObject\",\"inLanguage\":\"de\",\"@id\":\"https:\\\/\\\/www.gs-oepfershausen.de\\\/?page_id=1006#primaryimage\",\"url\":\"https:\\\/\\\/www.gs-oepfershausen.de\\\/wp-content\\\/uploads\\\/2019\\\/11\\\/IMGP0012.jpg\",\"contentUrl\":\"https:\\\/\\\/www.gs-oepfershausen.de\\\/wp-content\\\/uploads\\\/2019\\\/11\\\/IMGP0012.jpg\",\"width\":3664,\"height\":2442,\"caption\":\"2016 Handballtag\"},{\"@type\":\"BreadcrumbList\",\"@id\":\"https:\\\/\\\/www.gs-oepfershausen.de\\\/?page_id=1006#breadcrumb\",\"itemListElement\":[{\"@type\":\"ListItem\",\"position\":1,\"name\":\"Home\",\"item\":\"https:\\\/\\\/www.gs-oepfershausen.de\\\/\"},{\"@type\":\"ListItem\",\"position\":2,\"name\":\"Schulleben\",\"item\":\"https:\\\/\\\/www.gs-oepfershausen.de\\\/?page_id=235\"},{\"@type\":\"ListItem\",\"position\":3,\"name\":\"H\u00f6hepunkte aus den vergangenen Jahren!\"}]},{\"@type\":\"WebSite\",\"@id\":\"https:\\\/\\\/www.gs-oepfershausen.de\\\/#website\",\"url\":\"https:\\\/\\\/www.gs-oepfershausen.de\\\/\",\"name\":\"Grundschule Oepfershausen\",\"description\":\"\",\"potentialAction\":[{\"@type\":\"SearchAction\",\"target\":{\"@type\":\"EntryPoint\",\"urlTemplate\":\"https:\\\/\\\/www.gs-oepfershausen.de\\\/?s={search_term_string}\"},\"query-input\":{\"@type\":\"PropertyValueSpecification\",\"valueRequired\":true,\"valueName\":\"search_term_string\"}}],\"inLanguage\":\"de\"}]}<\/script>\n<!-- \/ Yoast SEO plugin. -->","yoast_head_json":{"title":"H\u00f6hepunkte aus den vergangenen Jahren! - Grundschule Oepfershausen","robots":{"index":"index","follow":"follow","max-snippet":"max-snippet:-1","max-image-preview":"max-image-preview:large","max-video-preview":"max-video-preview:-1"},"canonical":"https:\/\/www.gs-oepfershausen.de\/?page_id=1006","og_locale":"de_DE","og_type":"article","og_title":"H\u00f6hepunkte aus den vergangenen Jahren! - Grundschule Oepfershausen","og_description":"An unserer Grundschule finden \u00fcber das gesamte Schuljahr hinweg immer wieder tolle Aktionen statt. Wir laden uns beispielsweise Sportler ein, die mit den Grundsch\u00fclern das Fahren auf Inlinern trainieren oder Handball spielen.Kinderbuchautoren kommen zum Bundesweiten Vorlesetag und pr\u00e4sentieren ihre Werke, die dann anschlie\u00dfend in der schuleigenen Bibliothek ausgeliehen und selbst gelesen werden k\u00f6nnen. &nbsp; . [&hellip;]","og_url":"https:\/\/www.gs-oepfershausen.de\/?page_id=1006","og_site_name":"Grundschule Oepfershausen","article_modified_time":"2024-08-14T11:11:44+00:00","og_image":[{"url":"https:\/\/www.gs-oepfershausen.de\/wp-content\/uploads\/2019\/11\/IMGP0012-1024x682.jpg","type":"","width":"","height":""}],"twitter_card":"summary_large_image","twitter_misc":{"Gesch\u00e4tzte Lesezeit":"1\u00a0Minute"},"schema":{"@context":"https:\/\/schema.org","@graph":[{"@type":"WebPage","@id":"https:\/\/www.gs-oepfershausen.de\/?page_id=1006","url":"https:\/\/www.gs-oepfershausen.de\/?page_id=1006","name":"H\u00f6hepunkte aus den vergangenen Jahren! - Grundschule Oepfershausen","isPartOf":{"@id":"https:\/\/www.gs-oepfershausen.de\/#website"},"primaryImageOfPage":{"@id":"https:\/\/www.gs-oepfershausen.de\/?page_id=1006#primaryimage"},"image":{"@id":"https:\/\/www.gs-oepfershausen.de\/?page_id=1006#primaryimage"},"thumbnailUrl":"https:\/\/www.gs-oepfershausen.de\/wp-content\/uploads\/2019\/11\/IMGP0012-1024x682.jpg","datePublished":"2016-09-14T06:53:39+00:00","dateModified":"2024-08-14T11:11:44+00:00","breadcrumb":{"@id":"https:\/\/www.gs-oepfershausen.de\/?page_id=1006#breadcrumb"},"inLanguage":"de","potentialAction":[{"@type":"ReadAction","target":["https:\/\/www.gs-oepfershausen.de\/?page_id=1006"]}]},{"@type":"ImageObject","inLanguage":"de","@id":"https:\/\/www.gs-oepfershausen.de\/?page_id=1006#primaryimage","url":"https:\/\/www.gs-oepfershausen.de\/wp-content\/uploads\/2019\/11\/IMGP0012.jpg","contentUrl":"https:\/\/www.gs-oepfershausen.de\/wp-content\/uploads\/2019\/11\/IMGP0012.jpg","width":3664,"height":2442,"caption":"2016 Handballtag"},{"@type":"BreadcrumbList","@id":"https:\/\/www.gs-oepfershausen.de\/?page_id=1006#breadcrumb","itemListElement":[{"@type":"ListItem","position":1,"name":"Home","item":"https:\/\/www.gs-oepfershausen.de\/"},{"@type":"ListItem","position":2,"name":"Schulleben","item":"https:\/\/www.gs-oepfershausen.de\/?page_id=235"},{"@type":"ListItem","position":3,"name":"H\u00f6hepunkte aus den vergangenen Jahren!"}]},{"@type":"WebSite","@id":"https:\/\/www.gs-oepfershausen.de\/#website","url":"https:\/\/www.gs-oepfershausen.de\/","name":"Grundschule Oepfershausen","description":"","potentialAction":[{"@type":"SearchAction","target":{"@type":"EntryPoint","urlTemplate":"https:\/\/www.gs-oepfershausen.de\/?s={search_term_string}"},"query-input":{"@type":"PropertyValueSpecification","valueRequired":true,"valueName":"search_term_string"}}],"inLanguage":"de"}]}},"_links":{"self":[{"href":"https:\/\/www.gs-oepfershausen.de\/index.php?rest_route=\/wp\/v2\/pages\/1006","targetHints":{"allow":["GET"]}}],"collection":[{"href":"https:\/\/www.gs-oepfershausen.de\/index.php?rest_route=\/wp\/v2\/pages"}],"about":[{"href":"https:\/\/www.gs-oepfershausen.de\/index.php?rest_route=\/wp\/v2\/types\/page"}],"author":[{"embeddable":true,"href":"https:\/\/www.gs-oepfershausen.de\/index.php?rest_route=\/wp\/v2\/users\/7"}],"replies":[{"embeddable":true,"href":"https:\/\/www.gs-oepfershausen.de\/index.php?rest_route=%2Fwp%2Fv2%2Fcomments&post=1006"}],"version-history":[{"count":254,"href":"https:\/\/www.gs-oepfershausen.de\/index.php?rest_route=\/wp\/v2\/pages\/1006\/revisions"}],"predecessor-version":[{"id":6682,"href":"https:\/\/www.gs-oepfershausen.de\/index.php?rest_route=\/wp\/v2\/pages\/1006\/revisions\/6682"}],"up":[{"embeddable":true,"href":"https:\/\/www.gs-oepfershausen.de\/index.php?rest_route=\/wp\/v2\/pages\/235"}],"wp:attachment":[{"href":"https:\/\/www.gs-oepfershausen.de\/index.php?rest_route=%2Fwp%2Fv2%2Fmedia&parent=1006"}],"curies":[{"name":"wp","href":"https:\/\/api.w.org\/{rel}","templated":true}]}}